{"id":5333,"date":"2020-01-17T16:04:37","date_gmt":"2020-01-17T20:04:37","guid":{"rendered":"http:\/\/www.eclatlab.com\/noticias\/eclat-international\/"},"modified":"2021-03-01T20:28:27","modified_gmt":"2021-03-02T00:28:27","slug":"eclat-international-pr","status":"publish","type":"page","link":"http:\/\/www.eclatlab.com\/pt-br\/noticias\/eclat-international-pr\/","title":{"rendered":"Rumo \u00e0 internacionaliza\u00e7\u00e3o"},"content":{"rendered":"\n<h2><span style=\"color: #008000;\"><strong>Laboratorio Eclat se prepara para internacionaliza\u00e7\u00e3o <\/strong><\/span><\/h2>\n\n\n\n<p><\/p>\n\n\n\n<h3><strong>Participando do Programa de Acelera\u00e7\u00e3o de Neg\u00f3cios Internacionais<\/strong><\/h3>\n\n\n\n<p><\/p>\n\n\n\n<div class=\"wp-block-image\"><figure class=\"alignright is-resized\"><img decoding=\"async\" loading=\"lazy\" src=\"http:\/\/www.eclatlab.com\/wp-content\/uploads\/2019\/08\/seminario-eclat-01.jpg\" alt=\"Montreal\" width=\"269\" height=\"179\"\/><figcaption>Montreal, Quebec, Canada.<\/figcaption><\/figure><\/div>\n\n\n\n<p>O Laborat\u00f3rio \u00c9clat teve a oportunidade de participar de uma semana intensiva de trabalho que faz parte do Programa de Acelera\u00e7\u00e3o de Neg\u00f3cios Internacionais Traccel 2.4.<\/p>\n\n\n\n<p>Este semin\u00e1rio foi realizado em Montreal, Canad\u00e1, de 12 a 16 de agosto de 2019. Aproximadamente 10 empresas mexicanas estavam realizando diversos treinamentos para fortalecer os objetivos de internacionaliza\u00e7\u00e3o de curto e longo prazo de cada uma delas, independente de sua posi\u00e7\u00e3o.<\/p>\n\n\n\n<p>Este semin\u00e1rio proporcionou aos participantes ferramentas e informa\u00e7\u00f5es sobre o funcionamento do mercado canadense; al\u00e9m de estrat\u00e9gias diferenciadas para estabelecer produtos e servi\u00e7os nos mercados internacionais.<\/p>\n\n\n\n<p>Do lado mexicano, este programa conta com o apoio do Instituto Nacional do Empreendedor e da Traccel, aceleradora de neg\u00f3cios credenciada pelo pr\u00f3prio INADEM; e do lado canadense, Inno-Centre, uma aceleradora com mais de 30 anos de experi\u00eancia prestando consultoria a pequenas e m\u00e9dias empresas independente do n\u00edvel de desenvolvimento.<\/p>\n\n\n\n<p>Todas as informa\u00e7\u00f5es e experi\u00eancias que o Laboratorio Eclat obteve durante esta semana de trabalho em solo canadense ser\u00e3o colocadas em pr\u00e1tica para melhorar nossos processos e ampliar nossos horizontes.<\/p>\n\n\n\n<div class=\"wp-block-image\"><figure class=\"alignleft is-resized\"><img decoding=\"async\" loading=\"lazy\" src=\"http:\/\/www.eclatlab.com\/wp-content\/uploads\/2019\/08\/seminario-eclat-02.jpg\" alt=\"\" class=\"wp-image-4457\" width=\"266\" height=\"177\" srcset=\"http:\/\/www.eclatlab.com\/wp-content\/uploads\/2019\/08\/seminario-eclat-02.jpg 425w, http:\/\/www.eclatlab.com\/wp-content\/uploads\/2019\/08\/seminario-eclat-02-150x100.jpg 150w, http:\/\/www.eclatlab.com\/wp-content\/uploads\/2019\/08\/seminario-eclat-02-300x200.jpg 300w\" sizes=\"(max-width: 266px) 100vw, 266px\" \/><figcaption>Semin\u00e1rio de Mercado Canadense<\/figcaption><\/figure><\/div>\n\n\n\n<div class=\"wp-block-image\"><figure class=\"alignleft is-resized\"><img decoding=\"async\" loading=\"lazy\" src=\"http:\/\/www.eclatlab.com\/wp-content\/uploads\/2019\/08\/seminario-eclat-03.jpg\" alt=\"\" class=\"wp-image-4458\" width=\"263\" height=\"175\" srcset=\"http:\/\/www.eclatlab.com\/wp-content\/uploads\/2019\/08\/seminario-eclat-03.jpg 425w, http:\/\/www.eclatlab.com\/wp-content\/uploads\/2019\/08\/seminario-eclat-03-150x100.jpg 150w, http:\/\/www.eclatlab.com\/wp-content\/uploads\/2019\/08\/seminario-eclat-03-300x200.jpg 300w\" sizes=\"(max-width: 263px) 100vw, 263px\" \/><figcaption>\u00c9clat Laboratory<\/figcaption><\/figure><\/div>\n<div style=\"padding: 10px 0 \"  class=\"interactive_bottom\"><div class='button_holder_left'><iframe allowtransparency='true' frameborder='0' scrolling='no' src='\/\/platform.twitter.com\/widgets\/tweet_button.html?url=http%3A%2F%2Fwww.eclatlab.com%2Fpt-br%2Fnoticias%2Feclat-international-pr%2F&amp;text=Rumo \u00e0 internacionaliza\u00e7\u00e3o&amp;count=vertical&amp;lang=' style='width:55px; height:65px;' ><\/iframe><\/div><div class='button_holder_left'><iframe src='\/\/www.facebook.com\/plugins\/like.php?href=http%3A%2F%2Fwww.eclatlab.com%2Fpt-br%2Fnoticias%2Feclat-international-pr%2F&amp;layout=standard&amp;show_faces=false&amp;width=55&amp;action=like&amp;font=arial&amp;colorscheme=light&amp;height=31' scrolling='no' frameborder='0' style='border:none; overflow:hidden; width:55px; height:31px;' allowTransparency='true'><\/iframe><\/div><\/div>","protected":false},"excerpt":{"rendered":"<p>Laboratorio Eclat se prepara para internacionaliza\u00e7\u00e3o Participando do Programa de<a href=\"http:\/\/www.eclatlab.com\/pt-br\/noticias\/eclat-international-pr\/\" class=\"read-more\">Continue Reading<\/a><\/p>\n","protected":false},"author":1,"featured_media":0,"parent":3420,"menu_order":1,"comment_status":"closed","ping_status":"closed","template":"industries_template.php","meta":{"ngg_post_thumbnail":0},"categories":[202],"tags":[628,629,630,631,632,633,634,635,636,637,638],"_links":{"self":[{"href":"http:\/\/www.eclatlab.com\/pt-br\/wp-json\/wp\/v2\/pages\/5333"}],"collection":[{"href":"http:\/\/www.eclatlab.com\/pt-br\/wp-json\/wp\/v2\/pages"}],"about":[{"href":"http:\/\/www.eclatlab.com\/pt-br\/wp-json\/wp\/v2\/types\/page"}],"author":[{"embeddable":true,"href":"http:\/\/www.eclatlab.com\/pt-br\/wp-json\/wp\/v2\/users\/1"}],"replies":[{"embeddable":true,"href":"http:\/\/www.eclatlab.com\/pt-br\/wp-json\/wp\/v2\/comments?post=5333"}],"version-history":[{"count":0,"href":"http:\/\/www.eclatlab.com\/pt-br\/wp-json\/wp\/v2\/pages\/5333\/revisions"}],"up":[{"embeddable":true,"href":"http:\/\/www.eclatlab.com\/pt-br\/wp-json\/wp\/v2\/pages\/3420"}],"wp:attachment":[{"href":"http:\/\/www.eclatlab.com\/pt-br\/wp-json\/wp\/v2\/media?parent=5333"}],"wp:term":[{"taxonomy":"category","embeddable":true,"href":"http:\/\/www.eclatlab.com\/pt-br\/wp-json\/wp\/v2\/categories?post=5333"},{"taxonomy":"post_tag","embeddable":true,"href":"http:\/\/www.eclatlab.com\/pt-br\/wp-json\/wp\/v2\/tags?post=5333"}],"curies":[{"name":"wp","href":"https:\/\/api.w.org\/{rel}","templated":true}]}}