{"id":3500,"date":"2014-04-04T13:55:48","date_gmt":"2014-04-04T17:55:48","guid":{"rendered":"http:\/\/www.eclatlab.com\/?page_id=3500"},"modified":"2016-11-01T13:18:06","modified_gmt":"2016-11-01T17:18:06","slug":"capsaicina-melhora-a-qualidade-de-vida","status":"publish","type":"page","link":"http:\/\/www.eclatlab.com\/pt-br\/noticias\/capsaicina-melhora-a-qualidade-de-vida\/","title":{"rendered":"Capsaicina melhora a qualidade de vida"},"content":{"rendered":"<p><strong>Patch de 8% capsaicina melhora a qualidade de vida de pacientes com neuropatia associada ao HIV<\/strong><\/p>\n<p>Os estudos apresentados no Congresso Mundial de Dor tamb\u00e9m mostram que o tratamento \u00e9 eficaz no p\u00f3s-operat\u00f3rio e les\u00e3o do nervo p\u00f3s-traum\u00e1tico.<\/p>\n<p>Um estudo observacional sueco demonstrou a efic\u00e1cia e tolerabilidade do remendo capsaicina 8% em 211 pacientes n\u00e3o-diab\u00e9ticos que sofrem de diferentes tipos de dor neurop\u00e1tica perif\u00e9rica, incluindo les\u00e3o do nervo perif\u00e9rico parcial, as causas podem ser trauma ou cirurgia.<\/p>\n<p><em>08 de setembro de 2012. Leia a hist\u00f3ria completa de JANO.es (em espanhol): <a title=\"Capsaicina\" href=\"http:\/\/www.jano.es\/jano\/actualidad\/ultimas\/noticias\/janoes\/parche\/capsaicina\/8\/mejora\/calidad\/vida\/pacientes\/neuropatia\/asociada\/vih\/_f-11+iditem-17907+idtabla-1?utm_source=JANO&amp;utm_medium=email&amp;utm_campaign=Jano+diario+-+04%2F09%2F2012\">Capsaicina melhora a quealidade de vida.<\/a><\/em><br \/>\n<a href=\"http:\/\/www.jano.es\/jano\/actualidad\/ultimas\/noticias\/janoes\/parche\/capsaicina\/8\/mejora\/calidad\/vida\/pacientes\/neuropatia\/asociada\/vih\/_f-11+iditem-17907+idtabla-1?utm_source=JANO&amp;utm_medium=email&amp;utm_campaign=Jano+diario+-+04%2F09%2F2012\"><br \/>\n<\/a><\/p>\n<div style=\"padding: 10px 0 \"  class=\"interactive_bottom\"><div class='button_holder_left'><iframe allowtransparency='true' frameborder='0' scrolling='no' src='\/\/platform.twitter.com\/widgets\/tweet_button.html?url=http%3A%2F%2Fwww.eclatlab.com%2Fpt-br%2Fnoticias%2Fcapsaicina-melhora-a-qualidade-de-vida%2F&amp;text=Capsaicina melhora a qualidade de vida&amp;count=vertical&amp;lang=' style='width:55px; height:65px;' ><\/iframe><\/div><div class='button_holder_left'><iframe src='\/\/www.facebook.com\/plugins\/like.php?href=http%3A%2F%2Fwww.eclatlab.com%2Fpt-br%2Fnoticias%2Fcapsaicina-melhora-a-qualidade-de-vida%2F&amp;layout=standard&amp;show_faces=false&amp;width=55&amp;action=like&amp;font=arial&amp;colorscheme=light&amp;height=31' scrolling='no' frameborder='0' style='border:none; overflow:hidden; width:55px; height:31px;' allowTransparency='true'><\/iframe><\/div><\/div>","protected":false},"excerpt":{"rendered":"<p>Patch de 8% capsaicina melhora a qualidade de vida de<a href=\"http:\/\/www.eclatlab.com\/pt-br\/noticias\/capsaicina-melhora-a-qualidade-de-vida\/\" class=\"read-more\">Continue Reading<\/a><\/p>\n","protected":false},"author":1,"featured_media":0,"parent":3420,"menu_order":0,"comment_status":"closed","ping_status":"open","template":"industries_template.php","meta":{"ngg_post_thumbnail":0},"categories":[202],"tags":[],"_links":{"self":[{"href":"http:\/\/www.eclatlab.com\/pt-br\/wp-json\/wp\/v2\/pages\/3500"}],"collection":[{"href":"http:\/\/www.eclatlab.com\/pt-br\/wp-json\/wp\/v2\/pages"}],"about":[{"href":"http:\/\/www.eclatlab.com\/pt-br\/wp-json\/wp\/v2\/types\/page"}],"author":[{"embeddable":true,"href":"http:\/\/www.eclatlab.com\/pt-br\/wp-json\/wp\/v2\/users\/1"}],"replies":[{"embeddable":true,"href":"http:\/\/www.eclatlab.com\/pt-br\/wp-json\/wp\/v2\/comments?post=3500"}],"version-history":[{"count":0,"href":"http:\/\/www.eclatlab.com\/pt-br\/wp-json\/wp\/v2\/pages\/3500\/revisions"}],"up":[{"embeddable":true,"href":"http:\/\/www.eclatlab.com\/pt-br\/wp-json\/wp\/v2\/pages\/3420"}],"wp:attachment":[{"href":"http:\/\/www.eclatlab.com\/pt-br\/wp-json\/wp\/v2\/media?parent=3500"}],"wp:term":[{"taxonomy":"category","embeddable":true,"href":"http:\/\/www.eclatlab.com\/pt-br\/wp-json\/wp\/v2\/categories?post=3500"},{"taxonomy":"post_tag","embeddable":true,"href":"http:\/\/www.eclatlab.com\/pt-br\/wp-json\/wp\/v2\/tags?post=3500"}],"curies":[{"name":"wp","href":"https:\/\/api.w.org\/{rel}","templated":true}]}}