{"id":3493,"date":"2014-04-04T12:26:13","date_gmt":"2014-04-04T16:26:13","guid":{"rendered":"http:\/\/www.eclatlab.com\/?page_id=3493"},"modified":"2016-11-01T13:21:43","modified_gmt":"2016-11-01T17:21:43","slug":"cacau-pode-evitar-doencas-intestinais","status":"publish","type":"page","link":"http:\/\/www.eclatlab.com\/pt-br\/noticias\/cacau-pode-evitar-doencas-intestinais\/","title":{"rendered":"Cacau pode evitar doen\u00e7as intestinais"},"content":{"rendered":"<p>Subst\u00e2ncias presentes no fruto parecem ajudar a proteger o intestino e a evitar que as c\u00e9lulas cancer\u00edgenas se multipliquem.<\/p>\n<h3><span style=\"color: #008000;\"><em><strong>Cacau pode evitar doen\u00e7as intestinais como o c\u00e2ncer de c\u00f3lon<\/strong><\/em><\/span><\/h3>\n<form><\/form>\n<form><\/form>\n<p>Comer cacau pode ajudar a prevenir problemas intestinais graves, como o c\u00e2ncer de c\u00f3lon. Segundo pesquisa publicada no peri\u00f3dico\u00a0<em>Molecular Nutrition &amp; Food Research<\/em>, o fruto, principal ingrediente do chocolate, tem subst\u00e2ncias eficazes em proteger o intestino contra o stress oxidativo\u00a0(sobrecarga de subst\u00e2ncias que causam preju\u00edzos \u00e0 estrutura de componentes celulares)\u00a0e contra a prolifera\u00e7\u00e3o de c\u00e9lulas cancer\u00edgenas.<\/p>\n<p>Coordenada por cientistas do Instituto de Ci\u00eancia, Tecnologia e Nutri\u00e7\u00e3o Alimentar (ICTAN, sigla em ingl\u00eas), na Espanha, a pesquisa reconheceu o cacau como uma\u00a0excelente fonte de subst\u00e2ncias que oferecem potenciais benef\u00edcios \u00e0 sa\u00fade. O achado vai ao encontro do\u00a0crescente interesse entre a comunidade cient\u00edfica para identificar alimentos capazes de prevenir doen\u00e7as, o que levou os pesquisadores a categorizar o cacau como um \u201csuperalimento\u201d.<\/p>\n<p>\u201cPor estar exposta a diferentes toxinas, a mucosa intestinal \u00e9 muito suscet\u00edvel a desenvolver algumas doen\u00e7as\u201d, diz Mar\u00eda \u00c1ngeles Mart\u00edn Arribas, coordenadora do estudo e pesquisadora do ICTAN. O cacau, rico em polifen\u00f3is, aparenta ter um papel importante na prote\u00e7\u00e3o contra essas doen\u00e7as.\u00a0O estudo, conduzido em ratos, confirmou pela primeira vez o potencial efeito protetor que os flavon\u00f3ides do cacau t\u00eam contra o c\u00e2ncer de c\u00f3lon.<\/p>\n<p><strong>Prote\u00e7\u00e3o \u2013<\/strong>\u00a0\u00a0Por oito semanas os autores do estudo alimentaram os ratos com uma dieta enriquecida em cacau (12%), al\u00e9m de induzirem a carcinog\u00eanese (processo de forma\u00e7\u00e3o do c\u00e2ncer).\u00a0De acordo com a pesquisadora Mar\u00eda, quatro semanas ap\u00f3s a administra\u00e7\u00e3o do composto qu\u00edmico azoximetano para a indu\u00e7\u00e3o da carcinog\u00eanese, muco intestinal de les\u00f5es pr\u00e9-malignas neopl\u00e1sicas j\u00e1 haviam aparecido. \u201cEssas les\u00f5es s\u00e3o chamadas de \u2018focos de criptas aberrantes\u2019 e s\u00e3o consideradas como bons marcadores para o c\u00e2ncer de c\u00f3lon\u201d, diz.<\/p>\n<p>Os resultados do estudo demonstram que os ratos alimentados com cacau tinham um n\u00famero significativamente menor de criptas no c\u00f3lon induzidas pela carcinog\u00eanese. Eles tinham ainda uma melhora em suas defesas antioxidantes e uma redu\u00e7\u00e3o nos danos oxidativos, induzidos pela presen\u00e7a do azoximetano nas c\u00e9lulas.<\/p>\n<p>Os cientistas conclu\u00edram, ent\u00e3o, que o efeito protetor do cacau consegue parar as vias de sinaliza\u00e7\u00e3o celular respons\u00e1veis pela prolifera\u00e7\u00e3o celular e, assim, evitar a forma\u00e7\u00e3o de tumores. Embora mais estudos sejam necess\u00e1rios para se descobrir qual composto do fruto \u00e9 o respons\u00e1vel por tais efeitos, os autores conclu\u00edram que uma dieta rica em cacau aparenta reduzir o stress oxidativo e os riscos de c\u00e2ncer de c\u00f3lon.<\/p>\n<p><strong>Chocolate &#8211;<\/strong>\u00a0O cacau \u00e9 um dos principais ingredientes de chocolate. \u00c9 um dos alimentos mais ricos em compostos fen\u00f3licos, principalmente em flavon\u00f3ides, ben\u00e9ficos na preven\u00e7\u00e3o de doen\u00e7as cardiovasculares e c\u00e2ncer (c\u00e2ncer colorretal, principalmente).<\/p>\n<p>25 jan 2012. A nota original:<br \/>\n<em><a title=\"Cacau pode evitar doen\u00e7as intestinais\" href=\"http:\/\/veja.abril.com.br\/noticia\/saude\/cacau-pode-evitar-doencas-intestinais-como-o-cancer-de-colon\" target=\"_blank\">http:\/\/veja.abril.com.br\/noticia\/saude\/cacau-pode-evitar-doencas-intestinais-como-o-cancer-de-colon<\/a><\/em><\/p>\n<div style=\"padding: 10px 0 \"  class=\"interactive_bottom\"><div class='button_holder_left'><iframe allowtransparency='true' frameborder='0' scrolling='no' src='\/\/platform.twitter.com\/widgets\/tweet_button.html?url=http%3A%2F%2Fwww.eclatlab.com%2Fpt-br%2Fnoticias%2Fcacau-pode-evitar-doencas-intestinais%2F&amp;text=Cacau pode evitar doen\u00e7as intestinais&amp;count=vertical&amp;lang=' style='width:55px; height:65px;' ><\/iframe><\/div><div class='button_holder_left'><iframe src='\/\/www.facebook.com\/plugins\/like.php?href=http%3A%2F%2Fwww.eclatlab.com%2Fpt-br%2Fnoticias%2Fcacau-pode-evitar-doencas-intestinais%2F&amp;layout=standard&amp;show_faces=false&amp;width=55&amp;action=like&amp;font=arial&amp;colorscheme=light&amp;height=31' scrolling='no' frameborder='0' style='border:none; overflow:hidden; width:55px; height:31px;' allowTransparency='true'><\/iframe><\/div><\/div>","protected":false},"excerpt":{"rendered":"<p>Subst\u00e2ncias presentes no fruto parecem ajudar a proteger o intestino<a href=\"http:\/\/www.eclatlab.com\/pt-br\/noticias\/cacau-pode-evitar-doencas-intestinais\/\" class=\"read-more\">Continue Reading<\/a><\/p>\n","protected":false},"author":1,"featured_media":0,"parent":3420,"menu_order":0,"comment_status":"closed","ping_status":"open","template":"industries_template.php","meta":{"ngg_post_thumbnail":0},"categories":[202],"tags":[203],"_links":{"self":[{"href":"http:\/\/www.eclatlab.com\/pt-br\/wp-json\/wp\/v2\/pages\/3493"}],"collection":[{"href":"http:\/\/www.eclatlab.com\/pt-br\/wp-json\/wp\/v2\/pages"}],"about":[{"href":"http:\/\/www.eclatlab.com\/pt-br\/wp-json\/wp\/v2\/types\/page"}],"author":[{"embeddable":true,"href":"http:\/\/www.eclatlab.com\/pt-br\/wp-json\/wp\/v2\/users\/1"}],"replies":[{"embeddable":true,"href":"http:\/\/www.eclatlab.com\/pt-br\/wp-json\/wp\/v2\/comments?post=3493"}],"version-history":[{"count":0,"href":"http:\/\/www.eclatlab.com\/pt-br\/wp-json\/wp\/v2\/pages\/3493\/revisions"}],"up":[{"embeddable":true,"href":"http:\/\/www.eclatlab.com\/pt-br\/wp-json\/wp\/v2\/pages\/3420"}],"wp:attachment":[{"href":"http:\/\/www.eclatlab.com\/pt-br\/wp-json\/wp\/v2\/media?parent=3493"}],"wp:term":[{"taxonomy":"category","embeddable":true,"href":"http:\/\/www.eclatlab.com\/pt-br\/wp-json\/wp\/v2\/categories?post=3493"},{"taxonomy":"post_tag","embeddable":true,"href":"http:\/\/www.eclatlab.com\/pt-br\/wp-json\/wp\/v2\/tags?post=3493"}],"curies":[{"name":"wp","href":"https:\/\/api.w.org\/{rel}","templated":true}]}}