{"id":3420,"date":"2014-01-14T15:22:45","date_gmt":"2014-01-14T19:22:45","guid":{"rendered":"http:\/\/www.eclatlab.com\/?page_id=3420"},"modified":"2021-03-01T20:36:42","modified_gmt":"2021-03-02T00:36:42","slug":"noticias","status":"publish","type":"page","link":"http:\/\/www.eclatlab.com\/pt-br\/noticias\/","title":{"rendered":"Not\u00edcias"},"content":{"rendered":"\n<h2><span style=\"color: #008000;\"><strong>Laboratorio \u00c9clat obt\u00e9m registro no FDA.<\/strong><\/span><\/h2><br>\n\n\n\n<h3><strong><em><strong><em>O Laborat\u00f3rio \u00c9clat pode exportar para todos os territ\u00f3rios regulamentados pela FDA!<\/em><\/strong><\/em><\/strong><\/h3>\n\n\n\n<div class=\"wp-block-image\"><figure class=\"alignright size-large is-resized\"><img decoding=\"async\" loading=\"lazy\" src=\"http:\/\/www.eclatlab.com\/wp-content\/uploads\/2021\/03\/Eclat-registro-FDA-02.jpg\" alt=\"\" class=\"wp-image-5294\" width=\"239\" height=\"171\" srcset=\"http:\/\/www.eclatlab.com\/wp-content\/uploads\/2021\/03\/Eclat-registro-FDA-02.jpg 580w, http:\/\/www.eclatlab.com\/wp-content\/uploads\/2021\/03\/Eclat-registro-FDA-02-300x215.jpg 300w, http:\/\/www.eclatlab.com\/wp-content\/uploads\/2021\/03\/Eclat-registro-FDA-02-150x108.jpg 150w\" sizes=\"(max-width: 239px) 100vw, 239px\" \/><\/figure><\/div>\n\n\n\n<p>Dando continuidade ao projeto de Internacionaliza\u00e7\u00e3o, o Laborat\u00f3rio \u00c9clat realizou todo o processo de registro no FDA. Uma vez atendidos todos os requisitos, a aprova\u00e7\u00e3o e o registro foram obtidos no final de 2020.<\/p>\n\n\n\n<p>O FDA \u00e9 a ag\u00eancia do governo dos Estados Unidos respons\u00e1vel pela regulamenta\u00e7\u00e3o de alimentos, bebidas e suplementos, cosm\u00e9ticos, dispositivos m\u00e9dicos, dispositivos emissores de radia\u00e7\u00e3o, medicamentos, produtos veterin\u00e1rios, tabaco e vacinas. FDA \u00e9 a sigla para Food and Drug Administration.<\/p>\n\n\n\n<p>As responsabilidades da FDA abrangem os 50 Estados Unidos, o Distrito de Columbia, Porto Rico, Guama, as Ilhas Virgens, Samoa Americana e outros territ\u00f3rios e possess\u00f5es menores.<\/p>\n\n\n\n<p>Uma vez registrados no FDA, os produtos do Laboratorio \u00c9clat podem ser exportados para os Estados Unidos, desde que atendidos os requisitos de seguran\u00e7a, rotulagem e com\u00e9rcio exterior. Para mais informa\u00e7\u00f5es sobre o Laborat\u00f3rio \u00c9clat, seus produtos ou qualquer outra d\u00favida, est\u00e3o dispon\u00edveis as duas formas de contato: via whatsapp para o n\u00famero: <a rel=\"noreferrer noopener\" href=\"https:\/\/wa.me\/5215580808830\" target=\"_blank\">+52 1 55 8080 8830<\/a> ou escrevendo diretamente para: <a rel=\"noreferrer noopener\" href=\"mailto:labeclat@mexis.com\" target=\"_blank\">labeclat@mexis.com<\/a> .<\/p>\n\n\n\n<figure class=\"wp-block-image size-large is-resized\"><img decoding=\"async\" loading=\"lazy\" src=\"http:\/\/www.eclatlab.com\/wp-content\/uploads\/2021\/03\/Eclat-registro-FDA-01.jpg\" alt=\"\" class=\"wp-image-5298\" width=\"546\" height=\"307\" srcset=\"http:\/\/www.eclatlab.com\/wp-content\/uploads\/2021\/03\/Eclat-registro-FDA-01.jpg 580w, http:\/\/www.eclatlab.com\/wp-content\/uploads\/2021\/03\/Eclat-registro-FDA-01-300x169.jpg 300w, http:\/\/www.eclatlab.com\/wp-content\/uploads\/2021\/03\/Eclat-registro-FDA-01-150x84.jpg 150w\" sizes=\"(max-width: 546px) 100vw, 546px\" \/><figcaption><em>Laboratorio \u00c9clat, registrado no FDA.<\/em><\/figcaption><\/figure>\n<div style=\"padding: 10px 0 \"  class=\"interactive_bottom\"><div class='button_holder_left'><iframe allowtransparency='true' frameborder='0' scrolling='no' src='\/\/platform.twitter.com\/widgets\/tweet_button.html?url=http%3A%2F%2Fwww.eclatlab.com%2Fpt-br%2Fnoticias%2F&amp;text=Not\u00edcias&amp;count=vertical&amp;lang=' style='width:55px; height:65px;' ><\/iframe><\/div><div class='button_holder_left'><iframe src='\/\/www.facebook.com\/plugins\/like.php?href=http%3A%2F%2Fwww.eclatlab.com%2Fpt-br%2Fnoticias%2F&amp;layout=standard&amp;show_faces=false&amp;width=55&amp;action=like&amp;font=arial&amp;colorscheme=light&amp;height=31' scrolling='no' frameborder='0' style='border:none; overflow:hidden; width:55px; height:31px;' allowTransparency='true'><\/iframe><\/div><\/div>","protected":false},"excerpt":{"rendered":"<p>Laboratorio \u00c9clat obt\u00e9m registro no FDA. O Laborat\u00f3rio \u00c9clat pode<a href=\"http:\/\/www.eclatlab.com\/pt-br\/noticias\/\" class=\"read-more\">Continue Reading<\/a><\/p>\n","protected":false},"author":1,"featured_media":0,"parent":0,"menu_order":8,"comment_status":"closed","ping_status":"closed","template":"industries_template.php","meta":{"ngg_post_thumbnail":0},"categories":[],"tags":[],"_links":{"self":[{"href":"http:\/\/www.eclatlab.com\/pt-br\/wp-json\/wp\/v2\/pages\/3420"}],"collection":[{"href":"http:\/\/www.eclatlab.com\/pt-br\/wp-json\/wp\/v2\/pages"}],"about":[{"href":"http:\/\/www.eclatlab.com\/pt-br\/wp-json\/wp\/v2\/types\/page"}],"author":[{"embeddable":true,"href":"http:\/\/www.eclatlab.com\/pt-br\/wp-json\/wp\/v2\/users\/1"}],"replies":[{"embeddable":true,"href":"http:\/\/www.eclatlab.com\/pt-br\/wp-json\/wp\/v2\/comments?post=3420"}],"version-history":[{"count":0,"href":"http:\/\/www.eclatlab.com\/pt-br\/wp-json\/wp\/v2\/pages\/3420\/revisions"}],"wp:attachment":[{"href":"http:\/\/www.eclatlab.com\/pt-br\/wp-json\/wp\/v2\/media?parent=3420"}],"wp:term":[{"taxonomy":"category","embeddable":true,"href":"http:\/\/www.eclatlab.com\/pt-br\/wp-json\/wp\/v2\/categories?post=3420"},{"taxonomy":"post_tag","embeddable":true,"href":"http:\/\/www.eclatlab.com\/pt-br\/wp-json\/wp\/v2\/tags?post=3420"}],"curies":[{"name":"wp","href":"https:\/\/api.w.org\/{rel}","templated":true}]}}