{"id":3406,"date":"2014-01-13T11:38:43","date_gmt":"2014-01-13T15:38:43","guid":{"rendered":"http:\/\/www.eclatlab.com\/?page_id=3406"},"modified":"2021-03-03T18:03:58","modified_gmt":"2021-03-03T22:03:58","slug":"ginkgo-biloba","status":"publish","type":"page","link":"http:\/\/www.eclatlab.com\/pt-br\/produtos\/ginkgo-biloba\/","title":{"rendered":"Ginkgo biloba"},"content":{"rendered":"\n<p>O Ginkgo \u00e9 a esp\u00e9cie de \u00e1rvore mais antiga conhecida. Seu extrato \u00e9 obtido principalmente de suas folhas, cascas e sementes.<\/p>\n\n\n\n<p>\u00c9 utilizado em todos os tipos de produtos cosm\u00e9ticos e perfumes. Por ajudar na renova\u00e7\u00e3o e regenera\u00e7\u00e3o celular, \u00e9 recomendado para uso em cremes hidratantes, cremes e lo\u00e7\u00f5es antienvelhecimento, anticelulite, sabonetes para pele seca, etc.<\/p>\n<div style=\"padding: 10px 0 \"  class=\"interactive_bottom\"><div class='button_holder_left'><iframe allowtransparency='true' frameborder='0' scrolling='no' src='\/\/platform.twitter.com\/widgets\/tweet_button.html?url=http%3A%2F%2Fwww.eclatlab.com%2Fpt-br%2Fprodutos%2Fginkgo-biloba%2F&amp;text=Ginkgo biloba&amp;count=vertical&amp;lang=' style='width:55px; height:65px;' ><\/iframe><\/div><div class='button_holder_left'><iframe src='\/\/www.facebook.com\/plugins\/like.php?href=http%3A%2F%2Fwww.eclatlab.com%2Fpt-br%2Fprodutos%2Fginkgo-biloba%2F&amp;layout=standard&amp;show_faces=false&amp;width=55&amp;action=like&amp;font=arial&amp;colorscheme=light&amp;height=31' scrolling='no' frameborder='0' style='border:none; overflow:hidden; width:55px; height:31px;' allowTransparency='true'><\/iframe><\/div><\/div>","protected":false},"excerpt":{"rendered":"<p>O Ginkgo \u00e9 a esp\u00e9cie de \u00e1rvore mais antiga conhecida.<a href=\"http:\/\/www.eclatlab.com\/pt-br\/produtos\/ginkgo-biloba\/\" class=\"read-more\">Continue Reading<\/a><\/p>\n","protected":false},"author":1,"featured_media":0,"parent":3302,"menu_order":0,"comment_status":"closed","ping_status":"closed","template":"single_product_template.php","meta":{"ngg_post_thumbnail":0},"categories":[196],"tags":[632],"_links":{"self":[{"href":"http:\/\/www.eclatlab.com\/pt-br\/wp-json\/wp\/v2\/pages\/3406"}],"collection":[{"href":"http:\/\/www.eclatlab.com\/pt-br\/wp-json\/wp\/v2\/pages"}],"about":[{"href":"http:\/\/www.eclatlab.com\/pt-br\/wp-json\/wp\/v2\/types\/page"}],"author":[{"embeddable":true,"href":"http:\/\/www.eclatlab.com\/pt-br\/wp-json\/wp\/v2\/users\/1"}],"replies":[{"embeddable":true,"href":"http:\/\/www.eclatlab.com\/pt-br\/wp-json\/wp\/v2\/comments?post=3406"}],"version-history":[{"count":0,"href":"http:\/\/www.eclatlab.com\/pt-br\/wp-json\/wp\/v2\/pages\/3406\/revisions"}],"up":[{"embeddable":true,"href":"http:\/\/www.eclatlab.com\/pt-br\/wp-json\/wp\/v2\/pages\/3302"}],"wp:attachment":[{"href":"http:\/\/www.eclatlab.com\/pt-br\/wp-json\/wp\/v2\/media?parent=3406"}],"wp:term":[{"taxonomy":"category","embeddable":true,"href":"http:\/\/www.eclatlab.com\/pt-br\/wp-json\/wp\/v2\/categories?post=3406"},{"taxonomy":"post_tag","embeddable":true,"href":"http:\/\/www.eclatlab.com\/pt-br\/wp-json\/wp\/v2\/tags?post=3406"}],"curies":[{"name":"wp","href":"https:\/\/api.w.org\/{rel}","templated":true}]}}