{"id":3375,"date":"2014-01-13T10:45:48","date_gmt":"2014-01-13T14:45:48","guid":{"rendered":"http:\/\/www.eclatlab.com\/?page_id=3375"},"modified":"2021-04-15T18:41:42","modified_gmt":"2021-04-15T22:41:42","slug":"bougainvillea","status":"publish","type":"page","link":"http:\/\/www.eclatlab.com\/pt-br\/produtos\/bougainvillea\/","title":{"rendered":"Buganv\u00edlia \/ Bougainvillea"},"content":{"rendered":"\n<p>Flavon\u00f3ides de quercitina e iso-ramnetina, terpenos, duas subst\u00e2ncias indol: diglucosil rutin\u00f3sidos de betanidina e iso-betanidina, compostos heteroc\u00edclicos de nitrog\u00eanio e buganvilinas foram detectados em flores de <strong>Buganv\u00edlia<\/strong>. Nas folhas, o raro a\u00e7\u00facar pinitol e o \u00e1cido gent\u00edsico benzenoide.<br><br>Os flavon\u00f3ides combatem o envelhecimento precoce, s\u00e3o considerados antioxidantes; Eles at\u00e9 ajudam a reduzir a coagula\u00e7\u00e3o do sangue, promovendo a circula\u00e7\u00e3o no n\u00edvel capilar e oferecendo propriedades antiinflamat\u00f3rias.<\/p>\n\n\n\n<p>A propriedade antiviral de <strong>Buganv\u00edlia<\/strong> \u00e9 dada pelos diglucosil rutin\u00f3sidos de betanidina e iso-betanidina, essas subst\u00e2ncias s\u00e3o estimulantes do m\u00fasculo liso e t\u00eam propriedades antibi\u00f3ticas \u00fateis para doen\u00e7as da pele chamadas &#8220;espinhas e espinhas&#8221;.<\/p>\n\n\n\n<p><strong>Formul\u00e1rios:<\/strong><br>O <strong>extrato natural de Buganv\u00edlia<\/strong> pode ser incorporado em t\u00f4nicos para limpar a pele; tratamentos, lo\u00e7\u00f5es e m\u00e1scaras para combater espinhas e espinhas. \u00datil em cremes anti-envelhecimento ou para prevenir o envelhecimento prematuro.<\/p>\n<div style=\"padding: 10px 0 \"  class=\"interactive_bottom\"><div class='button_holder_left'><iframe allowtransparency='true' frameborder='0' scrolling='no' src='\/\/platform.twitter.com\/widgets\/tweet_button.html?url=http%3A%2F%2Fwww.eclatlab.com%2Fpt-br%2Fprodutos%2Fbougainvillea%2F&amp;text=Buganv\u00edlia \/ Bougainvillea&amp;count=vertical&amp;lang=' style='width:55px; height:65px;' ><\/iframe><\/div><div class='button_holder_left'><iframe src='\/\/www.facebook.com\/plugins\/like.php?href=http%3A%2F%2Fwww.eclatlab.com%2Fpt-br%2Fprodutos%2Fbougainvillea%2F&amp;layout=standard&amp;show_faces=false&amp;width=55&amp;action=like&amp;font=arial&amp;colorscheme=light&amp;height=31' scrolling='no' frameborder='0' style='border:none; overflow:hidden; width:55px; height:31px;' allowTransparency='true'><\/iframe><\/div><\/div>","protected":false},"excerpt":{"rendered":"<p>Flavon\u00f3ides de quercitina e iso-ramnetina, terpenos, duas subst\u00e2ncias indol: diglucosil<a href=\"http:\/\/www.eclatlab.com\/pt-br\/produtos\/bougainvillea\/\" class=\"read-more\">Continue Reading<\/a><\/p>\n","protected":false},"author":1,"featured_media":0,"parent":3302,"menu_order":0,"comment_status":"closed","ping_status":"closed","template":"single_product_template.php","meta":{"ngg_post_thumbnail":0},"categories":[196],"tags":[628,632,636,637],"_links":{"self":[{"href":"http:\/\/www.eclatlab.com\/pt-br\/wp-json\/wp\/v2\/pages\/3375"}],"collection":[{"href":"http:\/\/www.eclatlab.com\/pt-br\/wp-json\/wp\/v2\/pages"}],"about":[{"href":"http:\/\/www.eclatlab.com\/pt-br\/wp-json\/wp\/v2\/types\/page"}],"author":[{"embeddable":true,"href":"http:\/\/www.eclatlab.com\/pt-br\/wp-json\/wp\/v2\/users\/1"}],"replies":[{"embeddable":true,"href":"http:\/\/www.eclatlab.com\/pt-br\/wp-json\/wp\/v2\/comments?post=3375"}],"version-history":[{"count":0,"href":"http:\/\/www.eclatlab.com\/pt-br\/wp-json\/wp\/v2\/pages\/3375\/revisions"}],"up":[{"embeddable":true,"href":"http:\/\/www.eclatlab.com\/pt-br\/wp-json\/wp\/v2\/pages\/3302"}],"wp:attachment":[{"href":"http:\/\/www.eclatlab.com\/pt-br\/wp-json\/wp\/v2\/media?parent=3375"}],"wp:term":[{"taxonomy":"category","embeddable":true,"href":"http:\/\/www.eclatlab.com\/pt-br\/wp-json\/wp\/v2\/categories?post=3375"},{"taxonomy":"post_tag","embeddable":true,"href":"http:\/\/www.eclatlab.com\/pt-br\/wp-json\/wp\/v2\/tags?post=3375"}],"curies":[{"name":"wp","href":"https:\/\/api.w.org\/{rel}","templated":true}]}}