{"id":3359,"date":"2014-01-10T16:06:29","date_gmt":"2014-01-10T20:06:29","guid":{"rendered":"http:\/\/www.eclatlab.com\/?page_id=3359"},"modified":"2021-09-15T19:08:56","modified_gmt":"2021-09-15T23:08:56","slug":"bodelha","status":"publish","type":"page","link":"http:\/\/www.eclatlab.com\/pt-br\/produtos\/bodelha\/","title":{"rendered":"Bodelha \/ Algas marinhas"},"content":{"rendered":"\n<p><strong>Propriedades das algas marinhas:<\/strong> Cont\u00e9m Mucilagens, leveduras e elementos minerais que funcionam como armazenadores para a conserva\u00e7\u00e3o da hidrata\u00e7\u00e3o da pele e ainda aceleram a sua cicatriza\u00e7\u00e3o, reduzem as rugas e amaciam a pele. Sua atividade antibi\u00f3tica e fechamento de feridas ajudam a manter os cabelos mais flex\u00edveis e el\u00e1sticos, evitando a carga de eletricidade est\u00e1tica, aumentando o brilho e a resist\u00eancia dos mesmos. O iodo estimula a s\u00edntese dos horm\u00f4nios tireoidianos e acelera o metabolismo favorecendo os processos catab\u00f3licos, proporcionando um efeito adelga\u00e7ante, tamb\u00e9m \u00e9 \u00fatil na remo\u00e7\u00e3o dos germes da pele. O s\u00f3dio permanece no fluido que envolve as c\u00e9lulas epiteliais e o pot\u00e1ssio est\u00e1 dentro delas; ambos os minerais s\u00e3o usados \u200b\u200bpara ajustar o conte\u00fado de \u00e1gua no corpo e ativar enzimas que controlam a produ\u00e7\u00e3o de energia. Os taninos t\u00eam a capacidade de se combinar com as prote\u00ednas da pele, criando uma camada protetora para estimular a cura, reduzir a inflama\u00e7\u00e3o e interromper a infec\u00e7\u00e3o.<\/p>\n\n\n\n<p><strong>As algas marinhas t\u00eam v\u00e1rias aplica\u00e7\u00f5es: <\/strong>\u00c9 adicionado em t\u00f4nicos estimulantes da circula\u00e7\u00e3o sangu\u00ednea, g\u00e9is para obesidade, cremes ou emolientes em qualquer formula\u00e7\u00e3o, remineralizantes, hidratantes, antirrugas, redutores, prepara\u00e7\u00f5es para banho, tratamentos anticelulite e produtos para os cabelos.<\/p>\n<div style=\"padding: 10px 0 \"  class=\"interactive_bottom\"><div class='button_holder_left'><iframe allowtransparency='true' frameborder='0' scrolling='no' src='\/\/platform.twitter.com\/widgets\/tweet_button.html?url=http%3A%2F%2Fwww.eclatlab.com%2Fpt-br%2Fprodutos%2Fbodelha%2F&amp;text=Bodelha \/ Algas marinhas&amp;count=vertical&amp;lang=' style='width:55px; height:65px;' ><\/iframe><\/div><div class='button_holder_left'><iframe src='\/\/www.facebook.com\/plugins\/like.php?href=http%3A%2F%2Fwww.eclatlab.com%2Fpt-br%2Fprodutos%2Fbodelha%2F&amp;layout=standard&amp;show_faces=false&amp;width=55&amp;action=like&amp;font=arial&amp;colorscheme=light&amp;height=31' scrolling='no' frameborder='0' style='border:none; overflow:hidden; width:55px; height:31px;' allowTransparency='true'><\/iframe><\/div><\/div>","protected":false},"excerpt":{"rendered":"<p>Propriedades das algas marinhas: Cont\u00e9m Mucilagens, leveduras e elementos minerais<a href=\"http:\/\/www.eclatlab.com\/pt-br\/produtos\/bodelha\/\" class=\"read-more\">Continue Reading<\/a><\/p>\n","protected":false},"author":1,"featured_media":0,"parent":3302,"menu_order":0,"comment_status":"closed","ping_status":"closed","template":"single_product_template.php","meta":{"ngg_post_thumbnail":0},"categories":[196],"tags":[628,632,636,637],"_links":{"self":[{"href":"http:\/\/www.eclatlab.com\/pt-br\/wp-json\/wp\/v2\/pages\/3359"}],"collection":[{"href":"http:\/\/www.eclatlab.com\/pt-br\/wp-json\/wp\/v2\/pages"}],"about":[{"href":"http:\/\/www.eclatlab.com\/pt-br\/wp-json\/wp\/v2\/types\/page"}],"author":[{"embeddable":true,"href":"http:\/\/www.eclatlab.com\/pt-br\/wp-json\/wp\/v2\/users\/1"}],"replies":[{"embeddable":true,"href":"http:\/\/www.eclatlab.com\/pt-br\/wp-json\/wp\/v2\/comments?post=3359"}],"version-history":[{"count":0,"href":"http:\/\/www.eclatlab.com\/pt-br\/wp-json\/wp\/v2\/pages\/3359\/revisions"}],"up":[{"embeddable":true,"href":"http:\/\/www.eclatlab.com\/pt-br\/wp-json\/wp\/v2\/pages\/3302"}],"wp:attachment":[{"href":"http:\/\/www.eclatlab.com\/pt-br\/wp-json\/wp\/v2\/media?parent=3359"}],"wp:term":[{"taxonomy":"category","embeddable":true,"href":"http:\/\/www.eclatlab.com\/pt-br\/wp-json\/wp\/v2\/categories?post=3359"},{"taxonomy":"post_tag","embeddable":true,"href":"http:\/\/www.eclatlab.com\/pt-br\/wp-json\/wp\/v2\/tags?post=3359"}],"curies":[{"name":"wp","href":"https:\/\/api.w.org\/{rel}","templated":true}]}}