{"id":3333,"date":"2014-01-08T15:12:22","date_gmt":"2014-01-08T19:12:22","guid":{"rendered":"http:\/\/www.eclatlab.com\/?page_id=3333"},"modified":"2024-07-01T00:31:12","modified_gmt":"2024-07-01T04:31:12","slug":"tecnologia-e-processos","status":"publish","type":"page","link":"http:\/\/www.eclatlab.com\/pt-br\/tecnologia-e-processos\/","title":{"rendered":"Tecnologia e Processos"},"content":{"rendered":"<div class=\"row\"><span style=\"color: #339966;\"><strong>Perfil dos produtos naturais na ind\u00fastria cosm\u00e9tica.<\/strong><\/span>&nbsp;&nbsp;<\/p>\n<p>O aumento do uso de produtos naturais tem sido desenvolvido nos \u00faltimos anos pelas grandes ind\u00fastrias de cosm\u00e9ticos e de produtos de higiene pessoal em todo o mundo. As vantagens da cosm\u00e9tica natural s\u00e3o enormes para a sa\u00fade da pele, bem como n\u00e3o ser agressiva para a mesma, refor\u00e7a e melhora as suas fun\u00e7\u00f5es, gra\u00e7as \u00e0s subst\u00e2ncias qu\u00edmicas naturais das plantas.<\/p>\n<p>Por outro lado, a fabrica\u00e7\u00e3o de produtos cosm\u00e9ticos com ingredientes vegetais implica em uma \u00e9tica ecol\u00f3gica, uma vez que n\u00e3o causa res\u00edduos qu\u00edmicos, nem agressivos que sejam prejudiciais ao meio ambiente.<\/p>\n<p>A cosm\u00e9tica natural, ou seja, elaborada com materiais naturais n\u00e3o tem efeitos colaterais e n\u00e3o causa alergias, as quais aparecem quando os cosm\u00e9ticos s\u00e3o usados com corantes ou excipientes demasiadamente violentos para a pele.<\/p>\n<p>&nbsp;<br \/>\n            \n\t\t<div class=\"ngg-gallery-singlepic-image ngg-left\" style=\"max-width: 250px\">\n\t\t\t    \t<a href=\"http:\/\/www.eclatlab.com\/wp-content\/gallery\/img\/tecnologia_01.jpg\"\n\t\t     title=\"Eclat Laboratorio utiliza los equipos m\u00e1s modernos y se mantiene a la vanguardia.\"\n             data-src=\"http:\/\/www.eclatlab.com\/wp-content\/gallery\/img\/tecnologia_01.jpg\"\n             data-thumbnail=\"http:\/\/www.eclatlab.com\/wp-content\/gallery\/img\/thumbs\/thumbs_tecnologia_01.jpg\"\n             data-image-id=\"102\"\n             data-title=\"tecnologia_01\"\n             data-description=\"Eclat Laboratorio utiliza los equipos m\u00e1s modernos y se mantiene a la vanguardia.\"\n             target='_self'\n             >\n            <img class=\"ngg-singlepic\"\n             src=\"http:\/\/www.eclatlab.com\/wp-content\/gallery\/img\/cache\/tecnologia_01.jpg-nggid03102-ngg0dyn-250x167x100-00f0w010c010r110f110r010t010.jpg\"\n             alt=\"tecnologia_01\"\n             title=\"tecnologia_01\"\n              width=\"250\"               \/>\n    \t<\/a>\n\t\t      <\/div>\n        <\/p>\n<p>Neste aspecto, o Laborat\u00f3rio \u00c9clat tem proporcionado ao longo dos \u00faltimos 30 anos produtos de origem natural utilizado como mat\u00e9ria-prima para as principais ind\u00fastrias de cosm\u00e9ticos, higiene pessoal e farmac\u00eautica no M\u00e9xico e no exterior. Cuidando sempre da qualidade dos nossos produtos nos aspectos f\u00edsico-qu\u00edmicos, microbiol\u00f3gicos e na efic\u00e1cia farmacol\u00f3gica. Aspectos que s\u00e3o certificados sob o nosso sistema de qualidade baseado na norma ISO 9001:2015 e realizadas com base em metodologias internacionais estabelecidas pela Farmacop\u00e9ia dos Estados Unidos da Am\u00e9rica USP e pela Farmacop\u00e9ia Brit\u00e2nica.<\/p>\n<p>Nossa for\u00e7a reside em manter os elevados padr\u00f5es de qualidade estabelecidos no pa\u00eds e at\u00e9 mesmo em mercados globais, cumprindo com as normativas dos pa\u00edses pertinentes, portanto n\u00f3s garantimos que as subst\u00e2ncias em nossos produtos cumprem as normativas legais do pa\u00eds onde s\u00e3o vendidos e que s\u00e3o declaradas como corresponde.<\/p>\n<p><span style=\"color: #339966;\"><strong>Certifica\u00e7\u00e3o e Reconhecimentos<\/strong><\/span><\/p>\n<p>No Laborat\u00f3rio \u00c9clat Produtos Naturais, procuramos que todos os produtos, al\u00e9m de atender os requisitos de qualidade internacionalmente, demonstram a sua efic\u00e1cia farmacol\u00f3gica desejada, raz\u00e3o pela qual o desenvolvimento e inova\u00e7\u00e3o \u00e9 uma das principais atividades do laborat\u00f3rio. Isso nos permite oferecer as seguintes vantagens competitivas:<\/p>\n<ul>\n<li>Cumprimento de padr\u00f5es de qualidade internacional para an\u00e1lises microbiol\u00f3gico e f\u00edsico-qu\u00edmico (Farmacopeia USP, Farmacop\u00e9ia Brit\u00e2nica)<\/li>\n<li>Sistema de garantia de qualidade certificado ISO 9001:2015<\/li>\n<li>Pol\u00edtica com foco no atendimento ao cliente<\/li>\n<li>Desenvolvimento de produtos por perfil de cliente (especifica\u00e7\u00e3o) amostras avaliadas<\/li>\n<li>Capacidade de resposta imediata (volume \/ tempo)<\/li>\n<li>Entrega oportuna e personalizada<\/li>\n<li>Suporte t\u00e9cnico e assessoria<\/li>\n<li>Inova\u00e7\u00e3o e desenvolvimento de produtos<\/li>\n<li>Pre\u00e7os competitivos<\/li>\n<li>Estabilidade de pre\u00e7os sustent\u00e1veis<\/li>\n<li>Capacidade de entrega desde pequenas quantidades at\u00e9 toneladas<\/li>\n<li>Descontos por volume<\/li>\n<li>Responsabilidade social e ambiental<\/li>\n<\/ul>\n<p>Nosso portf\u00f3lio de produtos \u00e9 composto por uma grande variedade de extratos da mais elevada e impec\u00e1vel qualidade. Atualmente desenvolvemos mais de 350 extratos, incluindo extratos de ervas, frutas e animais. Temos tamb\u00e9m um laborat\u00f3rio de inova\u00e7\u00e3o e tecnologia especializado para a investiga\u00e7\u00e3o e desenvolvimento de produtos, o que nos permite oferecer aos nossos clientes solu\u00e7\u00f5es e desenvolvimentos espec\u00edficos para produtos de acordo com suas necessidades.<br \/>\n&nbsp;<br \/>\n            \n\t\t<div class=\"ngg-gallery-singlepic-image ngg-left\" style=\"max-width: 250px\">\n\t\t\t    \t<a href=\"http:\/\/www.eclatlab.com\/wp-content\/gallery\/img\/tecnologia_02.jpg\"\n\t\t     title=\"Eclat Laboratorio utiliza los equipos m\u00e1s modernos y se mantiene a la vanguardia.\"\n             data-src=\"http:\/\/www.eclatlab.com\/wp-content\/gallery\/img\/tecnologia_02.jpg\"\n             data-thumbnail=\"http:\/\/www.eclatlab.com\/wp-content\/gallery\/img\/thumbs\/thumbs_tecnologia_02.jpg\"\n             data-image-id=\"103\"\n             data-title=\"tecnologia_02\"\n             data-description=\"Eclat Laboratorio utiliza los equipos m\u00e1s modernos y se mantiene a la vanguardia.\"\n             target='_self'\n             >\n            <img class=\"ngg-singlepic\"\n             src=\"http:\/\/www.eclatlab.com\/wp-content\/gallery\/img\/cache\/tecnologia_02.jpg-nggid03103-ngg0dyn-250x167x100-00f0w010c010r110f110r010t010.jpg\"\n             alt=\"tecnologia_02\"\n             title=\"tecnologia_02\"\n              width=\"250\"               \/>\n    \t<\/a>\n\t\t      <\/div>\n        <\/p>\n<p>Os diferentes compostos ativos presentes nas plantas s\u00e3o os respons\u00e1veis por suas a\u00e7\u00f5es e qualidades farmacol\u00f3gicas, adstringentes, anti-s\u00e9pticas, cicatrizantes e emolientes, esses compostos est\u00e3o contidos em nossos extratos, atrav\u00e9s de processos e t\u00e9cnicas de extra\u00e7\u00e3o de alta efici\u00eancia que temos desenvolvido, e o cuidadoso controle de qualidade certificado que mantemos em toda a produ\u00e7\u00e3o, fazem deles excelentes ingredientes para a formula\u00e7\u00e3o e elabora\u00e7\u00e3o de uma ampla variedade de produtos cosm\u00e9ticos, farmac\u00eauticos e aliment\u00edcios, tais como xampus, cremes, g\u00e9is, tinturas, desodorantes, tratamentos capilares, entre outros. Al\u00e9m de aproveitar todas as suas propriedades curativas, limpadoras e tonificadoras para o cuidado, nutri\u00e7\u00e3o e hidrata\u00e7\u00e3o da pele e a restaura\u00e7\u00e3o do pH natural.<\/p>\n<p>O Laborat\u00f3rio \u00c9clat oferece atualmente extratos de origem natural em diferentes apresenta\u00e7\u00f5es l\u00edquidas que v\u00e3o desde a apresenta\u00e7\u00e3o de 1 kg at\u00e9 10 toneladas ou mais.<\/p>\n<p><span style=\"color: #339966;\"><strong>Extratos aquosos<\/strong><\/span><br \/>\nS\u00e3o extratos de ervas, frutas e origem vegetal, obtidos \u00e0 base de \u00e1gua com uma ampla variedade de aplica\u00e7\u00f5es na ind\u00fastria cosm\u00e9tica, no desenvolvimento ou formula\u00e7\u00e3o de xampus, g\u00e9is ou cremes.<\/p>\n<p><span style=\"color: #339966;\"><strong>Extratos oleosos<\/strong><\/span><br \/>\nOs extratos oleosos s\u00e3o obtidos atrav\u00e9s da utiliza\u00e7\u00e3o de v\u00e1rios tipos de \u00f3leos, podem desenvolver-se de ervas, vegetais e frutas. S\u00e3o utilizados principalmente para a produ\u00e7\u00e3o de cremes, pomadas e sabonetes para uso cosm\u00e9tico ou medicinal.<\/p>\n<p><span style=\"color: #339966;\"><strong>Extratos glic\u00f3licos<\/strong><\/span><br \/>\nExtratos obtidos por extra\u00e7\u00e3o glic\u00f3lica, podendo ser gerados produtos de ervas, frutas e legumes. S\u00e3o utilizados para a elabora\u00e7\u00e3o de cremes e sabonetes, em ve\u00edculos com elevado teor aquoso, tais como lo\u00e7\u00f5es, hidrog\u00e9is, xampus e g\u00e9is de banho.<\/p>\n<p><span style=\"color: #339966;\"><strong>Extratos de animais<\/strong><\/span><br \/>\nOs extratos de origem animal s\u00e3o compostos espec\u00edficos com grau cosm\u00e9tico obtidos a partir de tecidos animais.<\/p>\n<p><span style=\"color: #339966;\"><strong>Fluid extracts and alcoholics<\/strong><\/span><br \/>\nS\u00e3o extratos produzidos atrav\u00e9s da utiliza\u00e7\u00e3o de diversos solventes, a escolha depende da mat\u00e9ria-prima, seus componentes e os poss\u00edveis usos que ter\u00e1 o extrato podendo desenvolver-se a partir de vegetais, plantas ou frutos.<br \/>\nSe empregam, por exemplo, na formula\u00e7\u00e3o de lo\u00e7\u00f5es capilares e t\u00f4nicos.<\/p>\n<p><span style=\"color: #339966;\"><strong>Lipossomas<\/strong><\/span><br \/>\nExtratos ou compostos micro encapsulados, formados em um sistema fechado de membrana por meio de pequenas bolhas de gordura (mesofases esm\u00e9ticos) que s\u00e3o formadas por \u00e1gua rodeada de membranas de dupla camada fosfolip\u00eddica, conhecida como lipossomas. Podem conter compostos do tipo de ervas, frutas ou vegetais. Os lipossomas podem apresentar-se na forma de g\u00e9is, cremes super-concentrados ou l\u00edquidos.<br \/>\n&nbsp;<\/p>\n<\/div>\n<div style=\"padding: 10px 0 \"  class=\"interactive_bottom\"><div class='button_holder_left'><iframe allowtransparency='true' frameborder='0' scrolling='no' src='\/\/platform.twitter.com\/widgets\/tweet_button.html?url=http%3A%2F%2Fwww.eclatlab.com%2Fpt-br%2Ftecnologia-e-processos%2F&amp;text=Tecnologia e Processos&amp;count=vertical&amp;lang=' style='width:55px; height:65px;' ><\/iframe><\/div><div class='button_holder_left'><iframe src='\/\/www.facebook.com\/plugins\/like.php?href=http%3A%2F%2Fwww.eclatlab.com%2Fpt-br%2Ftecnologia-e-processos%2F&amp;layout=standard&amp;show_faces=false&amp;width=55&amp;action=like&amp;font=arial&amp;colorscheme=light&amp;height=31' scrolling='no' frameborder='0' style='border:none; overflow:hidden; width:55px; height:31px;' allowTransparency='true'><\/iframe><\/div><\/div>","protected":false},"excerpt":{"rendered":"<p>Perfil dos produtos naturais na ind\u00fastria cosm\u00e9tica.&nbsp;&nbsp; O aumento do<a href=\"http:\/\/www.eclatlab.com\/pt-br\/tecnologia-e-processos\/\" class=\"read-more\">Continue Reading<\/a><\/p>\n","protected":false},"author":1,"featured_media":0,"parent":0,"menu_order":7,"comment_status":"open","ping_status":"closed","template":"industries_template.php","meta":{"ngg_post_thumbnail":0},"categories":[],"tags":[],"_links":{"self":[{"href":"http:\/\/www.eclatlab.com\/pt-br\/wp-json\/wp\/v2\/pages\/3333"}],"collection":[{"href":"http:\/\/www.eclatlab.com\/pt-br\/wp-json\/wp\/v2\/pages"}],"about":[{"href":"http:\/\/www.eclatlab.com\/pt-br\/wp-json\/wp\/v2\/types\/page"}],"author":[{"embeddable":true,"href":"http:\/\/www.eclatlab.com\/pt-br\/wp-json\/wp\/v2\/users\/1"}],"replies":[{"embeddable":true,"href":"http:\/\/www.eclatlab.com\/pt-br\/wp-json\/wp\/v2\/comments?post=3333"}],"version-history":[{"count":0,"href":"http:\/\/www.eclatlab.com\/pt-br\/wp-json\/wp\/v2\/pages\/3333\/revisions"}],"wp:attachment":[{"href":"http:\/\/www.eclatlab.com\/pt-br\/wp-json\/wp\/v2\/media?parent=3333"}],"wp:term":[{"taxonomy":"category","embeddable":true,"href":"http:\/\/www.eclatlab.com\/pt-br\/wp-json\/wp\/v2\/categories?post=3333"},{"taxonomy":"post_tag","embeddable":true,"href":"http:\/\/www.eclatlab.com\/pt-br\/wp-json\/wp\/v2\/tags?post=3333"}],"curies":[{"name":"wp","href":"https:\/\/api.w.org\/{rel}","templated":true}]}}