{"id":3331,"date":"2014-01-08T14:55:59","date_gmt":"2014-01-08T18:55:59","guid":{"rendered":"http:\/\/www.eclatlab.com\/?page_id=3331"},"modified":"2025-12-11T18:44:55","modified_gmt":"2025-12-11T22:44:55","slug":"nos","status":"publish","type":"page","link":"http:\/\/www.eclatlab.com\/pt-br\/nos\/","title":{"rendered":"N\u00f3s"},"content":{"rendered":"<div class=\"row\"><span style=\"color: #339966;\"><strong>Eclat<\/strong><\/span>&nbsp;&nbsp;&nbsp;&nbsp;&nbsp;<\/p>\n<p>N\u00f3s do Laborat\u00f3rio \u00c9clat nos especializamos para ser a melhor alternativa na produ\u00e7\u00e3o e comercializa\u00e7\u00e3o de <span style=\"color: #339966;\">extratos naturais<\/span>, direcionado para as ind\u00fastrias cosm\u00e9tica, nutrac\u00eautica e fitofarmac\u00eautica.<\/p>\n<p>Temos uma vasta experi\u00eancia de mais de 32 anos como fornecedores no mercado nacional, al\u00e9m de exportar os nossos produtos com grande sucesso para pa\u00edses como Porto Rico, Guatemala, Col\u00f4mbia, Brasil, \u00c1frica do Sul e Rep\u00fablica Dominicana.<\/p>\n<p>Nosso portf\u00f3lio \u00e9 composto por <span style=\"color: #339966;\">mais de 350 produtos<\/span>, fabricados dentro dos <span style=\"color: #339966;\">mais altos padr\u00f5es de qualidade<\/span>, apoiados por nossa gest\u00e3o de qualidade certificada dentro da ISO 9001:2015. Temos inovadores processos de pesquisa e desenvolvimento que nos permitem oferecer aos nossos clientes a mais alta qualidade e a capacidade de desenvolver novos produtos adaptados \u00e0s suas necessidades espec\u00edficas.<\/p>\n<p>O Laborat\u00f3rio \u00c9clat est\u00e1 atualmente em um processo de expans\u00e3o, criando parcerias estrat\u00e9gicas para entrar no mercado canadense e fortalecer a produ\u00e7\u00e3o no mercado mexicano.<\/p>\n<p>&nbsp;<\/p>\n<p>            \n\t\t<div class=\"ngg-gallery-singlepic-image ngg-left\" style=\"max-width: 80px\">\n\t\t\t    \t<a href=\"http:\/\/www.eclatlab.com\/wp-content\/gallery\/img\/us1_quality_policy.png\"\n\t\t     title=\"Productos Naturales con la m\u00e1xima calidad\"\n             data-src=\"http:\/\/www.eclatlab.com\/wp-content\/gallery\/img\/us1_quality_policy.png\"\n             data-thumbnail=\"http:\/\/www.eclatlab.com\/wp-content\/gallery\/img\/thumbs\/thumbs_us1_quality_policy.png\"\n             data-image-id=\"104\"\n             data-title=\"us1_quality_policy\"\n             data-description=\"Productos Naturales con la m\u00e1xima calidad\"\n             target='_self'\n             >\n            <img class=\"ngg-singlepic\"\n             src=\"http:\/\/www.eclatlab.com\/wp-content\/gallery\/img\/cache\/us1_quality_policy.png-nggid03104-ngg0dyn-80x60x100-00f0w010c010r110f110r010t010.png\"\n             alt=\"us1_quality_policy\"\n             title=\"us1_quality_policy\"\n              width=\"80\"               \/>\n    \t<\/a>\n\t\t      <\/div>\n        <br \/>\n<span style=\"color: #339966;\"><strong>Pol\u00edticas da Qualidade<\/strong><\/span><br \/>\nGarantir a total satisfa\u00e7\u00e3o do cliente, atendendo ou superando as expectativas de nossos parceiros de neg\u00f3cios; assegurando o cumprimento dos requisitos legais e regulamentares, cumprindo permanentemente os mais elevados padr\u00f5es de desempenho e qualidade.<\/p>\n<p>&nbsp;<\/p>\n<p>            \n\t\t<div class=\"ngg-gallery-singlepic-image ngg-left\" style=\"max-width: 80px\">\n\t\t\t    \t<a href=\"http:\/\/www.eclatlab.com\/wp-content\/gallery\/img\/us2_mision.png\"\n\t\t     title=\"Eclat Laboratorio: Nuestra mision\"\n             data-src=\"http:\/\/www.eclatlab.com\/wp-content\/gallery\/img\/us2_mision.png\"\n             data-thumbnail=\"http:\/\/www.eclatlab.com\/wp-content\/gallery\/img\/thumbs\/thumbs_us2_mision.png\"\n             data-image-id=\"105\"\n             data-title=\"us2_mision\"\n             data-description=\"Eclat Laboratorio: Nuestra mision\"\n             target='_self'\n             >\n            <img class=\"ngg-singlepic\"\n             src=\"http:\/\/www.eclatlab.com\/wp-content\/gallery\/img\/cache\/us2_mision.png-nggid03105-ngg0dyn-80x60x100-00f0w010c010r110f110r010t010.png\"\n             alt=\"us2_mision\"\n             title=\"us2_mision\"\n              width=\"80\"               \/>\n    \t<\/a>\n\t\t      <\/div>\n        <br \/>\n<span style=\"color: #339966;\"><strong>Miss\u00e3o<\/strong><\/span><br \/>\nFornecer extratos de origem natural de classe mundial aos nossos parceiros de neg\u00f3cios, por meio do desenvolvimento de produtos eficientes com base em nossa ampla experi\u00eancia. A nossa equipa de colaboradores e especialistas aposta na ecoinova\u00e7\u00e3o e na melhoria cont\u00ednua.<\/p>\n<p>&nbsp;<\/p>\n<p>            \n\t\t<div class=\"ngg-gallery-singlepic-image ngg-left\" style=\"max-width: 80px\">\n\t\t\t    \t<a href=\"http:\/\/www.eclatlab.com\/wp-content\/gallery\/img\/us3_vision.png\"\n\t\t     title=\"Vision de Laboratorio Eclat\"\n             data-src=\"http:\/\/www.eclatlab.com\/wp-content\/gallery\/img\/us3_vision.png\"\n             data-thumbnail=\"http:\/\/www.eclatlab.com\/wp-content\/gallery\/img\/thumbs\/thumbs_us3_vision.png\"\n             data-image-id=\"106\"\n             data-title=\"us3_vision\"\n             data-description=\"Vision de Laboratorio Eclat\"\n             target='_self'\n             >\n            <img class=\"ngg-singlepic\"\n             src=\"http:\/\/www.eclatlab.com\/wp-content\/gallery\/img\/cache\/us3_vision.png-nggid03106-ngg0dyn-80x60x100-00f0w010c010r110f110r010t010.png\"\n             alt=\"us3_vision\"\n             title=\"us3_vision\"\n              width=\"80\"               \/>\n    \t<\/a>\n\t\t      <\/div>\n        <br \/>\n<span style=\"color: #339966;\"><strong>Vis\u00e3o<\/strong><\/span><br \/>\nSer conhecido internacionalmente como fornecedor l\u00edder de extratos para a ind\u00fastria de cuidados com a sa\u00fade, oferecendo consistentemente produtos naturais de alto valor; al\u00e9m de continuar conquistando pr\u00eamios com nossas iniciativas ecoeficientes.<\/p>\n<p>&nbsp;<\/p>\n<p>            \n\t\t<div class=\"ngg-gallery-singlepic-image ngg-left\" style=\"max-width: 80px\">\n\t\t\t    \t<a href=\"http:\/\/www.eclatlab.com\/wp-content\/gallery\/img\/us4_iso.png\"\n\t\t     title=\"Laboratorio Eclat cuenta con certificaci\u00f3n ISO 9000 : 2008\"\n             data-src=\"http:\/\/www.eclatlab.com\/wp-content\/gallery\/img\/us4_iso.png\"\n             data-thumbnail=\"http:\/\/www.eclatlab.com\/wp-content\/gallery\/img\/thumbs\/thumbs_us4_iso.png\"\n             data-image-id=\"107\"\n             data-title=\"us4_iso\"\n             data-description=\"Laboratorio Eclat cuenta con certificaci\u00f3n ISO 9000 : 2008\"\n             target='_self'\n             >\n            <img class=\"ngg-singlepic\"\n             src=\"http:\/\/www.eclatlab.com\/wp-content\/gallery\/img\/cache\/us4_iso.png-nggid03107-ngg0dyn-80x60x100-00f0w010c010r110f110r010t010.png\"\n             alt=\"us4_iso\"\n             title=\"us4_iso\"\n              width=\"80\"               \/>\n    \t<\/a>\n\t\t      <\/div>\n        <br \/>\n<span style=\"color: #339966;\"><strong>Certifica\u00e7\u00e3o ISO 9001: 2015<\/strong><\/span><br \/>\nN\u00f3s elaboramos os nossos produtos com os rigorosos padr\u00f5es de qualidade.<br \/>\nN\u00f3s exportamos para Porto Rico, Guatemala, Col\u00f4mbia, Brasil, \u00c1frica do Sul e Rep\u00fablica Dominicana.<\/p>\n<\/div>\n<div class=\"row\">\n<p>&nbsp;<\/p>\n<\/div>\n            \n\t\t<div class=\"ngg-gallery-singlepic-image ngg-left\" style=\"max-width: 80px\">\n\t\t\t    \t<a href=\"http:\/\/www.eclatlab.com\/wp-content\/gallery\/img\/1_ind-limpia.jpg\"\n\t\t     title=\"\"\n             data-src=\"http:\/\/www.eclatlab.com\/wp-content\/gallery\/img\/1_ind-limpia.jpg\"\n             data-thumbnail=\"http:\/\/www.eclatlab.com\/wp-content\/gallery\/img\/thumbs\/thumbs_1_ind-limpia.jpg\"\n             data-image-id=\"687\"\n             data-title=\"1_ind-limpia\"\n             data-description=\"\"\n             target='_self'\n             >\n            <img class=\"ngg-singlepic\"\n             src=\"http:\/\/www.eclatlab.com\/wp-content\/gallery\/img\/cache\/1_ind-limpia.jpg-nggid03687-ngg0dyn-80x80x100-00f0w010c010r110f110r010t010.jpg\"\n             alt=\"1_ind-limpia\"\n             title=\"1_ind-limpia\"\n              width=\"80\"               \/>\n    \t<\/a>\n\t\t      <\/div>\n        \n<p><span style=\"color: #339966;\"><strong>Certifica\u00e7\u00e3o da Ind\u00fastria Limpa<\/strong><\/span><br \/>\nO Laborat\u00f3rio Eclat est\u00e1 comprometido com a salvaguarda do patrim\u00f4nio ambiental de nosso pa\u00eds.<\/p>\n<div style=\"padding: 10px 0 \"  class=\"interactive_bottom\"><div class='button_holder_left'><iframe allowtransparency='true' frameborder='0' scrolling='no' src='\/\/platform.twitter.com\/widgets\/tweet_button.html?url=http%3A%2F%2Fwww.eclatlab.com%2Fpt-br%2Fnos%2F&amp;text=N\u00f3s&amp;count=vertical&amp;lang=' style='width:55px; height:65px;' ><\/iframe><\/div><div class='button_holder_left'><iframe src='\/\/www.facebook.com\/plugins\/like.php?href=http%3A%2F%2Fwww.eclatlab.com%2Fpt-br%2Fnos%2F&amp;layout=standard&amp;show_faces=false&amp;width=55&amp;action=like&amp;font=arial&amp;colorscheme=light&amp;height=31' scrolling='no' frameborder='0' style='border:none; overflow:hidden; width:55px; height:31px;' allowTransparency='true'><\/iframe><\/div><\/div>","protected":false},"excerpt":{"rendered":"<p>Eclat&nbsp;&nbsp;&nbsp;&nbsp;&nbsp; N\u00f3s do Laborat\u00f3rio \u00c9clat nos especializamos para ser a<a href=\"http:\/\/www.eclatlab.com\/pt-br\/nos\/\" class=\"read-more\">Continue Reading<\/a><\/p>\n","protected":false},"author":1,"featured_media":0,"parent":0,"menu_order":6,"comment_status":"open","ping_status":"closed","template":"industries_template.php","meta":{"ngg_post_thumbnail":0},"categories":[],"tags":[],"_links":{"self":[{"href":"http:\/\/www.eclatlab.com\/pt-br\/wp-json\/wp\/v2\/pages\/3331"}],"collection":[{"href":"http:\/\/www.eclatlab.com\/pt-br\/wp-json\/wp\/v2\/pages"}],"about":[{"href":"http:\/\/www.eclatlab.com\/pt-br\/wp-json\/wp\/v2\/types\/page"}],"author":[{"embeddable":true,"href":"http:\/\/www.eclatlab.com\/pt-br\/wp-json\/wp\/v2\/users\/1"}],"replies":[{"embeddable":true,"href":"http:\/\/www.eclatlab.com\/pt-br\/wp-json\/wp\/v2\/comments?post=3331"}],"version-history":[{"count":0,"href":"http:\/\/www.eclatlab.com\/pt-br\/wp-json\/wp\/v2\/pages\/3331\/revisions"}],"wp:attachment":[{"href":"http:\/\/www.eclatlab.com\/pt-br\/wp-json\/wp\/v2\/media?parent=3331"}],"wp:term":[{"taxonomy":"category","embeddable":true,"href":"http:\/\/www.eclatlab.com\/pt-br\/wp-json\/wp\/v2\/categories?post=3331"},{"taxonomy":"post_tag","embeddable":true,"href":"http:\/\/www.eclatlab.com\/pt-br\/wp-json\/wp\/v2\/tags?post=3331"}],"curies":[{"name":"wp","href":"https:\/\/api.w.org\/{rel}","templated":true}]}}