{"id":3301,"date":"2013-12-12T20:32:30","date_gmt":"2013-12-13T00:32:30","guid":{"rendered":"http:\/\/www.eclatlab.com\/?page_id=3301"},"modified":"2013-12-12T20:32:30","modified_gmt":"2013-12-13T00:32:30","slug":"produtos-em-destaque","status":"publish","type":"page","link":"http:\/\/www.eclatlab.com\/pt-br\/produtos-em-destaque\/","title":{"rendered":"Produtos em Destaque"},"content":{"rendered":"<p>Nossa ampla experi\u00eancia e conhecimento no desenvolvimento de extratos naturais nos permitiu desenvolver produtos que t\u00eam uma qualidade reconhecida dentro da ind\u00fastria, al\u00e9m de cumprir com os requisitos de qualidade estabelecidos, demonstram uma efic\u00e1cia farmacol\u00f3gica superior, marcando assim produtos em alta demanda na ind\u00fastria de cosm\u00e9ticos.<\/p>\n<div style=\"padding: 10px 0 \"  class=\"interactive_bottom\"><div class='button_holder_left'><iframe allowtransparency='true' frameborder='0' scrolling='no' src='\/\/platform.twitter.com\/widgets\/tweet_button.html?url=http%3A%2F%2Fwww.eclatlab.com%2Fpt-br%2Fprodutos-em-destaque%2F&amp;text=Produtos em Destaque&amp;count=vertical&amp;lang=' style='width:55px; height:65px;' ><\/iframe><\/div><div class='button_holder_left'><iframe src='\/\/www.facebook.com\/plugins\/like.php?href=http%3A%2F%2Fwww.eclatlab.com%2Fpt-br%2Fprodutos-em-destaque%2F&amp;layout=standard&amp;show_faces=false&amp;width=55&amp;action=like&amp;font=arial&amp;colorscheme=light&amp;height=31' scrolling='no' frameborder='0' style='border:none; overflow:hidden; width:55px; height:31px;' allowTransparency='true'><\/iframe><\/div><\/div>","protected":false},"excerpt":{"rendered":"<p>Nossa ampla experi\u00eancia e conhecimento no desenvolvimento de extratos naturais<a href=\"http:\/\/www.eclatlab.com\/pt-br\/produtos-em-destaque\/\" class=\"read-more\">Continue Reading<\/a><\/p>\n","protected":false},"author":1,"featured_media":0,"parent":0,"menu_order":4,"comment_status":"closed","ping_status":"closed","template":"products_template.php","meta":{"ngg_post_thumbnail":0},"categories":[],"tags":[628,632,635,636,637],"_links":{"self":[{"href":"http:\/\/www.eclatlab.com\/pt-br\/wp-json\/wp\/v2\/pages\/3301"}],"collection":[{"href":"http:\/\/www.eclatlab.com\/pt-br\/wp-json\/wp\/v2\/pages"}],"about":[{"href":"http:\/\/www.eclatlab.com\/pt-br\/wp-json\/wp\/v2\/types\/page"}],"author":[{"embeddable":true,"href":"http:\/\/www.eclatlab.com\/pt-br\/wp-json\/wp\/v2\/users\/1"}],"replies":[{"embeddable":true,"href":"http:\/\/www.eclatlab.com\/pt-br\/wp-json\/wp\/v2\/comments?post=3301"}],"version-history":[{"count":0,"href":"http:\/\/www.eclatlab.com\/pt-br\/wp-json\/wp\/v2\/pages\/3301\/revisions"}],"wp:attachment":[{"href":"http:\/\/www.eclatlab.com\/pt-br\/wp-json\/wp\/v2\/media?parent=3301"}],"wp:term":[{"taxonomy":"category","embeddable":true,"href":"http:\/\/www.eclatlab.com\/pt-br\/wp-json\/wp\/v2\/categories?post=3301"},{"taxonomy":"post_tag","embeddable":true,"href":"http:\/\/www.eclatlab.com\/pt-br\/wp-json\/wp\/v2\/tags?post=3301"}],"curies":[{"name":"wp","href":"https:\/\/api.w.org\/{rel}","templated":true}]}}