{"id":3300,"date":"2013-12-12T20:30:51","date_gmt":"2013-12-13T00:30:51","guid":{"rendered":"http:\/\/www.eclatlab.com\/?page_id=3300"},"modified":"2015-04-04T17:02:30","modified_gmt":"2015-04-04T21:02:30","slug":"industria-fitofarmaceutica","status":"publish","type":"page","link":"http:\/\/www.eclatlab.com\/pt-br\/industria-fitofarmaceutica\/","title":{"rendered":"Ind\u00fastria Fitofarmac\u00eautica"},"content":{"rendered":"<div class=\"row\">\nA ind\u00fastria fitofarmac\u00eautica \u00e9 respons\u00e1vel por utilizar plantas ou seus derivados para prevenir, mitigar ou curar doen\u00e7as.<\/p>\n<p>H\u00e1 registros de tempos antigos sobre a cura com plantas medicinais e seus extratos, grande parte deste conhecimento \u00e9 emp\u00edrico. Nos \u00faltimos tempos, \u00e9 usado na farmacognosia (a ci\u00eancia que lida com o estudo de drogas e subst\u00e2ncias medicamentosas de origem natural) para o estudo de medicamentos naturais.<\/p>\n<p>A farmacognosia passou a ser obrigat\u00f3ria nas escolas de farm\u00e1cia brasileiras a partir de 1920.<\/p>\n<p>Atualmente, a fitoterapia emprega fitof\u00e1rmacos como extratos de uma forma padronizada, purificada e que atendem aos padr\u00f5es de qualidade, embora tamb\u00e9m possam ser usados extratos simples (os obtidos por macera\u00e7\u00e3o da planta em algum solvente).<\/p>\n<p>Dado este conhecimento o Laborat\u00f3rio \u00c9clat oferece ao mercado fitoter\u00e1pico extratos de excelente qualidade garantidos com base em normas internacionais e incluindo a flexibilidade necess\u00e1ria para preparar extratos com as especifica\u00e7\u00f5es que os nossos clientes precisam. Para atender suas necessidades, n\u00f3s submetemos cada novo desenvolvimento a investiga\u00e7\u00e3o minuciosa de modo que o extrato que chegue \u00e0 suas m\u00e3os seja o melhor do mercado.<\/p>\n<p>De acordo com o nosso objetivo de constante inova\u00e7\u00e3o e gra\u00e7as a nossa qualidade, temos um acordo com o Conselho Nacional de Ci\u00eancia e Tecnologia para a compra de um secador por aspers\u00e3o (spray dryer) que nos permite desenvolver extratos secos para facilitar a sua utiliza\u00e7\u00e3o na ind\u00fastria de fitoterapia.\n<\/p><\/div>\n<div style=\"padding: 10px 0 \"  class=\"interactive_bottom\"><div class='button_holder_left'><iframe allowtransparency='true' frameborder='0' scrolling='no' src='\/\/platform.twitter.com\/widgets\/tweet_button.html?url=http%3A%2F%2Fwww.eclatlab.com%2Fpt-br%2Findustria-fitofarmaceutica%2F&amp;text=Ind\u00fastria Fitofarmac\u00eautica&amp;count=vertical&amp;lang=' style='width:55px; height:65px;' ><\/iframe><\/div><div class='button_holder_left'><iframe src='\/\/www.facebook.com\/plugins\/like.php?href=http%3A%2F%2Fwww.eclatlab.com%2Fpt-br%2Findustria-fitofarmaceutica%2F&amp;layout=standard&amp;show_faces=false&amp;width=55&amp;action=like&amp;font=arial&amp;colorscheme=light&amp;height=31' scrolling='no' frameborder='0' style='border:none; overflow:hidden; width:55px; height:31px;' allowTransparency='true'><\/iframe><\/div><\/div>","protected":false},"excerpt":{"rendered":"<p>A ind\u00fastria fitofarmac\u00eautica \u00e9 respons\u00e1vel por utilizar plantas ou seus<a href=\"http:\/\/www.eclatlab.com\/pt-br\/industria-fitofarmaceutica\/\" class=\"read-more\">Continue Reading<\/a><\/p>\n","protected":false},"author":1,"featured_media":0,"parent":0,"menu_order":3,"comment_status":"closed","ping_status":"closed","template":"industries_template.php","meta":{"ngg_post_thumbnail":0},"categories":[],"tags":[],"_links":{"self":[{"href":"http:\/\/www.eclatlab.com\/pt-br\/wp-json\/wp\/v2\/pages\/3300"}],"collection":[{"href":"http:\/\/www.eclatlab.com\/pt-br\/wp-json\/wp\/v2\/pages"}],"about":[{"href":"http:\/\/www.eclatlab.com\/pt-br\/wp-json\/wp\/v2\/types\/page"}],"author":[{"embeddable":true,"href":"http:\/\/www.eclatlab.com\/pt-br\/wp-json\/wp\/v2\/users\/1"}],"replies":[{"embeddable":true,"href":"http:\/\/www.eclatlab.com\/pt-br\/wp-json\/wp\/v2\/comments?post=3300"}],"version-history":[{"count":0,"href":"http:\/\/www.eclatlab.com\/pt-br\/wp-json\/wp\/v2\/pages\/3300\/revisions"}],"wp:attachment":[{"href":"http:\/\/www.eclatlab.com\/pt-br\/wp-json\/wp\/v2\/media?parent=3300"}],"wp:term":[{"taxonomy":"category","embeddable":true,"href":"http:\/\/www.eclatlab.com\/pt-br\/wp-json\/wp\/v2\/categories?post=3300"},{"taxonomy":"post_tag","embeddable":true,"href":"http:\/\/www.eclatlab.com\/pt-br\/wp-json\/wp\/v2\/tags?post=3300"}],"curies":[{"name":"wp","href":"https:\/\/api.w.org\/{rel}","templated":true}]}}