{"id":3299,"date":"2013-12-12T20:24:35","date_gmt":"2013-12-13T00:24:35","guid":{"rendered":"http:\/\/www.eclatlab.com\/?page_id=3299"},"modified":"2025-12-11T18:40:59","modified_gmt":"2025-12-11T22:40:59","slug":"industria-nutraceutica","status":"publish","type":"page","link":"http:\/\/www.eclatlab.com\/pt-br\/industria-nutraceutica\/","title":{"rendered":"Ind\u00fastria Nutrac\u00eautica"},"content":{"rendered":"<div class=\"row\">Termo usado pela primeira vez pelo Dr. Stephen DeFelice em 1989 presidente da Funda\u00e7\u00e3o para a Inova\u00e7\u00e3o em Medicina (Foundation for Innovation in Medicine FIM) para designar &#8220;um alimento ou parte de um alimento que proporciona benef\u00edcios m\u00e9dicos ou de sa\u00fade, incluindo a preven\u00e7\u00e3o e\/ou tratamento de doen\u00e7as\u201d.&nbsp;<\/p>\n<p>S\u00e3o produtos de origem animal, com propriedades biol\u00f3gicas ativas que trazem benef\u00edcios para a sa\u00fade, sendo preventivo e\/ou terap\u00eautico.<br \/>\nComo qualidade os nutrac\u00eauticos s\u00e3o capazes de produzir sinergia entre eles o que \u00e9 muito ben\u00e9fico devido ao aumento da a\u00e7\u00e3o de v\u00e1rias subst\u00e2ncias ao agir em conjunto.<\/p>\n<p>O Laborat\u00f3rio \u00c9clat \u00e9 uma empresa de qualidade inovadora, sustent\u00e1vel e excelente apoiada por mais de 32 anos de experi\u00eancia no desenvolvimento de produtos naturais, e atende todos os requisitos que esses produtos devem incluir, entre outros:<\/p>\n<ul>\n<li>Contribui\u00e7\u00e3o dos efeitos ben\u00e9ficos \u00e0 sa\u00fade.<\/li>\n<li>Estabilidade do produto garantida por an\u00e1lise e apresenta\u00e7\u00e3o de certificados.<\/li>\n<li>Estudos reprodut\u00edveis.<\/li>\n<li>M\u00e9todos garantidos de obten\u00e7\u00e3o e purifica\u00e7\u00e3o.<\/li>\n<li>Pesquisa.<\/li>\n<\/ul>\n<p>No Laborat\u00f3rio \u00c9clat temos produtos de excelente qualidade, custos competitivos e um servi\u00e7o personalizado, tudo de acordo com as exig\u00eancias da ind\u00fastria nutrac\u00eautica.<\/p>\n<\/div>\n<div style=\"padding: 10px 0 \"  class=\"interactive_bottom\"><div class='button_holder_left'><iframe allowtransparency='true' frameborder='0' scrolling='no' src='\/\/platform.twitter.com\/widgets\/tweet_button.html?url=http%3A%2F%2Fwww.eclatlab.com%2Fpt-br%2Findustria-nutraceutica%2F&amp;text=Ind\u00fastria Nutrac\u00eautica&amp;count=vertical&amp;lang=' style='width:55px; height:65px;' ><\/iframe><\/div><div class='button_holder_left'><iframe src='\/\/www.facebook.com\/plugins\/like.php?href=http%3A%2F%2Fwww.eclatlab.com%2Fpt-br%2Findustria-nutraceutica%2F&amp;layout=standard&amp;show_faces=false&amp;width=55&amp;action=like&amp;font=arial&amp;colorscheme=light&amp;height=31' scrolling='no' frameborder='0' style='border:none; overflow:hidden; width:55px; height:31px;' allowTransparency='true'><\/iframe><\/div><\/div>","protected":false},"excerpt":{"rendered":"<p>Termo usado pela primeira vez pelo Dr. Stephen DeFelice em<a href=\"http:\/\/www.eclatlab.com\/pt-br\/industria-nutraceutica\/\" class=\"read-more\">Continue Reading<\/a><\/p>\n","protected":false},"author":1,"featured_media":0,"parent":0,"menu_order":2,"comment_status":"closed","ping_status":"closed","template":"industries_template.php","meta":{"ngg_post_thumbnail":0},"categories":[],"tags":[628,632,635,636,637],"_links":{"self":[{"href":"http:\/\/www.eclatlab.com\/pt-br\/wp-json\/wp\/v2\/pages\/3299"}],"collection":[{"href":"http:\/\/www.eclatlab.com\/pt-br\/wp-json\/wp\/v2\/pages"}],"about":[{"href":"http:\/\/www.eclatlab.com\/pt-br\/wp-json\/wp\/v2\/types\/page"}],"author":[{"embeddable":true,"href":"http:\/\/www.eclatlab.com\/pt-br\/wp-json\/wp\/v2\/users\/1"}],"replies":[{"embeddable":true,"href":"http:\/\/www.eclatlab.com\/pt-br\/wp-json\/wp\/v2\/comments?post=3299"}],"version-history":[{"count":0,"href":"http:\/\/www.eclatlab.com\/pt-br\/wp-json\/wp\/v2\/pages\/3299\/revisions"}],"wp:attachment":[{"href":"http:\/\/www.eclatlab.com\/pt-br\/wp-json\/wp\/v2\/media?parent=3299"}],"wp:term":[{"taxonomy":"category","embeddable":true,"href":"http:\/\/www.eclatlab.com\/pt-br\/wp-json\/wp\/v2\/categories?post=3299"},{"taxonomy":"post_tag","embeddable":true,"href":"http:\/\/www.eclatlab.com\/pt-br\/wp-json\/wp\/v2\/tags?post=3299"}],"curies":[{"name":"wp","href":"https:\/\/api.w.org\/{rel}","templated":true}]}}