{"id":3298,"date":"2013-12-12T20:19:28","date_gmt":"2013-12-13T00:19:28","guid":{"rendered":"http:\/\/www.eclatlab.com\/?page_id=3298"},"modified":"2015-04-04T17:00:54","modified_gmt":"2015-04-04T21:00:54","slug":"industria-cosmetica","status":"publish","type":"page","link":"http:\/\/www.eclatlab.com\/pt-br\/industria-cosmetica\/","title":{"rendered":"Ind\u00fastria Cosm\u00e9tica"},"content":{"rendered":"<div class=\"row\">\nO Laborat\u00f3rio \u00c9clat surgiu em 1994 devido \u00e0 necessidade crescente de produtos naturais especificamente para uso na ind\u00fastria de cosm\u00e9ticos, criando formula\u00e7\u00f5es que at\u00e9 hoje continuam atendendo as necessidades de cada um de nossos clientes, contando com uma excelente qualidade.<\/p>\n<p>O setor da ind\u00fastria cosm\u00e9tica inclui produtos de cuidados da pele, como repelentes de insetos de aplica\u00e7\u00e3o direta sobre a pele, produtos do sistema do fol\u00edculo piloso e capilar como xampus, enx\u00e1gues-condicionadores, sprays, mousses, fixadores, cremes para pentear, tratamentos capilares e tintas; produtos de higiene, como sabonetes, g\u00e9is, cremes e espumas de barbear, barbeador e suas pe\u00e7as; maquiagens, produtos para unhas, perfumes, desodorantes, antitranspirantes, fragr\u00e2ncias, talcos, entre outros.<\/p>\n<p>Al\u00e9m de contar com extratos que podem ser utilizados para todos os fins mencionados; O Laborat\u00f3rio \u00c9clat fornece a const\u00e2ncia de que os nossos produtos s\u00e3o completamente naturais e org\u00e2nicos, assim n\u00f3s garantimos a sua biodisponibilidade e efic\u00e1cia. Somado a isso, a empresa est\u00e1 constantemente pesquisando para encontrar novos desenvolvimentos e inova\u00e7\u00f5es para que nossos clientes continuem completamente satisfeitos.\n<\/p><\/div>\n<div style=\"padding: 10px 0 \"  class=\"interactive_bottom\"><div class='button_holder_left'><iframe allowtransparency='true' frameborder='0' scrolling='no' src='\/\/platform.twitter.com\/widgets\/tweet_button.html?url=http%3A%2F%2Fwww.eclatlab.com%2Fpt-br%2Findustria-cosmetica%2F&amp;text=Ind\u00fastria Cosm\u00e9tica&amp;count=vertical&amp;lang=' style='width:55px; height:65px;' ><\/iframe><\/div><div class='button_holder_left'><iframe src='\/\/www.facebook.com\/plugins\/like.php?href=http%3A%2F%2Fwww.eclatlab.com%2Fpt-br%2Findustria-cosmetica%2F&amp;layout=standard&amp;show_faces=false&amp;width=55&amp;action=like&amp;font=arial&amp;colorscheme=light&amp;height=31' scrolling='no' frameborder='0' style='border:none; overflow:hidden; width:55px; height:31px;' allowTransparency='true'><\/iframe><\/div><\/div>","protected":false},"excerpt":{"rendered":"<p>O Laborat\u00f3rio \u00c9clat surgiu em 1994 devido \u00e0 necessidade crescente<a href=\"http:\/\/www.eclatlab.com\/pt-br\/industria-cosmetica\/\" class=\"read-more\">Continue Reading<\/a><\/p>\n","protected":false},"author":1,"featured_media":0,"parent":0,"menu_order":1,"comment_status":"closed","ping_status":"closed","template":"industries_template.php","meta":{"ngg_post_thumbnail":0},"categories":[],"tags":[628,632,635,636,637],"_links":{"self":[{"href":"http:\/\/www.eclatlab.com\/pt-br\/wp-json\/wp\/v2\/pages\/3298"}],"collection":[{"href":"http:\/\/www.eclatlab.com\/pt-br\/wp-json\/wp\/v2\/pages"}],"about":[{"href":"http:\/\/www.eclatlab.com\/pt-br\/wp-json\/wp\/v2\/types\/page"}],"author":[{"embeddable":true,"href":"http:\/\/www.eclatlab.com\/pt-br\/wp-json\/wp\/v2\/users\/1"}],"replies":[{"embeddable":true,"href":"http:\/\/www.eclatlab.com\/pt-br\/wp-json\/wp\/v2\/comments?post=3298"}],"version-history":[{"count":0,"href":"http:\/\/www.eclatlab.com\/pt-br\/wp-json\/wp\/v2\/pages\/3298\/revisions"}],"wp:attachment":[{"href":"http:\/\/www.eclatlab.com\/pt-br\/wp-json\/wp\/v2\/media?parent=3298"}],"wp:term":[{"taxonomy":"category","embeddable":true,"href":"http:\/\/www.eclatlab.com\/pt-br\/wp-json\/wp\/v2\/categories?post=3298"},{"taxonomy":"post_tag","embeddable":true,"href":"http:\/\/www.eclatlab.com\/pt-br\/wp-json\/wp\/v2\/tags?post=3298"}],"curies":[{"name":"wp","href":"https:\/\/api.w.org\/{rel}","templated":true}]}}