{"id":818,"date":"2012-12-09T14:24:52","date_gmt":"2012-12-09T18:24:52","guid":{"rendered":"http:\/\/www.eclatlab.com\/?page_id=818"},"modified":"2016-11-01T13:17:48","modified_gmt":"2016-11-01T17:17:48","slug":"capsaicine-ameliore-la-qualite-de-vie","status":"publish","type":"page","link":"http:\/\/www.eclatlab.com\/fr\/nouvelles\/capsaicine-ameliore-la-qualite-de-vie\/","title":{"rendered":"Capsa\u00efcine am\u00e9liore la qualit\u00e9 de vie"},"content":{"rendered":"<p><strong>Timbre de capsa\u00efcine \u00e0 8% am\u00e9liore la qualit\u00e9 de vie des patients atteints de neuropathie associ\u00e9e au VIH<\/strong><\/p>\n<p>Les \u00e9tudes pr\u00e9sent\u00e9es au Congr\u00e8s mondial de la douleur montrent \u00e9galement que le traitement est efficace dans la l\u00e9sion nerveuse postop\u00e9ratoire et post-traumatique.<br \/>\nUne \u00e9tude su\u00e9doise d\u2019observation, a d\u00e9montr\u00e9 l&rsquo;efficacit\u00e9 et la tol\u00e9rance du timbre de capsa\u00efcine \u00e0 8% dans 211 patients non diab\u00e9tiques souffrant de diff\u00e9rents types de douleurs neuropathiques p\u00e9riph\u00e9riques, y compris des \u00a0l\u00e9sions partielles du nerf p\u00e9riph\u00e9rique, caus\u00e9s par des traumatismes ou des interventions chirurgicales.<\/p>\n<p>L&rsquo;\u00e9tude conclut que l&rsquo;intensit\u00e9 moyenne de la douleur (mesur\u00e9e par l&rsquo;\u00e9valuation de la douleur sur \u00c9chelle num\u00e9rique ou SNRP par ses sigles en Anglais\u00a0: \u00ab\u00a0Numeric pain rating scale\u00a0\u00bb) sur 24 heures se tenait \u00e0 l&rsquo;inclusion dans une moyenne de 6,3 (SD 1,8). La variation moyenne par rapport \u00e0 une p\u00e9riode de 14-90 jours apr\u00e8s le traitement (r\u00e9duction de la douleur maximale \u00e0 tout moment au cours de cette p\u00e9riode) est de -1,77 (SD 2,36), IC \u00e0 95% (-2,10 \u00e0 1 , 44)), P &lt;0,001. Le 29% des patients inclus dans l&rsquo;\u00e9tude ont d\u00e9clar\u00e9 qu&rsquo;ils percevaient une r\u00e9duction de la douleur de 50% ou plus, tandis que 37% ont indiqu\u00e9 une r\u00e9duction de 30% ou plus.<\/p>\n<p><em>Le 8 septembre 2012. Lisez l&rsquo;article compl\u00e8te de JANO.es (en espagnol): <a title=\"Capsaicine\" href=\"http:\/\/www.jano.es\/jano\/actualidad\/ultimas\/noticias\/janoes\/parche\/capsaicina\/8\/mejora\/calidad\/vida\/pacientes\/neuropatia\/asociada\/vih\/_f-11+iditem-17907+idtabla-1?utm_source=JANO&amp;utm_medium=email&amp;utm_campaign=Jano+diario+-+04%2F09%2F2012\">Capsa\u00efcina am\u00e9liore la qualit\u00e9 de vie.<\/a><\/em><\/p>\n<p>&nbsp;<\/p>\n<div style=\"padding: 10px 0 \"  class=\"interactive_bottom\"><div class='button_holder_left'><iframe allowtransparency='true' frameborder='0' scrolling='no' src='\/\/platform.twitter.com\/widgets\/tweet_button.html?url=http%3A%2F%2Fwww.eclatlab.com%2Ffr%2Fnouvelles%2Fcapsaicine-ameliore-la-qualite-de-vie%2F&amp;text=Capsa\u00efcine am\u00e9liore la qualit\u00e9 de vie&amp;count=vertical&amp;lang=' style='width:55px; height:65px;' ><\/iframe><\/div><div class='button_holder_left'><iframe src='\/\/www.facebook.com\/plugins\/like.php?href=http%3A%2F%2Fwww.eclatlab.com%2Ffr%2Fnouvelles%2Fcapsaicine-ameliore-la-qualite-de-vie%2F&amp;layout=standard&amp;show_faces=false&amp;width=55&amp;action=like&amp;font=arial&amp;colorscheme=light&amp;height=31' scrolling='no' frameborder='0' style='border:none; overflow:hidden; width:55px; height:31px;' allowTransparency='true'><\/iframe><\/div><\/div>","protected":false},"excerpt":{"rendered":"<p>Timbre de capsa\u00efcine \u00e0 8% am\u00e9liore la qualit\u00e9 de vie<a href=\"http:\/\/www.eclatlab.com\/fr\/nouvelles\/capsaicine-ameliore-la-qualite-de-vie\/\" class=\"read-more\">Continue Reading<\/a><\/p>\n","protected":false},"author":1,"featured_media":0,"parent":517,"menu_order":0,"comment_status":"closed","ping_status":"open","template":"industries_template.php","meta":{"ngg_post_thumbnail":0},"categories":[189],"tags":[],"_links":{"self":[{"href":"http:\/\/www.eclatlab.com\/fr\/wp-json\/wp\/v2\/pages\/818"}],"collection":[{"href":"http:\/\/www.eclatlab.com\/fr\/wp-json\/wp\/v2\/pages"}],"about":[{"href":"http:\/\/www.eclatlab.com\/fr\/wp-json\/wp\/v2\/types\/page"}],"author":[{"embeddable":true,"href":"http:\/\/www.eclatlab.com\/fr\/wp-json\/wp\/v2\/users\/1"}],"replies":[{"embeddable":true,"href":"http:\/\/www.eclatlab.com\/fr\/wp-json\/wp\/v2\/comments?post=818"}],"version-history":[{"count":0,"href":"http:\/\/www.eclatlab.com\/fr\/wp-json\/wp\/v2\/pages\/818\/revisions"}],"up":[{"embeddable":true,"href":"http:\/\/www.eclatlab.com\/fr\/wp-json\/wp\/v2\/pages\/517"}],"wp:attachment":[{"href":"http:\/\/www.eclatlab.com\/fr\/wp-json\/wp\/v2\/media?parent=818"}],"wp:term":[{"taxonomy":"category","embeddable":true,"href":"http:\/\/www.eclatlab.com\/fr\/wp-json\/wp\/v2\/categories?post=818"},{"taxonomy":"post_tag","embeddable":true,"href":"http:\/\/www.eclatlab.com\/fr\/wp-json\/wp\/v2\/tags?post=818"}],"curies":[{"name":"wp","href":"https:\/\/api.w.org\/{rel}","templated":true}]}}