{"id":762,"date":"2012-11-26T16:19:44","date_gmt":"2012-11-26T20:19:44","guid":{"rendered":"http:\/\/www.eclatlab.com\/?page_id=762"},"modified":"2021-09-17T15:31:24","modified_gmt":"2021-09-17T19:31:24","slug":"amandier-doux","status":"publish","type":"page","link":"http:\/\/www.eclatlab.com\/fr\/produits\/amandier-doux\/","title":{"rendered":"Amande douce"},"content":{"rendered":"\n<p><strong>Applications:<\/strong> Vous pouvez ajouter de <strong>l&rsquo;extrait d&rsquo;amande douce<\/strong> aux produits de soins capillaires comme le shampooing antipelliculaire, les revitalisants, dans les nettoyants, les \u00e9mollients anti-rides, les remin\u00e9ralisants, les antioxydants, l&rsquo;ecz\u00e9ma pour lutter contre la peau s\u00e8che, dans les articles de toilette et anti-calvitie, les pores tonifi\u00e9s sur le visage , affiner et adoucir la peau, apaiser plaies et br\u00fblures. Id\u00e9al pour tous les types de peau.<\/p>\n\n\n\n<p><strong>Quels sont les bienfaits de l&rsquo;amande douce?<\/strong> Elle poss\u00e8de de multiples vertus beaut\u00e9 et sant\u00e9. Riche en Om\u00e9ga 6 et en Om\u00e9ga 9, l&rsquo;huile d&rsquo;amande douce est nourrissante et assouplissante. \u00c9galement tr\u00e8s apaisante, elle calme les d\u00e9mangeaisons et les irritations. Sa composition en vitamine A am\u00e9liore l&rsquo;\u00e9lasticit\u00e9 de la peau.<\/p>\n\n\n\n<p>Le Laboratoire \u00c9clat propose l&rsquo;extrait d&rsquo;Amande Douce sous diff\u00e9rentes pr\u00e9sentations, <a href=\"http:\/\/www.eclatlab.com\/fr\/nous-joindre\/\" target=\"_blank\" rel=\"noreferrer noopener\">contactez-nous<\/a>, nous nous ferons un plaisir de vous accompagner et de vous aider \u00e0 choisir la pr\u00e9sentation la plus adapt\u00e9e \u00e0 vos besoins.<\/p>\n\n\n\n<p>Chez Laboratorio \u00c9clat, nous nous sommes sp\u00e9cialis\u00e9s pour \u00eatre la meilleure alternative dans la production et la commercialisation d&rsquo;extraits naturels, destin\u00e9s aux industries cosm\u00e9tiques, nutraceutiques et phytopharmaceutiques.<\/p>\n\n\n\n<p>Notre portefeuille est compos\u00e9 de plus de 350 produits, tous fabriqu\u00e9s selon les normes de qualit\u00e9 les plus strictes.<\/p>\n<div style=\"padding: 10px 0 \"  class=\"interactive_bottom\"><div class='button_holder_left'><iframe allowtransparency='true' frameborder='0' scrolling='no' src='\/\/platform.twitter.com\/widgets\/tweet_button.html?url=http%3A%2F%2Fwww.eclatlab.com%2Ffr%2Fproduits%2Famandier-doux%2F&amp;text=Amande douce&amp;count=vertical&amp;lang=' style='width:55px; height:65px;' ><\/iframe><\/div><div class='button_holder_left'><iframe src='\/\/www.facebook.com\/plugins\/like.php?href=http%3A%2F%2Fwww.eclatlab.com%2Ffr%2Fproduits%2Famandier-doux%2F&amp;layout=standard&amp;show_faces=false&amp;width=55&amp;action=like&amp;font=arial&amp;colorscheme=light&amp;height=31' scrolling='no' frameborder='0' style='border:none; overflow:hidden; width:55px; height:31px;' allowTransparency='true'><\/iframe><\/div><\/div>","protected":false},"excerpt":{"rendered":"<p>Applications: Vous pouvez ajouter de l&rsquo;extrait d&rsquo;amande douce aux produits<a href=\"http:\/\/www.eclatlab.com\/fr\/produits\/amandier-doux\/\" class=\"read-more\">Continue Reading<\/a><\/p>\n","protected":false},"author":1,"featured_media":0,"parent":502,"menu_order":0,"comment_status":"closed","ping_status":"closed","template":"single_product_template.php","meta":{"ngg_post_thumbnail":0},"categories":[4],"tags":[617,621,625,626],"_links":{"self":[{"href":"http:\/\/www.eclatlab.com\/fr\/wp-json\/wp\/v2\/pages\/762"}],"collection":[{"href":"http:\/\/www.eclatlab.com\/fr\/wp-json\/wp\/v2\/pages"}],"about":[{"href":"http:\/\/www.eclatlab.com\/fr\/wp-json\/wp\/v2\/types\/page"}],"author":[{"embeddable":true,"href":"http:\/\/www.eclatlab.com\/fr\/wp-json\/wp\/v2\/users\/1"}],"replies":[{"embeddable":true,"href":"http:\/\/www.eclatlab.com\/fr\/wp-json\/wp\/v2\/comments?post=762"}],"version-history":[{"count":0,"href":"http:\/\/www.eclatlab.com\/fr\/wp-json\/wp\/v2\/pages\/762\/revisions"}],"up":[{"embeddable":true,"href":"http:\/\/www.eclatlab.com\/fr\/wp-json\/wp\/v2\/pages\/502"}],"wp:attachment":[{"href":"http:\/\/www.eclatlab.com\/fr\/wp-json\/wp\/v2\/media?parent=762"}],"wp:term":[{"taxonomy":"category","embeddable":true,"href":"http:\/\/www.eclatlab.com\/fr\/wp-json\/wp\/v2\/categories?post=762"},{"taxonomy":"post_tag","embeddable":true,"href":"http:\/\/www.eclatlab.com\/fr\/wp-json\/wp\/v2\/tags?post=762"}],"curies":[{"name":"wp","href":"https:\/\/api.w.org\/{rel}","templated":true}]}}