{"id":709,"date":"2012-11-26T13:26:11","date_gmt":"2012-11-26T17:26:11","guid":{"rendered":"http:\/\/www.eclatlab.com\/?page_id=709"},"modified":"2012-11-26T13:26:11","modified_gmt":"2012-11-26T17:26:11","slug":"chili","status":"publish","type":"page","link":"http:\/\/www.eclatlab.com\/fr\/produits\/chili\/","title":{"rendered":"Chili"},"content":{"rendered":"<p>L&rsquo;esp\u00e8ce est divis\u00e9e en deux groupes: le sucr\u00e9 et \u00e9pic\u00e9, l&rsquo;extrait obtenu \u00e0 partir du fruit. Compos\u00e9s tels que la capsa\u00efcine, l&rsquo;ac\u00e9tamide a t\u00e9trad\u00e9cyle, un groupe m\u00e9thyle, dim\u00e9thyle Nnitrosamina N-nitroso-pilorridina, la choline, l&rsquo;ac\u00e9tylcholine, le carot\u00e8ne, l&rsquo;acide ascorbique, la thiamine, des flavono\u00efdes, citrosatin, toteno, le phytoflu\u00e8ne, la violaxanthine, la z\u00e9axanthine, sesquiterp\u00e8nes, diterp\u00e8nes, triterp\u00e8nes, le cycloart\u00e9nol, cicloeucalenol, gramisterol, le lanost\u00e9rol, lofenol, des compos\u00e9s ph\u00e9noliques, des sels min\u00e9raux, des huiles essentielles.<\/p>\n<div style=\"padding: 10px 0 \"  class=\"interactive_bottom\"><div class='button_holder_left'><iframe allowtransparency='true' frameborder='0' scrolling='no' src='\/\/platform.twitter.com\/widgets\/tweet_button.html?url=http%3A%2F%2Fwww.eclatlab.com%2Ffr%2Fproduits%2Fchili%2F&amp;text=Chili&amp;count=vertical&amp;lang=' style='width:55px; height:65px;' ><\/iframe><\/div><div class='button_holder_left'><iframe src='\/\/www.facebook.com\/plugins\/like.php?href=http%3A%2F%2Fwww.eclatlab.com%2Ffr%2Fproduits%2Fchili%2F&amp;layout=standard&amp;show_faces=false&amp;width=55&amp;action=like&amp;font=arial&amp;colorscheme=light&amp;height=31' scrolling='no' frameborder='0' style='border:none; overflow:hidden; width:55px; height:31px;' allowTransparency='true'><\/iframe><\/div><\/div>","protected":false},"excerpt":{"rendered":"<p>L&rsquo;esp\u00e8ce est divis\u00e9e en deux groupes: le sucr\u00e9 et \u00e9pic\u00e9,<a href=\"http:\/\/www.eclatlab.com\/fr\/produits\/chili\/\" class=\"read-more\">Continue Reading<\/a><\/p>\n","protected":false},"author":1,"featured_media":0,"parent":502,"menu_order":0,"comment_status":"closed","ping_status":"closed","template":"single_product_template.php","meta":{"ngg_post_thumbnail":0},"categories":[4],"tags":[617,621,625,626],"_links":{"self":[{"href":"http:\/\/www.eclatlab.com\/fr\/wp-json\/wp\/v2\/pages\/709"}],"collection":[{"href":"http:\/\/www.eclatlab.com\/fr\/wp-json\/wp\/v2\/pages"}],"about":[{"href":"http:\/\/www.eclatlab.com\/fr\/wp-json\/wp\/v2\/types\/page"}],"author":[{"embeddable":true,"href":"http:\/\/www.eclatlab.com\/fr\/wp-json\/wp\/v2\/users\/1"}],"replies":[{"embeddable":true,"href":"http:\/\/www.eclatlab.com\/fr\/wp-json\/wp\/v2\/comments?post=709"}],"version-history":[{"count":0,"href":"http:\/\/www.eclatlab.com\/fr\/wp-json\/wp\/v2\/pages\/709\/revisions"}],"up":[{"embeddable":true,"href":"http:\/\/www.eclatlab.com\/fr\/wp-json\/wp\/v2\/pages\/502"}],"wp:attachment":[{"href":"http:\/\/www.eclatlab.com\/fr\/wp-json\/wp\/v2\/media?parent=709"}],"wp:term":[{"taxonomy":"category","embeddable":true,"href":"http:\/\/www.eclatlab.com\/fr\/wp-json\/wp\/v2\/categories?post=709"},{"taxonomy":"post_tag","embeddable":true,"href":"http:\/\/www.eclatlab.com\/fr\/wp-json\/wp\/v2\/tags?post=709"}],"curies":[{"name":"wp","href":"https:\/\/api.w.org\/{rel}","templated":true}]}}