{"id":697,"date":"2012-11-26T11:48:24","date_gmt":"2012-11-26T15:48:24","guid":{"rendered":"http:\/\/www.eclatlab.com\/?page_id=697"},"modified":"2012-11-26T11:48:24","modified_gmt":"2012-11-26T15:48:24","slug":"acide-hyaluronique","status":"publish","type":"page","link":"http:\/\/www.eclatlab.com\/fr\/produits\/acide-hyaluronique\/","title":{"rendered":"Acide Hyaluronique"},"content":{"rendered":"<p>Il est le principal composant de l&rsquo;humeur vitr\u00e9e et le liquide synovial, mais elle est tr\u00e8s r\u00e9pandue dans la matrice extracellulaire partout.<\/p>\n<div style=\"padding: 10px 0 \"  class=\"interactive_bottom\"><div class='button_holder_left'><iframe allowtransparency='true' frameborder='0' scrolling='no' src='\/\/platform.twitter.com\/widgets\/tweet_button.html?url=http%3A%2F%2Fwww.eclatlab.com%2Ffr%2Fproduits%2Facide-hyaluronique%2F&amp;text=Acide Hyaluronique&amp;count=vertical&amp;lang=' style='width:55px; height:65px;' ><\/iframe><\/div><div class='button_holder_left'><iframe src='\/\/www.facebook.com\/plugins\/like.php?href=http%3A%2F%2Fwww.eclatlab.com%2Ffr%2Fproduits%2Facide-hyaluronique%2F&amp;layout=standard&amp;show_faces=false&amp;width=55&amp;action=like&amp;font=arial&amp;colorscheme=light&amp;height=31' scrolling='no' frameborder='0' style='border:none; overflow:hidden; width:55px; height:31px;' allowTransparency='true'><\/iframe><\/div><\/div>","protected":false},"excerpt":{"rendered":"<p>Il est le principal composant de l&rsquo;humeur vitr\u00e9e et le<a href=\"http:\/\/www.eclatlab.com\/fr\/produits\/acide-hyaluronique\/\" class=\"read-more\">Continue Reading<\/a><\/p>\n","protected":false},"author":1,"featured_media":0,"parent":502,"menu_order":0,"comment_status":"closed","ping_status":"closed","template":"single_product_template.php","meta":{"ngg_post_thumbnail":0},"categories":[4],"tags":[617,621,625,626],"_links":{"self":[{"href":"http:\/\/www.eclatlab.com\/fr\/wp-json\/wp\/v2\/pages\/697"}],"collection":[{"href":"http:\/\/www.eclatlab.com\/fr\/wp-json\/wp\/v2\/pages"}],"about":[{"href":"http:\/\/www.eclatlab.com\/fr\/wp-json\/wp\/v2\/types\/page"}],"author":[{"embeddable":true,"href":"http:\/\/www.eclatlab.com\/fr\/wp-json\/wp\/v2\/users\/1"}],"replies":[{"embeddable":true,"href":"http:\/\/www.eclatlab.com\/fr\/wp-json\/wp\/v2\/comments?post=697"}],"version-history":[{"count":0,"href":"http:\/\/www.eclatlab.com\/fr\/wp-json\/wp\/v2\/pages\/697\/revisions"}],"up":[{"embeddable":true,"href":"http:\/\/www.eclatlab.com\/fr\/wp-json\/wp\/v2\/pages\/502"}],"wp:attachment":[{"href":"http:\/\/www.eclatlab.com\/fr\/wp-json\/wp\/v2\/media?parent=697"}],"wp:term":[{"taxonomy":"category","embeddable":true,"href":"http:\/\/www.eclatlab.com\/fr\/wp-json\/wp\/v2\/categories?post=697"},{"taxonomy":"post_tag","embeddable":true,"href":"http:\/\/www.eclatlab.com\/fr\/wp-json\/wp\/v2\/tags?post=697"}],"curies":[{"name":"wp","href":"https:\/\/api.w.org\/{rel}","templated":true}]}}