{"id":632,"date":"2012-11-21T20:47:52","date_gmt":"2012-11-22T00:47:52","guid":{"rendered":"http:\/\/www.eclatlab.com\/?page_id=632"},"modified":"2012-11-22T12:54:47","modified_gmt":"2012-11-22T16:54:47","slug":"artichaut","status":"publish","type":"page","link":"http:\/\/www.eclatlab.com\/fr\/produits\/artichaut\/","title":{"rendered":"Artichaut"},"content":{"rendered":"<p>L&rsquo;extrait aqueux est obtenu \u00e0 partir des fleurs et des feuilles. Ses principaux effets sont attribu\u00e9s \u00e0 la pr\u00e9sence de flavono\u00efdes et am\u00e8res Camarinas principes.<\/p>\n<div style=\"padding: 10px 0 \"  class=\"interactive_bottom\"><div class='button_holder_left'><iframe allowtransparency='true' frameborder='0' scrolling='no' src='\/\/platform.twitter.com\/widgets\/tweet_button.html?url=http%3A%2F%2Fwww.eclatlab.com%2Ffr%2Fproduits%2Fartichaut%2F&amp;text=Artichaut&amp;count=vertical&amp;lang=' style='width:55px; height:65px;' ><\/iframe><\/div><div class='button_holder_left'><iframe src='\/\/www.facebook.com\/plugins\/like.php?href=http%3A%2F%2Fwww.eclatlab.com%2Ffr%2Fproduits%2Fartichaut%2F&amp;layout=standard&amp;show_faces=false&amp;width=55&amp;action=like&amp;font=arial&amp;colorscheme=light&amp;height=31' scrolling='no' frameborder='0' style='border:none; overflow:hidden; width:55px; height:31px;' allowTransparency='true'><\/iframe><\/div><\/div>","protected":false},"excerpt":{"rendered":"<p>L&rsquo;extrait aqueux est obtenu \u00e0 partir des fleurs et des<a href=\"http:\/\/www.eclatlab.com\/fr\/produits\/artichaut\/\" class=\"read-more\">Continue Reading<\/a><\/p>\n","protected":false},"author":1,"featured_media":0,"parent":502,"menu_order":0,"comment_status":"closed","ping_status":"closed","template":"single_product_template.php","meta":{"ngg_post_thumbnail":0},"categories":[4],"tags":[],"_links":{"self":[{"href":"http:\/\/www.eclatlab.com\/fr\/wp-json\/wp\/v2\/pages\/632"}],"collection":[{"href":"http:\/\/www.eclatlab.com\/fr\/wp-json\/wp\/v2\/pages"}],"about":[{"href":"http:\/\/www.eclatlab.com\/fr\/wp-json\/wp\/v2\/types\/page"}],"author":[{"embeddable":true,"href":"http:\/\/www.eclatlab.com\/fr\/wp-json\/wp\/v2\/users\/1"}],"replies":[{"embeddable":true,"href":"http:\/\/www.eclatlab.com\/fr\/wp-json\/wp\/v2\/comments?post=632"}],"version-history":[{"count":0,"href":"http:\/\/www.eclatlab.com\/fr\/wp-json\/wp\/v2\/pages\/632\/revisions"}],"up":[{"embeddable":true,"href":"http:\/\/www.eclatlab.com\/fr\/wp-json\/wp\/v2\/pages\/502"}],"wp:attachment":[{"href":"http:\/\/www.eclatlab.com\/fr\/wp-json\/wp\/v2\/media?parent=632"}],"wp:term":[{"taxonomy":"category","embeddable":true,"href":"http:\/\/www.eclatlab.com\/fr\/wp-json\/wp\/v2\/categories?post=632"},{"taxonomy":"post_tag","embeddable":true,"href":"http:\/\/www.eclatlab.com\/fr\/wp-json\/wp\/v2\/tags?post=632"}],"curies":[{"name":"wp","href":"https:\/\/api.w.org\/{rel}","templated":true}]}}