{"id":517,"date":"2012-11-19T15:43:07","date_gmt":"2012-11-19T19:43:07","guid":{"rendered":"http:\/\/www.eclatlab.com\/?page_id=517"},"modified":"2021-03-01T20:09:28","modified_gmt":"2021-03-02T00:09:28","slug":"nouvelles","status":"publish","type":"page","link":"http:\/\/www.eclatlab.com\/fr\/nouvelles\/","title":{"rendered":"Nouvelles"},"content":{"rendered":"\n<h2><span style=\"color: #008000;\"><strong>Laboratorio \u00c9clat obtient l&rsquo;enregistrement de la FDA.<\/strong><\/span><\/h2><br>\n\n\n\n<h3><strong><em><strong><em>Le Laboratoire \u00c9clat peut exporter vers tous les territoires r\u00e9glement\u00e9s par la FDA!<\/em><\/strong><\/em><\/strong><\/h3>\n\n\n\n<div class=\"wp-block-image\"><figure class=\"alignright size-large is-resized\"><img decoding=\"async\" loading=\"lazy\" src=\"http:\/\/www.eclatlab.com\/wp-content\/uploads\/2021\/03\/Eclat-registro-FDA-02.jpg\" alt=\"\" class=\"wp-image-5294\" width=\"239\" height=\"171\" srcset=\"http:\/\/www.eclatlab.com\/wp-content\/uploads\/2021\/03\/Eclat-registro-FDA-02.jpg 580w, http:\/\/www.eclatlab.com\/wp-content\/uploads\/2021\/03\/Eclat-registro-FDA-02-300x215.jpg 300w, http:\/\/www.eclatlab.com\/wp-content\/uploads\/2021\/03\/Eclat-registro-FDA-02-150x108.jpg 150w\" sizes=\"(max-width: 239px) 100vw, 239px\" \/><\/figure><\/div>\n\n\n\n<p>Poursuivant le projet d&rsquo;internationalisation, Laboratorio \u00c9clat a r\u00e9alis\u00e9 l&rsquo;ensemble du processus d&rsquo;enregistrement aupr\u00e8s de la FDA. Une fois toutes les conditions remplies, l&rsquo;approbation et l&rsquo;enregistrement ont \u00e9t\u00e9 obtenus \u00e0 la fin de 2020.<\/p>\n\n\n\n<p>La FDA est l&rsquo;agence du gouvernement des \u00c9tats-Unis charg\u00e9e de r\u00e9glementer les aliments, les boissons et les suppl\u00e9ments, les cosm\u00e9tiques, les appareils m\u00e9dicaux, les appareils \u00e9mettant des radiations, les m\u00e9dicaments, les produits v\u00e9t\u00e9rinaires, le tabac et les vaccins. FDA est l&rsquo;acronyme de Food and Drug Administration.<\/p>\n\n\n\n<p>Les responsabilit\u00e9s de la FDA couvrent les 50 \u00c9tats des \u00c9tats-Unis, le district de Columbia, Porto Rico, Guama, les \u00eeles Vierges, les Samoa am\u00e9ricaines et d\u2019autres territoires et possessions mineurs.<\/p>\n\n\n\n<p>Une fois enregistr\u00e9s aupr\u00e8s de la FDA, les produits Laboratorio \u00c9clat peuvent \u00eatre export\u00e9s aux \u00c9tats-Unis, \u00e0 condition que les exigences en mati\u00e8re de s\u00e9curit\u00e9, d&rsquo;\u00e9tiquetage et de commerce ext\u00e9rieur soient respect\u00e9es. Si vous souhaitez plus d&rsquo;informations sur Laboratorio \u00c9clat, ses produits ou la r\u00e9ponse \u00e0 toute autre question, ces deux moyens de contact sont disponibles: via whatsapp au num\u00e9ro: +52 1 55 8080 8830 ou en \u00e9crivant directement \u00e0: labeclat@mexis.com .<\/p>\n\n\n\n<figure class=\"wp-block-image size-large is-resized\"><img decoding=\"async\" loading=\"lazy\" src=\"http:\/\/www.eclatlab.com\/wp-content\/uploads\/2021\/03\/Eclat-registro-FDA-01.jpg\" alt=\"\" class=\"wp-image-5298\" width=\"546\" height=\"307\" srcset=\"http:\/\/www.eclatlab.com\/wp-content\/uploads\/2021\/03\/Eclat-registro-FDA-01.jpg 580w, http:\/\/www.eclatlab.com\/wp-content\/uploads\/2021\/03\/Eclat-registro-FDA-01-300x169.jpg 300w, http:\/\/www.eclatlab.com\/wp-content\/uploads\/2021\/03\/Eclat-registro-FDA-01-150x84.jpg 150w\" sizes=\"(max-width: 546px) 100vw, 546px\" \/><figcaption><em>Laboratorio \u00c9clat, enregistr\u00e9 aupr\u00e8s de la FDA.<\/em><\/figcaption><\/figure>\n<div style=\"padding: 10px 0 \"  class=\"interactive_bottom\"><div class='button_holder_left'><iframe allowtransparency='true' frameborder='0' scrolling='no' src='\/\/platform.twitter.com\/widgets\/tweet_button.html?url=http%3A%2F%2Fwww.eclatlab.com%2Ffr%2Fnouvelles%2F&amp;text=Nouvelles&amp;count=vertical&amp;lang=' style='width:55px; height:65px;' ><\/iframe><\/div><div class='button_holder_left'><iframe src='\/\/www.facebook.com\/plugins\/like.php?href=http%3A%2F%2Fwww.eclatlab.com%2Ffr%2Fnouvelles%2F&amp;layout=standard&amp;show_faces=false&amp;width=55&amp;action=like&amp;font=arial&amp;colorscheme=light&amp;height=31' scrolling='no' frameborder='0' style='border:none; overflow:hidden; width:55px; height:31px;' allowTransparency='true'><\/iframe><\/div><\/div>","protected":false},"excerpt":{"rendered":"<p>Laboratorio \u00c9clat obtient l&rsquo;enregistrement de la FDA. Le Laboratoire \u00c9clat<a href=\"http:\/\/www.eclatlab.com\/fr\/nouvelles\/\" class=\"read-more\">Continue Reading<\/a><\/p>\n","protected":false},"author":1,"featured_media":0,"parent":0,"menu_order":8,"comment_status":"closed","ping_status":"closed","template":"industries_template.php","meta":{"ngg_post_thumbnail":0},"categories":[],"tags":[],"_links":{"self":[{"href":"http:\/\/www.eclatlab.com\/fr\/wp-json\/wp\/v2\/pages\/517"}],"collection":[{"href":"http:\/\/www.eclatlab.com\/fr\/wp-json\/wp\/v2\/pages"}],"about":[{"href":"http:\/\/www.eclatlab.com\/fr\/wp-json\/wp\/v2\/types\/page"}],"author":[{"embeddable":true,"href":"http:\/\/www.eclatlab.com\/fr\/wp-json\/wp\/v2\/users\/1"}],"replies":[{"embeddable":true,"href":"http:\/\/www.eclatlab.com\/fr\/wp-json\/wp\/v2\/comments?post=517"}],"version-history":[{"count":0,"href":"http:\/\/www.eclatlab.com\/fr\/wp-json\/wp\/v2\/pages\/517\/revisions"}],"wp:attachment":[{"href":"http:\/\/www.eclatlab.com\/fr\/wp-json\/wp\/v2\/media?parent=517"}],"wp:term":[{"taxonomy":"category","embeddable":true,"href":"http:\/\/www.eclatlab.com\/fr\/wp-json\/wp\/v2\/categories?post=517"},{"taxonomy":"post_tag","embeddable":true,"href":"http:\/\/www.eclatlab.com\/fr\/wp-json\/wp\/v2\/tags?post=517"}],"curies":[{"name":"wp","href":"https:\/\/api.w.org\/{rel}","templated":true}]}}