{"id":499,"date":"2012-11-18T20:55:50","date_gmt":"2012-11-19T00:55:50","guid":{"rendered":"http:\/\/www.eclatlab.com\/?page_id=499"},"modified":"2015-04-04T17:02:12","modified_gmt":"2015-04-04T21:02:12","slug":"industrie-phytopharmaceutique","status":"publish","type":"page","link":"http:\/\/www.eclatlab.com\/fr\/industrie-phytopharmaceutique\/","title":{"rendered":"Industrie Phytopharmaceutique"},"content":{"rendered":"<div class=\"row\">\nL\u2019industrie Phytopharmaceutique emploie des plantes ou des d\u00e9riv\u00e9s de celles-ci pour pr\u00e9venir, soulager ou gu\u00e9rir des maladies.<\/p>\n<p>On sait qu\u2019existent depuis les temps anciens des trait\u00e9s sur les plantes m\u00e9dicinales et leurs extraits. N\u00e9anmoins, une grande partie de cette connaissance est empirique. Ceci est en train de changer. La pharmacognosie (science qui traite de l&rsquo;\u00e9tude des m\u00e9dicaments et substances pharmaceutiques d&rsquo;origine naturelle), est maintenant utilis\u00e9e pour l&rsquo;\u00e9tude des m\u00e9decines naturelles.<\/p>\n<p>Aujourd&rsquo;hui, certains m\u00e9dicaments de phytoth\u00e9rapie \u00e0 base de plantes sont utilis\u00e9s \u00e0 titre d&rsquo;extraits standardis\u00e9s et purifi\u00e9s, et qui r\u00e9pondent aux normes de qualit\u00e9 \u00e9tablies, m\u00eame si la pratique de mac\u00e9ration simple (extraits obtenus par mac\u00e9ration de la plante dans un solvant) est toujours valable dans beaucoup de pays.<\/p>\n<p>Avec une expertise de poids en ce domaine, Laboratoires \u00c9clat offre aux march\u00e9s internationaux de la\u00a0 phytoth\u00e9rapie, des extraits d\u2019une excellente qualit\u00e9 qui r\u00e9pondent aux normes internationales sans perdre la souplesse n\u00e9cessaire pour pouvoir pr\u00e9parer des formules \u00ab\u00a0personnalis\u00e9es\u00a0\u00bb avec les sp\u00e9cifications dont nos clients ont besoin. Pour r\u00e9pondre \u00e0 leurs exigences, chaque nouveau d\u00e9veloppement est soumis \u00e0 une analyse approfondie afin que l&rsquo;extrait obtenu pour nos clients soit le meilleur sur le march\u00e9.<br \/>\nGrace \u00e0 notre objectif d&rsquo;innovation constante, et \u00e0 notre qualit\u00e9, nous avons un accord avec le Conseil National de Science et Technologie du Mexique (CONACYT) pour l&rsquo;achat d&rsquo;un atomiseur qui va nous permettre de d\u00e9velopper des extraits secs ce qui nous donnera encore plus d\u2019avantages pour fournir l&rsquo;industrie de la Phytoth\u00e9rapie.\n<\/p><\/div>\n<div style=\"padding: 10px 0 \"  class=\"interactive_bottom\"><div class='button_holder_left'><iframe allowtransparency='true' frameborder='0' scrolling='no' src='\/\/platform.twitter.com\/widgets\/tweet_button.html?url=http%3A%2F%2Fwww.eclatlab.com%2Ffr%2Findustrie-phytopharmaceutique%2F&amp;text=Industrie Phytopharmaceutique&amp;count=vertical&amp;lang=' style='width:55px; height:65px;' ><\/iframe><\/div><div class='button_holder_left'><iframe src='\/\/www.facebook.com\/plugins\/like.php?href=http%3A%2F%2Fwww.eclatlab.com%2Ffr%2Findustrie-phytopharmaceutique%2F&amp;layout=standard&amp;show_faces=false&amp;width=55&amp;action=like&amp;font=arial&amp;colorscheme=light&amp;height=31' scrolling='no' frameborder='0' style='border:none; overflow:hidden; width:55px; height:31px;' allowTransparency='true'><\/iframe><\/div><\/div>","protected":false},"excerpt":{"rendered":"<p>L\u2019industrie Phytopharmaceutique emploie des plantes ou des d\u00e9riv\u00e9s de celles-ci<a href=\"http:\/\/www.eclatlab.com\/fr\/industrie-phytopharmaceutique\/\" class=\"read-more\">Continue Reading<\/a><\/p>\n","protected":false},"author":1,"featured_media":0,"parent":0,"menu_order":3,"comment_status":"closed","ping_status":"closed","template":"industries_template.php","meta":{"ngg_post_thumbnail":0},"categories":[],"tags":[],"_links":{"self":[{"href":"http:\/\/www.eclatlab.com\/fr\/wp-json\/wp\/v2\/pages\/499"}],"collection":[{"href":"http:\/\/www.eclatlab.com\/fr\/wp-json\/wp\/v2\/pages"}],"about":[{"href":"http:\/\/www.eclatlab.com\/fr\/wp-json\/wp\/v2\/types\/page"}],"author":[{"embeddable":true,"href":"http:\/\/www.eclatlab.com\/fr\/wp-json\/wp\/v2\/users\/1"}],"replies":[{"embeddable":true,"href":"http:\/\/www.eclatlab.com\/fr\/wp-json\/wp\/v2\/comments?post=499"}],"version-history":[{"count":0,"href":"http:\/\/www.eclatlab.com\/fr\/wp-json\/wp\/v2\/pages\/499\/revisions"}],"wp:attachment":[{"href":"http:\/\/www.eclatlab.com\/fr\/wp-json\/wp\/v2\/media?parent=499"}],"wp:term":[{"taxonomy":"category","embeddable":true,"href":"http:\/\/www.eclatlab.com\/fr\/wp-json\/wp\/v2\/categories?post=499"},{"taxonomy":"post_tag","embeddable":true,"href":"http:\/\/www.eclatlab.com\/fr\/wp-json\/wp\/v2\/tags?post=499"}],"curies":[{"name":"wp","href":"https:\/\/api.w.org\/{rel}","templated":true}]}}