{"id":490,"date":"2012-11-18T20:45:09","date_gmt":"2012-11-19T00:45:09","guid":{"rendered":"http:\/\/www.eclatlab.com\/?page_id=490"},"modified":"2025-12-11T18:41:42","modified_gmt":"2025-12-11T22:41:42","slug":"industrie-nutraceutique","status":"publish","type":"page","link":"http:\/\/www.eclatlab.com\/fr\/industrie-nutraceutique\/","title":{"rendered":"Industrie Nutraceutique"},"content":{"rendered":"<div class=\"row\">Terme utilis\u00e9 pour la premi\u00e8re fois par le Dr Stephen DeFelice en 1989 pr\u00e9sident de la Fondation pour l&rsquo;Innovation en M\u00e9decine (FIM), il sert notamment \u00e0 nommer \u00abun aliment ou une partie d&rsquo;un aliment qui fournit des prestations m\u00e9dicales ou de sant\u00e9 y compris la pr\u00e9vention et \/ ou le traitement des maladies. En fran\u00e7ais Canadien, le terme plut\u00f4t utilis\u00e9 est\u00ab&nbsp;aliments fonctionnels&nbsp;\u00bb&nbsp;&nbsp;<\/p>\n<p>Ce sont des produits d&rsquo;origine animale ayant des propri\u00e9t\u00e9s biologiques actives qui apportent des avantages de sant\u00e9 et de pr\u00e9vention en plus d&rsquo;\u00eatre th\u00e9rapeutiques.<br \/>\nCertains nutraceutiques de qualit\u00e9 sont capables de produire une synergie entre eux qui est tr\u00e8s b\u00e9n\u00e9fique en raison du renforcement de l&rsquo;action des diff\u00e9rentes substances \u00e0 agir ensemble.<\/p>\n<p>Aux Laboratoires \u00c9clat on est fiers d&rsquo;\u00eatre une entreprise innovatrice, durable et d\u00b4excellente qualit\u00e9, caract\u00e9ristiques soutenues par plus de 32 ann\u00e9es d&rsquo;exp\u00e9rience dans le d\u00e9veloppement de produits naturels. Tous nos produits accomplient les exigences que ces produits doivent inclure:<\/p>\n<ul>\n<li>Contribution aux effets b\u00e9n\u00e9fiques sur la sant\u00e9<\/li>\n<li>La stabilit\u00e9 du produit garantie par l&rsquo;analyse et la pr\u00e9sentation des certificats.<\/li>\n<li>La reproductibilit\u00e9 des \u00e9tudes<\/li>\n<li>M\u00e9thodes d&rsquo;obtention et de purification garantis.<\/li>\n<li>Recherche<\/li>\n<\/ul>\n<p>\u00c0 \u00c9clat nous avons des produits d&rsquo;excellente qualit\u00e9, des prix comp\u00e9titifs et un service personnalis\u00e9, le tout selon les exigences de l&rsquo;industrie nutraceutique.<\/p>\n<\/div>\n<div style=\"padding: 10px 0 \"  class=\"interactive_bottom\"><div class='button_holder_left'><iframe allowtransparency='true' frameborder='0' scrolling='no' src='\/\/platform.twitter.com\/widgets\/tweet_button.html?url=http%3A%2F%2Fwww.eclatlab.com%2Ffr%2Findustrie-nutraceutique%2F&amp;text=Industrie Nutraceutique&amp;count=vertical&amp;lang=' style='width:55px; height:65px;' ><\/iframe><\/div><div class='button_holder_left'><iframe src='\/\/www.facebook.com\/plugins\/like.php?href=http%3A%2F%2Fwww.eclatlab.com%2Ffr%2Findustrie-nutraceutique%2F&amp;layout=standard&amp;show_faces=false&amp;width=55&amp;action=like&amp;font=arial&amp;colorscheme=light&amp;height=31' scrolling='no' frameborder='0' style='border:none; overflow:hidden; width:55px; height:31px;' allowTransparency='true'><\/iframe><\/div><\/div>","protected":false},"excerpt":{"rendered":"<p>Terme utilis\u00e9 pour la premi\u00e8re fois par le Dr Stephen<a href=\"http:\/\/www.eclatlab.com\/fr\/industrie-nutraceutique\/\" class=\"read-more\">Continue Reading<\/a><\/p>\n","protected":false},"author":1,"featured_media":0,"parent":0,"menu_order":2,"comment_status":"closed","ping_status":"closed","template":"industries_template.php","meta":{"ngg_post_thumbnail":0},"categories":[],"tags":[617,621,624,625,626],"_links":{"self":[{"href":"http:\/\/www.eclatlab.com\/fr\/wp-json\/wp\/v2\/pages\/490"}],"collection":[{"href":"http:\/\/www.eclatlab.com\/fr\/wp-json\/wp\/v2\/pages"}],"about":[{"href":"http:\/\/www.eclatlab.com\/fr\/wp-json\/wp\/v2\/types\/page"}],"author":[{"embeddable":true,"href":"http:\/\/www.eclatlab.com\/fr\/wp-json\/wp\/v2\/users\/1"}],"replies":[{"embeddable":true,"href":"http:\/\/www.eclatlab.com\/fr\/wp-json\/wp\/v2\/comments?post=490"}],"version-history":[{"count":0,"href":"http:\/\/www.eclatlab.com\/fr\/wp-json\/wp\/v2\/pages\/490\/revisions"}],"wp:attachment":[{"href":"http:\/\/www.eclatlab.com\/fr\/wp-json\/wp\/v2\/media?parent=490"}],"wp:term":[{"taxonomy":"category","embeddable":true,"href":"http:\/\/www.eclatlab.com\/fr\/wp-json\/wp\/v2\/categories?post=490"},{"taxonomy":"post_tag","embeddable":true,"href":"http:\/\/www.eclatlab.com\/fr\/wp-json\/wp\/v2\/tags?post=490"}],"curies":[{"name":"wp","href":"https:\/\/api.w.org\/{rel}","templated":true}]}}