{"id":486,"date":"2012-11-18T20:40:52","date_gmt":"2012-11-19T00:40:52","guid":{"rendered":"http:\/\/www.eclatlab.com\/?page_id=486"},"modified":"2015-04-04T17:00:30","modified_gmt":"2015-04-04T21:00:30","slug":"industrie-cosmetique","status":"publish","type":"page","link":"http:\/\/www.eclatlab.com\/fr\/industrie-cosmetique\/","title":{"rendered":"Industrie Cosm\u00e9tique"},"content":{"rendered":"<div class=\"row\">\nCr\u00e9e en 1994 pour subvenir aux besoins du march\u00e9 des produits naturels, Laboratoires \u00c9clat cr\u00e9e depuis, une vaste gamme de formules et extraits naturels \u00a0qui continuent a r\u00e9pondre aux besoins de chacun de nos clients avec qualit\u00e9 et rigueur.<\/p>\n<p>Pour le secteur de l&rsquo;industrie cosm\u00e9tique, \u00c9clat compte dans son catalogue des extraits qui peuvent \u00eatre utilis\u00e9s dans des produits pour le soin de la peau, des insectifuges, des produits pour les cheveux tels que shampooings, revitalisants, et produits de rin\u00e7age, de coiffage et fixation (sprays, mousses, laques pour les cheveux, cr\u00e8mes et gels, \u00a0traitements capillaires et colorants)<\/p>\n<p>On produit aussi des extraits pour la fabrication de produits d&rsquo;hygi\u00e8ne tels que les savons, gels, cr\u00e8me et mousses \u00e0 raser, ainsi que pour des rasoirs jetables et les t\u00eates de rechange des rasoirs.<\/p>\n<p>Dans le domaine du maquillage, nous offrons aussi des solutions aux produits pour les ongles, \u00a0aux parfums et d\u00e9odorants, et aux anti-sudorifiques (incluant les talcs en poudre) entre autres.<\/p>\n<p>Aux Laboratoires \u00c9clat, on fournit toujours des preuves suffisantes du fait que nos produits sont enti\u00e8rement naturels et biologiques, garantissant ainsi leur biodisponibilit\u00e9 et leur efficacit\u00e9.<\/p>\n<p>En plus, notre entreprise est constamment \u00e0 la recherche de nouveaux d\u00e9veloppements et innovations, afin que nos clients continuent \u00e0 \u00eatre satisfaits.\n<\/p><\/div>\n<div style=\"padding: 10px 0 \"  class=\"interactive_bottom\"><div class='button_holder_left'><iframe allowtransparency='true' frameborder='0' scrolling='no' src='\/\/platform.twitter.com\/widgets\/tweet_button.html?url=http%3A%2F%2Fwww.eclatlab.com%2Ffr%2Findustrie-cosmetique%2F&amp;text=Industrie Cosm\u00e9tique&amp;count=vertical&amp;lang=' style='width:55px; height:65px;' ><\/iframe><\/div><div class='button_holder_left'><iframe src='\/\/www.facebook.com\/plugins\/like.php?href=http%3A%2F%2Fwww.eclatlab.com%2Ffr%2Findustrie-cosmetique%2F&amp;layout=standard&amp;show_faces=false&amp;width=55&amp;action=like&amp;font=arial&amp;colorscheme=light&amp;height=31' scrolling='no' frameborder='0' style='border:none; overflow:hidden; width:55px; height:31px;' allowTransparency='true'><\/iframe><\/div><\/div>","protected":false},"excerpt":{"rendered":"<p>Cr\u00e9e en 1994 pour subvenir aux besoins du march\u00e9 des<a href=\"http:\/\/www.eclatlab.com\/fr\/industrie-cosmetique\/\" class=\"read-more\">Continue Reading<\/a><\/p>\n","protected":false},"author":1,"featured_media":0,"parent":0,"menu_order":1,"comment_status":"closed","ping_status":"closed","template":"industries_template.php","meta":{"ngg_post_thumbnail":0},"categories":[],"tags":[617,621,624,625,626],"_links":{"self":[{"href":"http:\/\/www.eclatlab.com\/fr\/wp-json\/wp\/v2\/pages\/486"}],"collection":[{"href":"http:\/\/www.eclatlab.com\/fr\/wp-json\/wp\/v2\/pages"}],"about":[{"href":"http:\/\/www.eclatlab.com\/fr\/wp-json\/wp\/v2\/types\/page"}],"author":[{"embeddable":true,"href":"http:\/\/www.eclatlab.com\/fr\/wp-json\/wp\/v2\/users\/1"}],"replies":[{"embeddable":true,"href":"http:\/\/www.eclatlab.com\/fr\/wp-json\/wp\/v2\/comments?post=486"}],"version-history":[{"count":0,"href":"http:\/\/www.eclatlab.com\/fr\/wp-json\/wp\/v2\/pages\/486\/revisions"}],"wp:attachment":[{"href":"http:\/\/www.eclatlab.com\/fr\/wp-json\/wp\/v2\/media?parent=486"}],"wp:term":[{"taxonomy":"category","embeddable":true,"href":"http:\/\/www.eclatlab.com\/fr\/wp-json\/wp\/v2\/categories?post=486"},{"taxonomy":"post_tag","embeddable":true,"href":"http:\/\/www.eclatlab.com\/fr\/wp-json\/wp\/v2\/tags?post=486"}],"curies":[{"name":"wp","href":"https:\/\/api.w.org\/{rel}","templated":true}]}}