{"id":2771,"date":"2013-03-06T02:27:29","date_gmt":"2013-03-06T06:27:29","guid":{"rendered":"http:\/\/www.eclatlab.com\/?page_id=2771"},"modified":"2021-09-15T19:02:48","modified_gmt":"2021-09-15T23:02:48","slug":"algue-marine","status":"publish","type":"page","link":"http:\/\/www.eclatlab.com\/fr\/produits\/algue-marine\/","title":{"rendered":"Algue Marine \/ Varech"},"content":{"rendered":"\n<p><strong>Propri\u00e9t\u00e9s de Varech:<\/strong> Les Mucilages, les levures et les \u00e9l\u00e9ments min\u00e9raux, lorsqu&rsquo;il est m\u00e9lang\u00e9 avec de l&rsquo;eau r\u00e9sultant d&rsquo;une visqueuse substance g\u00e9latineuse, donc fonctionner comme un magasin pour la conservation de la peau hydrat\u00e9e et m\u00eame acc\u00e9l\u00e9rer la gu\u00e9rison, r\u00e9duire les rides et adoucir la peau. Leur activit\u00e9 antibiotique et fermeture de la plaie permet de garder les cheveux plus souple et \u00e9lastique tout en emp\u00eachant la charge d&rsquo;\u00e9lectricit\u00e9 statique, ce qui augmente la luminosit\u00e9 et la force de celui-ci. L&rsquo;iode stimule la synth\u00e8se des hormones thyro\u00efdiennes et du m\u00e9tabolisme boosts favorisant les processus cataboliques, fournissant un effet amincissant, il est \u00e9galement utile pour \u00e9liminer les germes de la peau. Le sodium reste dans le fluide entourant les cellules \u00e9pith\u00e9liales et de potassium est en eux, les deux min\u00e9raux utilis\u00e9s pour ajuster la teneur en eau dans le corps et activer les enzymes qui contr\u00f4lent la production d&rsquo;\u00e9nergie. Les tanins ont la capacit\u00e9 de se combiner avec les prot\u00e9ines de la peau, cr\u00e9ant une couche protectrice pour stimuler la gu\u00e9rison, r\u00e9duire l&rsquo;inflammation et emp\u00eacher l&rsquo;infection.<\/p>\n\n\n\n<p><strong>Varech a des applications diverses:<\/strong> Est ajout\u00e9 dans toniques stimulants circulation sanguine, gels, de cr\u00e8mes ou d&rsquo;ob\u00e9sit\u00e9 \u00e9mollients dans n&rsquo;importe quelle formulation remin\u00e9ralisant, hydratant, anti-rides, la r\u00e9duction, pr\u00e9parations pour bains, traitements anti-cellulite et produits pour les cheveux.<\/p>\n<div style=\"padding: 10px 0 \"  class=\"interactive_bottom\"><div class='button_holder_left'><iframe allowtransparency='true' frameborder='0' scrolling='no' src='\/\/platform.twitter.com\/widgets\/tweet_button.html?url=http%3A%2F%2Fwww.eclatlab.com%2Ffr%2Fproduits%2Falgue-marine%2F&amp;text=Algue Marine \/ Varech&amp;count=vertical&amp;lang=' style='width:55px; height:65px;' ><\/iframe><\/div><div class='button_holder_left'><iframe src='\/\/www.facebook.com\/plugins\/like.php?href=http%3A%2F%2Fwww.eclatlab.com%2Ffr%2Fproduits%2Falgue-marine%2F&amp;layout=standard&amp;show_faces=false&amp;width=55&amp;action=like&amp;font=arial&amp;colorscheme=light&amp;height=31' scrolling='no' frameborder='0' style='border:none; overflow:hidden; width:55px; height:31px;' allowTransparency='true'><\/iframe><\/div><\/div>","protected":false},"excerpt":{"rendered":"<p>Propri\u00e9t\u00e9s de Varech: Les Mucilages, les levures et les \u00e9l\u00e9ments<a href=\"http:\/\/www.eclatlab.com\/fr\/produits\/algue-marine\/\" class=\"read-more\">Continue Reading<\/a><\/p>\n","protected":false},"author":1,"featured_media":0,"parent":502,"menu_order":0,"comment_status":"closed","ping_status":"closed","template":"single_product_template.php","meta":{"ngg_post_thumbnail":0},"categories":[4],"tags":[617,621,625,626],"_links":{"self":[{"href":"http:\/\/www.eclatlab.com\/fr\/wp-json\/wp\/v2\/pages\/2771"}],"collection":[{"href":"http:\/\/www.eclatlab.com\/fr\/wp-json\/wp\/v2\/pages"}],"about":[{"href":"http:\/\/www.eclatlab.com\/fr\/wp-json\/wp\/v2\/types\/page"}],"author":[{"embeddable":true,"href":"http:\/\/www.eclatlab.com\/fr\/wp-json\/wp\/v2\/users\/1"}],"replies":[{"embeddable":true,"href":"http:\/\/www.eclatlab.com\/fr\/wp-json\/wp\/v2\/comments?post=2771"}],"version-history":[{"count":0,"href":"http:\/\/www.eclatlab.com\/fr\/wp-json\/wp\/v2\/pages\/2771\/revisions"}],"up":[{"embeddable":true,"href":"http:\/\/www.eclatlab.com\/fr\/wp-json\/wp\/v2\/pages\/502"}],"wp:attachment":[{"href":"http:\/\/www.eclatlab.com\/fr\/wp-json\/wp\/v2\/media?parent=2771"}],"wp:term":[{"taxonomy":"category","embeddable":true,"href":"http:\/\/www.eclatlab.com\/fr\/wp-json\/wp\/v2\/categories?post=2771"},{"taxonomy":"post_tag","embeddable":true,"href":"http:\/\/www.eclatlab.com\/fr\/wp-json\/wp\/v2\/tags?post=2771"}],"curies":[{"name":"wp","href":"https:\/\/api.w.org\/{rel}","templated":true}]}}