{"id":165,"date":"2012-08-26T11:34:37","date_gmt":"2012-08-26T15:34:37","guid":{"rendered":"http:\/\/www.eclatlab.com\/?page_id=165"},"modified":"2020-01-31T13:30:38","modified_gmt":"2020-01-31T17:30:38","slug":"mentions-legales","status":"publish","type":"page","link":"http:\/\/www.eclatlab.com\/fr\/a-propos-de-nous\/mentions-legales\/","title":{"rendered":"Mentions l\u00e9gales"},"content":{"rendered":"<p><span style=\"color: #339966;\"><strong>Mentions l\u00e9gales et Conditions g\u00e9n\u00e9rales d&rsquo;utilisation<\/strong><\/span><\/p>\n<p><strong><span style=\"color: #339966;\">DROITS D\u2019AUTEUR ET MARQUES DE COMMERCE<\/span><\/strong><\/p>\n<p>Le contenu et les images de ce site sont la propri\u00e9t\u00e9 de, ou sont utilis\u00e9s sous licence par LABORATORIOS ECLAT International Inc. ou ses compagnies affili\u00e9es (\u00ab LABORATORIOS ECLAT \u00bb) et leur usage est r\u00e9serv\u00e9 \u00e0 ce site. Toute utilisation non autoris\u00e9e est interdite.<br \/>\nSauf indication contraire, les noms des produits et des services de LABORATORIOS ECLAT sont des marques de commerce de LABORATORIOS ECLAT. ou de ses compagnies affili\u00e9es.<br \/>\nAucune disposition des pr\u00e9sentes ne doit \u00eatre interpr\u00e9t\u00e9e comme conf\u00e9rant une licence ou un droit en vertu d&rsquo;un droit d&rsquo;auteur, d&rsquo;un brevet ou d&rsquo;une marque de commerce de LABORATORIOS ECLAT.<\/p>\n<p><span style=\"color: #339966;\"><strong>EXON\u00c9RATION DE RESPONSABILIT\u00c9<br \/>\n<\/strong><\/span><br \/>\nL\u2019INFORMATION SUR CE SITE EST FOURNIE \u00ab TELLE QUELLE \u00bb SANS AUCUNE GARANTIE, EXPRESSE OU IMPLICITE, Y COMPRIS, SANS S\u2019Y LIMITER, TOUTE GARANTIE IMPLICITE DE QUALIT\u00c9 MARCHANDE, D\u2019APTITUDE \u00c0 UN USAGE PARTICULIER OU DE NON VIOLATION DES DROITS. LABORATORIOS ECLAT NE FAIT AUCUNE D\u00c9CLARATION ET NE DONNE AUCUNE GARANTIE QUE L\u2019INFORMATION CONTENUE SUR CE SITE SERA OPPORTUNE OU SANS ERREUR. LABORATORIOS ECLAT N\u2019A PAS V\u00c9RIFI\u00c9 TOUS LES SITES POUVANT \u00caTRE LI\u00c9S \u00c0 SES SITES, NE VALIDE PAS LEUR CONTENU, ET D\u00c9CLINE TOUTE RESPONSABILIT\u00c9 QUANT AU CONTENU DES PAGES HORS SITE OU DE TOUT AUTRE SITE LI\u00c9 \u00c0 DE TELS SITES. VOUS UTILISEZ LESDITS LIENS \u00c0 VOS RISQUES ET P\u00c9RILS.<\/p>\n<p><span style=\"color: #339966;\"><strong>LOIS APPLICABLES<br \/>\n<\/strong><\/span><br \/>\nLes sites Web de LABORATORIOS ECLAT contiennent des informations au sujet de produits qui peuvent ou non \u00eatre disponibles dans diff\u00e9rents pays et le cas \u00e9ch\u00e9ant, peuvent ou non avoir re\u00e7u un agr\u00e9ment ou une validation pour la mise sur le march\u00e9 \u00e9manant d&rsquo;un organisme de r\u00e9glementation gouvernemental pour diff\u00e9rentes indications et diff\u00e9rentes restrictions dans diff\u00e9rents pays. Chaque pays poss\u00e8de ses propres lois, r\u00e8glements et pratiques m\u00e9dicales r\u00e9gissant la communication de l\u2019information, m\u00e9dicale ou autre, sur les produits m\u00e9dicaux sur Internet. Rien de ce qui est contenu dans le pr\u00e9sent site ne doit \u00eatre interpr\u00e9t\u00e9 comme \u00e9tant une sollicitation ou la promotion de tout produit ou d&rsquo;une indication de tout produit qui n&rsquo;est pas autoris\u00e9 par les lois et la r\u00e8glementation du pays o\u00f9 r\u00e9side le lecteur.<\/p>\n<p><span style=\"color: #339966;\"><strong>INFORMATION SUR LA SANT\u00c9<br \/>\n<\/strong><\/span><br \/>\nCe site peut contenir des informations relatives \u00e0 des sujets m\u00e9dicaux ou li\u00e9s \u00e0 la sant\u00e9. Cette information ne peut en aucun cas remplacer l\u2019avis de votre m\u00e9decin ou de tout autre professionnel de la sant\u00e9. Vous ne devez en aucun cas utiliser les informations du site pour diagnostiquer une maladie ou un probl\u00e8me de sant\u00e9. Pour toute affection m\u00e9dicale ou tout traitement, consultez toujours votre m\u00e9decin.<br \/>\n<span style=\"color: #339966;\"><strong><br \/>\n\u00c9NONC\u00c9S<br \/>\n<\/strong><\/span><br \/>\nLes questions discut\u00e9es sur ce site Web qui ne sont pas des donn\u00e9es historiques sont des \u00e9nonc\u00e9s concernant produits, services et actualit\u00e9s de la soci\u00e9t\u00e9. Ces \u00e9nonc\u00e9s sont fond\u00e9s sur des informations relatives \u00e0 des facteurs importants qui peuvent faire en sorte que les r\u00e9sultats r\u00e9els diff\u00e8rent sensiblement de ceux exprim\u00e9s dans de tels \u00e9nonc\u00e9s; toute cons\u00e9quence li\u00e9e au contexte commercial et aux informations publi\u00e9es par LABORATORIOS ECLAT et ses clients; et tout autre risque ou tout autre document consultable sur le site Web de LABORATORIOS ECLAT, ne doivent pas \u00eatre tenus comme des informations qui lient l\u00e9galement LABORATORIOS ECLAT a votre compagnie, a vos r\u00e9sultats et aucune responsabilit\u00e9 l\u00e9gale ou civile. La soci\u00e9t\u00e9 n&rsquo;est pas tenue de proc\u00e9der \u00e0 l\u2019actualisation de ses informations sur ce site.<\/p>\n<div style=\"padding: 10px 0 \"  class=\"interactive_bottom\"><div class='button_holder_left'><iframe allowtransparency='true' frameborder='0' scrolling='no' src='\/\/platform.twitter.com\/widgets\/tweet_button.html?url=http%3A%2F%2Fwww.eclatlab.com%2Ffr%2Fa-propos-de-nous%2Fmentions-legales%2F&amp;text=Mentions l\u00e9gales&amp;count=vertical&amp;lang=' style='width:55px; height:65px;' ><\/iframe><\/div><div class='button_holder_left'><iframe src='\/\/www.facebook.com\/plugins\/like.php?href=http%3A%2F%2Fwww.eclatlab.com%2Ffr%2Fa-propos-de-nous%2Fmentions-legales%2F&amp;layout=standard&amp;show_faces=false&amp;width=55&amp;action=like&amp;font=arial&amp;colorscheme=light&amp;height=31' scrolling='no' frameborder='0' style='border:none; overflow:hidden; width:55px; height:31px;' allowTransparency='true'><\/iframe><\/div><\/div>","protected":false},"excerpt":{"rendered":"<p>Mentions l\u00e9gales et Conditions g\u00e9n\u00e9rales d&rsquo;utilisation DROITS D\u2019AUTEUR ET MARQUES<a href=\"http:\/\/www.eclatlab.com\/fr\/a-propos-de-nous\/mentions-legales\/\" class=\"read-more\">Continue Reading<\/a><\/p>\n","protected":false},"author":1,"featured_media":0,"parent":505,"menu_order":0,"comment_status":"open","ping_status":"open","template":"","meta":{"ngg_post_thumbnail":0},"categories":[],"tags":[621,624,625],"_links":{"self":[{"href":"http:\/\/www.eclatlab.com\/fr\/wp-json\/wp\/v2\/pages\/165"}],"collection":[{"href":"http:\/\/www.eclatlab.com\/fr\/wp-json\/wp\/v2\/pages"}],"about":[{"href":"http:\/\/www.eclatlab.com\/fr\/wp-json\/wp\/v2\/types\/page"}],"author":[{"embeddable":true,"href":"http:\/\/www.eclatlab.com\/fr\/wp-json\/wp\/v2\/users\/1"}],"replies":[{"embeddable":true,"href":"http:\/\/www.eclatlab.com\/fr\/wp-json\/wp\/v2\/comments?post=165"}],"version-history":[{"count":0,"href":"http:\/\/www.eclatlab.com\/fr\/wp-json\/wp\/v2\/pages\/165\/revisions"}],"up":[{"embeddable":true,"href":"http:\/\/www.eclatlab.com\/fr\/wp-json\/wp\/v2\/pages\/505"}],"wp:attachment":[{"href":"http:\/\/www.eclatlab.com\/fr\/wp-json\/wp\/v2\/media?parent=165"}],"wp:term":[{"taxonomy":"category","embeddable":true,"href":"http:\/\/www.eclatlab.com\/fr\/wp-json\/wp\/v2\/categories?post=165"},{"taxonomy":"post_tag","embeddable":true,"href":"http:\/\/www.eclatlab.com\/fr\/wp-json\/wp\/v2\/tags?post=165"}],"curies":[{"name":"wp","href":"https:\/\/api.w.org\/{rel}","templated":true}]}}