{"id":121,"date":"2012-08-25T22:04:17","date_gmt":"2012-08-25T22:04:17","guid":{"rendered":"http:\/\/www.eclatlab.com\/?page_id=121"},"modified":"2012-11-18T20:37:21","modified_gmt":"2012-11-19T00:37:21","slug":"produits_en_vedette","status":"publish","type":"page","link":"http:\/\/www.eclatlab.com\/fr\/produits_en_vedette\/","title":{"rendered":"Produits en Vedette"},"content":{"rendered":"<p>Notre vaste exp\u00e9rience et connaissances dans le d\u00e9veloppement d&rsquo;extraits naturels nous ont permis de d\u00e9velopper des produits avec une qualit\u00e9 reconnue dans l&rsquo;industrie, en plus de satisfaire aux exigences de qualit\u00e9 \u00e9tablies, qui d\u00e9montrent une efficacit\u00e9 pharmacologique sup\u00e9rieure, en offrant des produits avec une forte demande au sein de l&rsquo;industrie cosm\u00e9tique.<\/p>\n<div style=\"padding: 10px 0 \"  class=\"interactive_bottom\"><div class='button_holder_left'><iframe allowtransparency='true' frameborder='0' scrolling='no' src='\/\/platform.twitter.com\/widgets\/tweet_button.html?url=http%3A%2F%2Fwww.eclatlab.com%2Ffr%2Fproduits_en_vedette%2F&amp;text=Produits en Vedette&amp;count=vertical&amp;lang=' style='width:55px; height:65px;' ><\/iframe><\/div><div class='button_holder_left'><iframe src='\/\/www.facebook.com\/plugins\/like.php?href=http%3A%2F%2Fwww.eclatlab.com%2Ffr%2Fproduits_en_vedette%2F&amp;layout=standard&amp;show_faces=false&amp;width=55&amp;action=like&amp;font=arial&amp;colorscheme=light&amp;height=31' scrolling='no' frameborder='0' style='border:none; overflow:hidden; width:55px; height:31px;' allowTransparency='true'><\/iframe><\/div><\/div>","protected":false},"excerpt":{"rendered":"<p>Notre vaste exp\u00e9rience et connaissances dans le d\u00e9veloppement d&rsquo;extraits naturels<a href=\"http:\/\/www.eclatlab.com\/fr\/produits_en_vedette\/\" class=\"read-more\">Continue Reading<\/a><\/p>\n","protected":false},"author":1,"featured_media":0,"parent":0,"menu_order":4,"comment_status":"closed","ping_status":"closed","template":"products_template.php","meta":{"ngg_post_thumbnail":0},"categories":[],"tags":[617,621,624,625,626],"_links":{"self":[{"href":"http:\/\/www.eclatlab.com\/fr\/wp-json\/wp\/v2\/pages\/121"}],"collection":[{"href":"http:\/\/www.eclatlab.com\/fr\/wp-json\/wp\/v2\/pages"}],"about":[{"href":"http:\/\/www.eclatlab.com\/fr\/wp-json\/wp\/v2\/types\/page"}],"author":[{"embeddable":true,"href":"http:\/\/www.eclatlab.com\/fr\/wp-json\/wp\/v2\/users\/1"}],"replies":[{"embeddable":true,"href":"http:\/\/www.eclatlab.com\/fr\/wp-json\/wp\/v2\/comments?post=121"}],"version-history":[{"count":0,"href":"http:\/\/www.eclatlab.com\/fr\/wp-json\/wp\/v2\/pages\/121\/revisions"}],"wp:attachment":[{"href":"http:\/\/www.eclatlab.com\/fr\/wp-json\/wp\/v2\/media?parent=121"}],"wp:term":[{"taxonomy":"category","embeddable":true,"href":"http:\/\/www.eclatlab.com\/fr\/wp-json\/wp\/v2\/categories?post=121"},{"taxonomy":"post_tag","embeddable":true,"href":"http:\/\/www.eclatlab.com\/fr\/wp-json\/wp\/v2\/tags?post=121"}],"curies":[{"name":"wp","href":"https:\/\/api.w.org\/{rel}","templated":true}]}}