{"id":98,"date":"2012-08-25T21:36:45","date_gmt":"2012-08-26T01:36:45","guid":{"rendered":"http:\/\/www.eclatlab.com\/?page_id=98"},"modified":"2024-07-01T00:27:09","modified_gmt":"2024-07-01T04:27:09","slug":"tecnologia-y-procesos","status":"publish","type":"page","link":"http:\/\/www.eclatlab.com\/es\/tecnologia-y-procesos\/","title":{"rendered":"Tecnolog\u00eda y Procesos"},"content":{"rendered":"<div class=\"row\"><span style=\"color: #339966;\"><strong>Perfil de los productos naturales en la industria cosm\u00e9tica.<\/strong><\/span>&nbsp;&nbsp;<\/p>\n<p>El auge de usar productos de origen natural se ha venido desarrollando durante los \u00faltimos a\u00f1os por las principales industrias de cosm\u00e9ticos y de productos de higiene personal a nivel mundial.<\/p>\n<p>Las ventajas de la cosm\u00e9tica natural son enormes para la salud de la piel, pues adem\u00e1s de no ser agresiva para \u00e9sta, fortalece y mejora las funciones d\u00e9rmicas gracias a los componentes qu\u00edmicos naturales de las plantas.<br \/>\nPor otro lado la fabricaci\u00f3n de productos cosm\u00e9ticos con ingredientes vegetales conlleva una \u00e9tica ecol\u00f3gica, pues no provoca residuos qu\u00edmicos, ni agresivos que sean perjudiciales para el medio ambiente.<br \/>\nLa cosm\u00e9tica natural, es decir, elaborada con materias naturales no tiene efectos secundarios y no produce alergias, las cuales aparecen cuando se utilizan cosm\u00e9ticos con colorantes o excipientes demasiado violentos para la piel.<\/p>\n            \n\t\t<div class=\"ngg-gallery-singlepic-image ngg-left\" style=\"max-width: 250px\">\n\t\t\t    \t<a href=\"http:\/\/www.eclatlab.com\/wp-content\/gallery\/img\/tecnologia_01.jpg\"\n\t\t     title=\"Eclat Laboratorio utiliza los equipos m\u00e1s modernos y se mantiene a la vanguardia.\"\n             data-src=\"http:\/\/www.eclatlab.com\/wp-content\/gallery\/img\/tecnologia_01.jpg\"\n             data-thumbnail=\"http:\/\/www.eclatlab.com\/wp-content\/gallery\/img\/thumbs\/thumbs_tecnologia_01.jpg\"\n             data-image-id=\"102\"\n             data-title=\"tecnologia_01\"\n             data-description=\"Eclat Laboratorio utiliza los equipos m\u00e1s modernos y se mantiene a la vanguardia.\"\n             target='_self'\n             >\n            <img class=\"ngg-singlepic\"\n             src=\"http:\/\/www.eclatlab.com\/wp-content\/gallery\/img\/cache\/tecnologia_01.jpg-nggid03102-ngg0dyn-250x167x100-00f0w010c010r110f110r010t010.jpg\"\n             alt=\"tecnologia_01\"\n             title=\"tecnologia_01\"\n              width=\"250\"               \/>\n    \t<\/a>\n\t\t      <\/div>\n        \n<p>En este aspecto \u00c9clat, ha proporcionado a lo largo de los \u00faltimos 30 a\u00f1os, productos de origen natural utilizado como materia prima para las principales industrias de cosm\u00e9ticos, higiene personal y farmac\u00e9uticas del pa\u00eds y del extranjero. Cuidando siempre la calidad de nuestros productos en aspectos fisicoqu\u00edmicos, microbiol\u00f3gicos y de efectividad farmacol\u00f3gica. Aspectos que son certificados bajo nuestro <strong>sistema de calidad basado en la Norma ISO 9001:2015<\/strong> y llevadas a cabo en base a metodolog\u00edas internacionales marcadas por la farmacopea de los Estados Unidos de Am\u00e9rica USP y la farmacopea brit\u00e1nica.<br \/>\nNuestro fuerte radica en mantener los elevados est\u00e1ndares de calidad establecidos en el pa\u00eds e incluso en los mercados globales, cumpliendo las normativas de los pa\u00edses pertinentes, por lo cual&nbsp;garantizamos que las sustancias de nuestros productos cumplen las normativas legales del pa\u00eds en el que se venden, y que son declaradas como corresponde.<\/p>\n<p><span style=\"color: #339966;\"><strong>Certificaci\u00f3n y reconocimientos<\/strong><\/span><br \/>\nEn \u00c9clat Productos Naturales, buscamos que todos los productos adem\u00e1s de cumplir con los requisitos de calidad establecidos a nivel internacional, demuestren su efectividad farmacol\u00f3gica deseada, raz\u00f3n por la cual el desarrollo e innovaci\u00f3n es una de las principales actividades del laboratorio. Lo cual nos permite ofrecer la siguientes ventajas competitivas:<\/p>\n<ul>\n<li>Cumplimiento de est\u00e1ndares de calidad internacional para an\u00e1lisis microbiol\u00f3gico y f\u00edsico qu\u00edmico (Farmacopea USP, Farmacopea Brit\u00e1nica)<\/li>\n<li>Sistema de aseguramiento de calidad certificado ISO 9001:2008<\/li>\n<li>Pol\u00edtica enfocada al servicio al cliente<\/li>\n<li>Desarrollo de productos por perfil de cliente (especificaci\u00f3n) muestras valoradas<\/li>\n<li>Capacidad de respuesta inmediata (volumen \/ tiempo)<\/li>\n<li>Entrega oportuna y personalizada<\/li>\n<li>Soporte t\u00e9cnico y asesor\u00eda<\/li>\n<li>Innovaci\u00f3n y desarrollo de productos<\/li>\n<li>Precios Competitivos<\/li>\n<li>Estabilidad de precios sustentables<\/li>\n<li>Capacidad de entrega desde vol\u00famenes peque\u00f1os hasta toneladas<\/li>\n<li>Descuentos por volumen<\/li>\n<li>Responsabilidad social y medio ambiental<\/li>\n<\/ul>\n<p>Nuestro portafolio de productos esta formado por una amplia variedad de extractos de una alt\u00edsima e impecable calidad. <strong>Actualmente desarrollamos m\u00e1s de 350 extractos, incluyendo extractos herbales, frutales y de origen animal.<\/strong> Adem\u00e1s contamos con un laboratorio de innovaci\u00f3n y tecnolog\u00eda especializado para la investigaci\u00f3n y desarrollo de productos, que nos permite ofrecer a nuestros clientes soluciones y desarrollos espec\u00edficos para productos de acuerdo a sus necesidades.<\/p>\n            \n\t\t<div class=\"ngg-gallery-singlepic-image ngg-left\" style=\"max-width: 250px\">\n\t\t\t    \t<a href=\"http:\/\/www.eclatlab.com\/wp-content\/gallery\/img\/tecnologia_02.jpg\"\n\t\t     title=\"Eclat Laboratorio utiliza los equipos m\u00e1s modernos y se mantiene a la vanguardia.\"\n             data-src=\"http:\/\/www.eclatlab.com\/wp-content\/gallery\/img\/tecnologia_02.jpg\"\n             data-thumbnail=\"http:\/\/www.eclatlab.com\/wp-content\/gallery\/img\/thumbs\/thumbs_tecnologia_02.jpg\"\n             data-image-id=\"103\"\n             data-title=\"tecnologia_02\"\n             data-description=\"Eclat Laboratorio utiliza los equipos m\u00e1s modernos y se mantiene a la vanguardia.\"\n             target='_self'\n             >\n            <img class=\"ngg-singlepic\"\n             src=\"http:\/\/www.eclatlab.com\/wp-content\/gallery\/img\/cache\/tecnologia_02.jpg-nggid03103-ngg0dyn-250x167x100-00f0w010c010r110f110r010t010.jpg\"\n             alt=\"tecnologia_02\"\n             title=\"tecnologia_02\"\n              width=\"250\"               \/>\n    \t<\/a>\n\t\t      <\/div>\n        \n<p>Los diferentes activos presentes en las plantas son los responsables de sus acciones y cualidades farmacol\u00f3gicas, astringentes, antis\u00e9pticas, cicatrizantes o emolientes, dichos activos se encuentran&nbsp; contenidos en nuestros extractos, que mediante los procesos y t\u00e9cnicas de extracci\u00f3n de alta eficiencia que hemos desarrollado, y el cuidadoso control de calidad certificado que mantenemos en toda la producci\u00f3n, los hacen excelentes ingredientes para la formulaci\u00f3n y elaboraci\u00f3n de una amplia gama de productos cosm\u00e9ticos, farmac\u00e9uticos y alimenticios como pueden ser shampoo, cremas, geles, tintes, desodorantes, tratamientos capilares, entre otros. Adem\u00e1s de aprovechar todas sus propiedades curativas, limpiadoras y tonificantes para el cuidado, nutrici\u00f3n y humectaci\u00f3n de la piel y la restauraci\u00f3n del pH natural.<\/p>\n<p>\u00c9clat actualmente ofrece extractos de origen natural en diferentes presentaciones l\u00edquidas que van desde la presentaci\u00f3n de 1 kg hasta 10 o m\u00e1s toneladas.<\/p>\n<p><span style=\"color: #339966;\"><strong>Extractos acuosos<\/strong><em><strong><br \/>\n<\/strong><\/em><\/span>Son extractos de origen herbal, vegetal y frutal, obtenidos a base de agua con una amplia gama de aplicaciones en la industria cosm\u00e9tica, en el desarrollo o formulaci\u00f3n de shampoos, geles o cremas.<\/p>\n<p><span style=\"color: #339966;\"><strong>Extractos oleosos<\/strong><\/span><br \/>\nLos extractos oleosos son obtenidos mediante la utilizaci\u00f3n de diversos tipos de aceites, se pueden desarrollar herbales, vegetales y frutales. Se emplean principalmente para la fabricaci\u00f3n de cremas, jabones y pomadas de uso cosm\u00e9tico o medicinal.<\/p>\n<p><span style=\"color: #339966;\"><strong>Extractos glic\u00f3licos<\/strong><\/span><br \/>\nExtractos obtenidos mediante extracci\u00f3n glic\u00f3lica, pudiendo generarse productos herbales, frutales y vegetales. Son utilizados para la elaboraci\u00f3n de cremas y jabones, tambi\u00e9n en veh\u00edculos con un elevado contenido acuoso tales como lociones, hidrogeles, shampoo y geles de ba\u00f1o.<\/p>\n<p><span style=\"color: #339966;\"><strong>Extractos de origen animal<\/strong><\/span><br \/>\nLos extractos de origen animal son compuestos espec\u00edficos con grado cosm\u00e9tico obtenidos a partir de tejidos animales.<\/p>\n<p><span style=\"color: #339966;\"><strong>Extractos fluidos y alcoh\u00f3licos<\/strong><\/span><br \/>\nSon extractos producidos mediante la utilizaci\u00f3n de diversos solventes, su elecci\u00f3n depende de la materia prima, sus componentes y los posibles usos que tendr\u00e1 el extracto, pudiendo desarrollarse a partir de vegetales, plantas o frutas. Se emplean, por ejemplo, en la formulaci\u00f3n de lociones capilares y t\u00f3nicos.<\/p>\n<p><span style=\"color: #339966;\"><strong>Liposomas<\/strong><\/span><br \/>\nExtractos o compuestos micro encapsulados, formados en un sistema cerrado de membrana, por medio de peque\u00f1as burbujas de grasa (mesofases esm\u00e9cticas) que est\u00e1n formadas por agua rodeada de membranas de doble capa fosfolip\u00eddica, conocida como liposomas. Pueden contener compuestos de tipo herbal, frutal o vegetal.<br \/>\nLos liposomas pueden presentarse en forma de gel, cremas s\u00faper concentradas o l\u00edquidos.<\/p>\n<p>&nbsp;<\/p>\n<\/div>\n<div style=\"padding: 10px 0 \"  class=\"interactive_bottom\"><div class='button_holder_left'><iframe allowtransparency='true' frameborder='0' scrolling='no' src='\/\/platform.twitter.com\/widgets\/tweet_button.html?url=http%3A%2F%2Fwww.eclatlab.com%2Fes%2Ftecnologia-y-procesos%2F&amp;text=Tecnolog\u00eda y Procesos&amp;count=vertical&amp;lang=' style='width:55px; height:65px;' ><\/iframe><\/div><div class='button_holder_left'><iframe src='\/\/www.facebook.com\/plugins\/like.php?href=http%3A%2F%2Fwww.eclatlab.com%2Fes%2Ftecnologia-y-procesos%2F&amp;layout=standard&amp;show_faces=false&amp;width=55&amp;action=like&amp;font=arial&amp;colorscheme=light&amp;height=31' scrolling='no' frameborder='0' style='border:none; overflow:hidden; width:55px; height:31px;' allowTransparency='true'><\/iframe><\/div><\/div>","protected":false},"excerpt":{"rendered":"<p>Perfil de los productos naturales en la industria cosm\u00e9tica.&nbsp;&nbsp; El<a href=\"http:\/\/www.eclatlab.com\/es\/tecnologia-y-procesos\/\" class=\"read-more\">Continue Reading<\/a><\/p>\n","protected":false},"author":1,"featured_media":0,"parent":0,"menu_order":7,"comment_status":"open","ping_status":"closed","template":"industries_template.php","meta":{"ngg_post_thumbnail":0},"categories":[],"tags":[],"_links":{"self":[{"href":"http:\/\/www.eclatlab.com\/es\/wp-json\/wp\/v2\/pages\/98"}],"collection":[{"href":"http:\/\/www.eclatlab.com\/es\/wp-json\/wp\/v2\/pages"}],"about":[{"href":"http:\/\/www.eclatlab.com\/es\/wp-json\/wp\/v2\/types\/page"}],"author":[{"embeddable":true,"href":"http:\/\/www.eclatlab.com\/es\/wp-json\/wp\/v2\/users\/1"}],"replies":[{"embeddable":true,"href":"http:\/\/www.eclatlab.com\/es\/wp-json\/wp\/v2\/comments?post=98"}],"version-history":[{"count":0,"href":"http:\/\/www.eclatlab.com\/es\/wp-json\/wp\/v2\/pages\/98\/revisions"}],"wp:attachment":[{"href":"http:\/\/www.eclatlab.com\/es\/wp-json\/wp\/v2\/media?parent=98"}],"wp:term":[{"taxonomy":"category","embeddable":true,"href":"http:\/\/www.eclatlab.com\/es\/wp-json\/wp\/v2\/categories?post=98"},{"taxonomy":"post_tag","embeddable":true,"href":"http:\/\/www.eclatlab.com\/es\/wp-json\/wp\/v2\/tags?post=98"}],"curies":[{"name":"wp","href":"https:\/\/api.w.org\/{rel}","templated":true}]}}