{"id":94,"date":"2012-08-25T21:34:47","date_gmt":"2012-08-26T01:34:47","guid":{"rendered":"http:\/\/www.eclatlab.com\/?page_id=94"},"modified":"2020-01-09T17:02:08","modified_gmt":"2020-01-09T21:02:08","slug":"industria-fitopharma","status":"publish","type":"page","link":"http:\/\/www.eclatlab.com\/es\/industria-fitopharma\/","title":{"rendered":"Industria Fitopharma"},"content":{"rendered":"<div class=\"row\">\nLa industria fitopharma se encarga de emplear plantas o sus derivados para prevenir, atenuar o bien curar enfermedades.<\/p>\n<p>Hay registros desde tiempos muy antiguos sobre la curaci\u00f3n con plantas y sus extractos, mucho de \u00e9ste saber es emp\u00edrico. En tiempos recientes, se emplea la farmacognosia (ciencia que se ocupa del estudio de drogas y substancias medicamentosas de origen natural) &nbsp;para el estudio de los medicamentos naturales.<\/p>\n<p>En la actualidad, la fitoterapia emplea fitof\u00e1rmacos a manera de extractos ya estandarizados, purificados y que cumplen con normas de calidad establecidas, aunque tambi\u00e9n se llegan a utilizar extractos simples (los obtenidos por la maceraci\u00f3n de la planta en alg\u00fan solvente).<\/p>\n<p>Teniendo \u00e9ste conocimiento, Laboratorio \u00c9clat ofrece al mercado fitoterap\u00e9utico extractos de excelente calidad garantizada bas\u00e1ndose en Normas Internacionales e inclusive con la flexibilidad de preparar extractos con las especificaciones que nuestros clientes necesiten. Para cubrir sus requerimientos, sometemos cada nuevo desarrollo a investigaci\u00f3n profunda de manera que el extracto que llegue a sus manos sea el mejor del mercado.<\/p>\n<p>De acuerdo a nuestro objetivo de Innovaci\u00f3n Constante y gracias a nuestra calidad, tenemos un convenio con el Consejo Nacional de Ciencia y Tecnolog\u00eda para la compra de un secador por aspersi\u00f3n lo que nos permitir\u00e1 elaborar extractos secos para facilitar el uso de los mismos en la industria de fitoterapia.<\/p>\n<\/div>\n<div style=\"padding: 10px 0 \"  class=\"interactive_bottom\"><div class='button_holder_left'><iframe allowtransparency='true' frameborder='0' scrolling='no' src='\/\/platform.twitter.com\/widgets\/tweet_button.html?url=http%3A%2F%2Fwww.eclatlab.com%2Fes%2Findustria-fitopharma%2F&amp;text=Industria Fitopharma&amp;count=vertical&amp;lang=' style='width:55px; height:65px;' ><\/iframe><\/div><div class='button_holder_left'><iframe src='\/\/www.facebook.com\/plugins\/like.php?href=http%3A%2F%2Fwww.eclatlab.com%2Fes%2Findustria-fitopharma%2F&amp;layout=standard&amp;show_faces=false&amp;width=55&amp;action=like&amp;font=arial&amp;colorscheme=light&amp;height=31' scrolling='no' frameborder='0' style='border:none; overflow:hidden; width:55px; height:31px;' allowTransparency='true'><\/iframe><\/div><\/div>","protected":false},"excerpt":{"rendered":"<p>La industria fitopharma se encarga de emplear plantas o sus<a href=\"http:\/\/www.eclatlab.com\/es\/industria-fitopharma\/\" class=\"read-more\">Continue Reading<\/a><\/p>\n","protected":false},"author":1,"featured_media":0,"parent":0,"menu_order":3,"comment_status":"closed","ping_status":"closed","template":"industries_template.php","meta":{"ngg_post_thumbnail":0},"categories":[],"tags":[373,308,260,372,369,306,249,223,322,325,226,216,296],"_links":{"self":[{"href":"http:\/\/www.eclatlab.com\/es\/wp-json\/wp\/v2\/pages\/94"}],"collection":[{"href":"http:\/\/www.eclatlab.com\/es\/wp-json\/wp\/v2\/pages"}],"about":[{"href":"http:\/\/www.eclatlab.com\/es\/wp-json\/wp\/v2\/types\/page"}],"author":[{"embeddable":true,"href":"http:\/\/www.eclatlab.com\/es\/wp-json\/wp\/v2\/users\/1"}],"replies":[{"embeddable":true,"href":"http:\/\/www.eclatlab.com\/es\/wp-json\/wp\/v2\/comments?post=94"}],"version-history":[{"count":0,"href":"http:\/\/www.eclatlab.com\/es\/wp-json\/wp\/v2\/pages\/94\/revisions"}],"wp:attachment":[{"href":"http:\/\/www.eclatlab.com\/es\/wp-json\/wp\/v2\/media?parent=94"}],"wp:term":[{"taxonomy":"category","embeddable":true,"href":"http:\/\/www.eclatlab.com\/es\/wp-json\/wp\/v2\/categories?post=94"},{"taxonomy":"post_tag","embeddable":true,"href":"http:\/\/www.eclatlab.com\/es\/wp-json\/wp\/v2\/tags?post=94"}],"curies":[{"name":"wp","href":"https:\/\/api.w.org\/{rel}","templated":true}]}}