{"id":884,"date":"2012-12-16T01:15:30","date_gmt":"2012-12-16T05:15:30","guid":{"rendered":"http:\/\/www.eclatlab.com\/?page_id=884"},"modified":"2016-11-01T13:16:39","modified_gmt":"2016-11-01T17:16:39","slug":"capsaicina-mejora-la-calidad-de-vida","status":"publish","type":"page","link":"http:\/\/www.eclatlab.com\/es\/noticias\/capsaicina-mejora-la-calidad-de-vida\/","title":{"rendered":"Capsaicina mejora la calidad de vida"},"content":{"rendered":"<p><strong>El parche de capsaicina al 8% mejora la calidad de vida de los pacientes con neuropat\u00eda asociada al VIH<\/strong><\/p>\n<p>Los estudios presentados en el Congreso Mundial del Dolor muestran que el tratamiento tambi\u00e9n resulta efectivo en lesiones nerviosas posquir\u00fargicas y postraum\u00e1ticas.<\/p>\n<p>Un estudio observacional sueco ha demostrado la eficacia y la tolerabilidad del parche de capsaicina al 8% en 211 pacientes no diab\u00e9ticos aquejados de distintos tipos de dolor neurop\u00e1tico perif\u00e9rico, entre ellos lesi\u00f3n nerviosa perif\u00e9rica parcial, cuyas causas pueden ser traumatismos o intervenciones quir\u00fargicas.<\/p>\n<p>El estudio concluye que la intensidad media del dolor medida con la Escala Num\u00e9rica de Valoraci\u00f3n del Dolor (NPRS) a lo largo de 24 horas se situaba al inicio en una media de 6,3 (DE 1,8). El cambio promedio desde el inicio hasta 14-90 d\u00edas despu\u00e9s del tratamiento (reducci\u00f3n m\u00e1xima del dolor en cualquier momento durante este per\u00edodo) fue de -1,77 (DE 2,36), 95% IC (-2,10 &#8211; -1,44)), P&lt;0,001. El 29% de los pacientes incluidos en el estudio notificaron que percibieron una reducci\u00f3n del dolor del 50% o m\u00e1s, mientras que el 37% notificaron una reducci\u00f3n del 30% o m\u00e1s.<\/p>\n<p><em>Septiembre 8, 2012. Lee la nota completa de JANO.es aqu\u00ed: <a title=\"Capsaicina\" href=\"http:\/\/www.jano.es\/jano\/actualidad\/ultimas\/noticias\/janoes\/parche\/capsaicina\/8\/mejora\/calidad\/vida\/pacientes\/neuropatia\/asociada\/vih\/_f-11+iditem-17907+idtabla-1?utm_source=JANO&amp;utm_medium=email&amp;utm_campaign=Jano+diario+-+04%2F09%2F2012\">Capsaicina mejora la calidad de vida.<\/a><br \/>\n<a href=\"http:\/\/www.jano.es\/jano\/actualidad\/ultimas\/noticias\/janoes\/parche\/capsaicina\/8\/mejora\/calidad\/vida\/pacientes\/neuropatia\/asociada\/vih\/_f-11+iditem-17907+idtabla-1?utm_source=JANO&amp;utm_medium=email&amp;utm_campaign=Jano+diario+-+04%2F09%2F2012\"><br \/>\n<\/a><\/em><\/p>\n<div style=\"padding: 10px 0 \"  class=\"interactive_bottom\"><div class='button_holder_left'><iframe allowtransparency='true' frameborder='0' scrolling='no' src='\/\/platform.twitter.com\/widgets\/tweet_button.html?url=http%3A%2F%2Fwww.eclatlab.com%2Fes%2Fnoticias%2Fcapsaicina-mejora-la-calidad-de-vida%2F&amp;text=Capsaicina mejora la calidad de vida&amp;count=vertical&amp;lang=' style='width:55px; height:65px;' ><\/iframe><\/div><div class='button_holder_left'><iframe src='\/\/www.facebook.com\/plugins\/like.php?href=http%3A%2F%2Fwww.eclatlab.com%2Fes%2Fnoticias%2Fcapsaicina-mejora-la-calidad-de-vida%2F&amp;layout=standard&amp;show_faces=false&amp;width=55&amp;action=like&amp;font=arial&amp;colorscheme=light&amp;height=31' scrolling='no' frameborder='0' style='border:none; overflow:hidden; width:55px; height:31px;' allowTransparency='true'><\/iframe><\/div><\/div>","protected":false},"excerpt":{"rendered":"<p>El parche de capsaicina al 8% mejora la calidad de<a href=\"http:\/\/www.eclatlab.com\/es\/noticias\/capsaicina-mejora-la-calidad-de-vida\/\" class=\"read-more\">Continue Reading<\/a><\/p>\n","protected":false},"author":1,"featured_media":0,"parent":100,"menu_order":0,"comment_status":"closed","ping_status":"open","template":"industries_template.php","meta":{"ngg_post_thumbnail":0},"categories":[187],"tags":[],"_links":{"self":[{"href":"http:\/\/www.eclatlab.com\/es\/wp-json\/wp\/v2\/pages\/884"}],"collection":[{"href":"http:\/\/www.eclatlab.com\/es\/wp-json\/wp\/v2\/pages"}],"about":[{"href":"http:\/\/www.eclatlab.com\/es\/wp-json\/wp\/v2\/types\/page"}],"author":[{"embeddable":true,"href":"http:\/\/www.eclatlab.com\/es\/wp-json\/wp\/v2\/users\/1"}],"replies":[{"embeddable":true,"href":"http:\/\/www.eclatlab.com\/es\/wp-json\/wp\/v2\/comments?post=884"}],"version-history":[{"count":0,"href":"http:\/\/www.eclatlab.com\/es\/wp-json\/wp\/v2\/pages\/884\/revisions"}],"up":[{"embeddable":true,"href":"http:\/\/www.eclatlab.com\/es\/wp-json\/wp\/v2\/pages\/100"}],"wp:attachment":[{"href":"http:\/\/www.eclatlab.com\/es\/wp-json\/wp\/v2\/media?parent=884"}],"wp:term":[{"taxonomy":"category","embeddable":true,"href":"http:\/\/www.eclatlab.com\/es\/wp-json\/wp\/v2\/categories?post=884"},{"taxonomy":"post_tag","embeddable":true,"href":"http:\/\/www.eclatlab.com\/es\/wp-json\/wp\/v2\/tags?post=884"}],"curies":[{"name":"wp","href":"https:\/\/api.w.org\/{rel}","templated":true}]}}