{"id":84,"date":"2012-08-25T21:30:20","date_gmt":"2012-08-26T01:30:20","guid":{"rendered":"http:\/\/www.eclatlab.com\/?page_id=84"},"modified":"2020-01-09T17:01:27","modified_gmt":"2020-01-09T21:01:27","slug":"industria-cosmetica","status":"publish","type":"page","link":"http:\/\/www.eclatlab.com\/es\/industria-cosmetica\/","title":{"rendered":"Industria Cosm\u00e9tica"},"content":{"rendered":"<div class=\"row\">Laboratorio \u00c9clat surge en 1994 debido a la creciente necesidad de productos naturales para ser empleados espec\u00edficamente en la industria cosm\u00e9tica, creando formulaciones que hasta la fecha siguen cumpliendo las necesidades de cada uno de nuestros clientes, contando con excelente calidad.&nbsp;<\/p>\n<p>El sector de la industria cosm\u00e9tica comprende los productos para la piel, incluso los repelentes de insectos que tienen aplicaci\u00f3n directa, productos para el sistema piloso y capilar como shampoos, enjuagues-acondicionadores, spray, mouse, fijadores, cremas para peinar, tratamientos capilares y tintes; productos para la higiene como son jabones, geles, cremas y espumas para afeitar, rastrillos y sus repuestos; maquillaje entre los cuales est\u00e1n: productos para las u\u00f1as, perfumes, desodorantes, antitranspirantes, fragancias, talcos, entre otros.<\/p>\n<p>Adem\u00e1s de contar con extractos que pueden emplearse para todos los fines mencionados; Laboratorio \u00c9clat brinda la constancia de que nuestros productos son completamente naturales y org\u00e1nicos; con lo que garantizamos su biodisponibilidad y efectividad. Aunado a lo anterior, nuestra empresa est\u00e1 en constante investigaci\u00f3n para descubrir nuevos desarrollos e innovaciones logrando que nuestros clientes sigan completamente satisfechos.<\/p>\n<\/div>\n<p>&nbsp;<\/p>\n<div style=\"padding: 10px 0 \"  class=\"interactive_bottom\"><div class='button_holder_left'><iframe allowtransparency='true' frameborder='0' scrolling='no' src='\/\/platform.twitter.com\/widgets\/tweet_button.html?url=http%3A%2F%2Fwww.eclatlab.com%2Fes%2Findustria-cosmetica%2F&amp;text=Industria Cosm\u00e9tica&amp;count=vertical&amp;lang=' style='width:55px; height:65px;' ><\/iframe><\/div><div class='button_holder_left'><iframe src='\/\/www.facebook.com\/plugins\/like.php?href=http%3A%2F%2Fwww.eclatlab.com%2Fes%2Findustria-cosmetica%2F&amp;layout=standard&amp;show_faces=false&amp;width=55&amp;action=like&amp;font=arial&amp;colorscheme=light&amp;height=31' scrolling='no' frameborder='0' style='border:none; overflow:hidden; width:55px; height:31px;' allowTransparency='true'><\/iframe><\/div><\/div>","protected":false},"excerpt":{"rendered":"<p>Laboratorio \u00c9clat surge en 1994 debido a la creciente necesidad<a href=\"http:\/\/www.eclatlab.com\/es\/industria-cosmetica\/\" class=\"read-more\">Continue Reading<\/a><\/p>\n","protected":false},"author":1,"featured_media":0,"parent":0,"menu_order":1,"comment_status":"closed","ping_status":"closed","template":"industries_template.php","meta":{"ngg_post_thumbnail":0},"categories":[],"tags":[373,308,260,372,369,306,249,223,226,216,296],"_links":{"self":[{"href":"http:\/\/www.eclatlab.com\/es\/wp-json\/wp\/v2\/pages\/84"}],"collection":[{"href":"http:\/\/www.eclatlab.com\/es\/wp-json\/wp\/v2\/pages"}],"about":[{"href":"http:\/\/www.eclatlab.com\/es\/wp-json\/wp\/v2\/types\/page"}],"author":[{"embeddable":true,"href":"http:\/\/www.eclatlab.com\/es\/wp-json\/wp\/v2\/users\/1"}],"replies":[{"embeddable":true,"href":"http:\/\/www.eclatlab.com\/es\/wp-json\/wp\/v2\/comments?post=84"}],"version-history":[{"count":0,"href":"http:\/\/www.eclatlab.com\/es\/wp-json\/wp\/v2\/pages\/84\/revisions"}],"wp:attachment":[{"href":"http:\/\/www.eclatlab.com\/es\/wp-json\/wp\/v2\/media?parent=84"}],"wp:term":[{"taxonomy":"category","embeddable":true,"href":"http:\/\/www.eclatlab.com\/es\/wp-json\/wp\/v2\/categories?post=84"},{"taxonomy":"post_tag","embeddable":true,"href":"http:\/\/www.eclatlab.com\/es\/wp-json\/wp\/v2\/tags?post=84"}],"curies":[{"name":"wp","href":"https:\/\/api.w.org\/{rel}","templated":true}]}}