{"id":4396,"date":"2016-02-12T12:12:41","date_gmt":"2016-02-12T16:12:41","guid":{"rendered":"http:\/\/www.eclatlab.com\/?page_id=4396"},"modified":"2016-02-12T12:23:33","modified_gmt":"2016-02-12T16:23:33","slug":"politica-de-responsabilidad-social","status":"publish","type":"page","link":"http:\/\/www.eclatlab.com\/es\/nosotros\/politica-de-responsabilidad-social\/","title":{"rendered":"Pol\u00edtica de Responsabilidad Social"},"content":{"rendered":"<p><\/br><br \/>\n<strong style=\"color: #339966; line-height: 1.5em;\">Pol\u00edtica de Responsabilidad Social<\/strong><\/p>\n<p>En Laboratorio \u00c9clat S.A. de C.V. la responsabilidad social contribuye al desarrollo humano sostenible a trav\u00e9s de la generaci\u00f3n de valor social, econ\u00f3mico y ambiental; promoviendo entre sus colaboradores el respeto a los derechos humanos, la igualdad de oportunidades, desarrollo profesional y prevenci\u00f3n del trabajo infantil.<\/p>\n<p>El \u00e9xito de la empresa depende principalemente de su personal y el desarrollo m\u00e1ximo del potencial de cada colaborador, que bajo fundamento \u00e9tico y de valores, contribuyen al logro de los objetivos estrat\u00e9gicos de la empresa. <\/p>\n<p>Laboratorio \u00c9clat S.A. de C.V.<\/p>\n<div style=\"padding: 10px 0 \"  class=\"interactive_bottom\"><div class='button_holder_left'><iframe allowtransparency='true' frameborder='0' scrolling='no' src='\/\/platform.twitter.com\/widgets\/tweet_button.html?url=http%3A%2F%2Fwww.eclatlab.com%2Fes%2Fnosotros%2Fpolitica-de-responsabilidad-social%2F&amp;text=Pol\u00edtica de Responsabilidad Social&amp;count=vertical&amp;lang=' style='width:55px; height:65px;' ><\/iframe><\/div><div class='button_holder_left'><iframe src='\/\/www.facebook.com\/plugins\/like.php?href=http%3A%2F%2Fwww.eclatlab.com%2Fes%2Fnosotros%2Fpolitica-de-responsabilidad-social%2F&amp;layout=standard&amp;show_faces=false&amp;width=55&amp;action=like&amp;font=arial&amp;colorscheme=light&amp;height=31' scrolling='no' frameborder='0' style='border:none; overflow:hidden; width:55px; height:31px;' allowTransparency='true'><\/iframe><\/div><\/div>","protected":false},"excerpt":{"rendered":"<p>Pol\u00edtica de Responsabilidad Social En Laboratorio \u00c9clat S.A. de C.V.<a href=\"http:\/\/www.eclatlab.com\/es\/nosotros\/politica-de-responsabilidad-social\/\" class=\"read-more\">Continue Reading<\/a><\/p>\n","protected":false},"author":1,"featured_media":0,"parent":157,"menu_order":0,"comment_status":"closed","ping_status":"open","template":"","meta":{"ngg_post_thumbnail":0},"categories":[],"tags":[227,223,224,226,216,225],"_links":{"self":[{"href":"http:\/\/www.eclatlab.com\/es\/wp-json\/wp\/v2\/pages\/4396"}],"collection":[{"href":"http:\/\/www.eclatlab.com\/es\/wp-json\/wp\/v2\/pages"}],"about":[{"href":"http:\/\/www.eclatlab.com\/es\/wp-json\/wp\/v2\/types\/page"}],"author":[{"embeddable":true,"href":"http:\/\/www.eclatlab.com\/es\/wp-json\/wp\/v2\/users\/1"}],"replies":[{"embeddable":true,"href":"http:\/\/www.eclatlab.com\/es\/wp-json\/wp\/v2\/comments?post=4396"}],"version-history":[{"count":0,"href":"http:\/\/www.eclatlab.com\/es\/wp-json\/wp\/v2\/pages\/4396\/revisions"}],"up":[{"embeddable":true,"href":"http:\/\/www.eclatlab.com\/es\/wp-json\/wp\/v2\/pages\/157"}],"wp:attachment":[{"href":"http:\/\/www.eclatlab.com\/es\/wp-json\/wp\/v2\/media?parent=4396"}],"wp:term":[{"taxonomy":"category","embeddable":true,"href":"http:\/\/www.eclatlab.com\/es\/wp-json\/wp\/v2\/categories?post=4396"},{"taxonomy":"post_tag","embeddable":true,"href":"http:\/\/www.eclatlab.com\/es\/wp-json\/wp\/v2\/tags?post=4396"}],"curies":[{"name":"wp","href":"https:\/\/api.w.org\/{rel}","templated":true}]}}