{"id":417,"date":"2012-11-16T13:28:09","date_gmt":"2012-11-16T17:28:09","guid":{"rendered":"http:\/\/www.eclatlab.com\/?page_id=417"},"modified":"2021-09-17T15:34:39","modified_gmt":"2021-09-17T19:34:39","slug":"almendra-dulce","status":"publish","type":"page","link":"http:\/\/www.eclatlab.com\/es\/productos\/almendra-dulce\/","title":{"rendered":"Almendra dulce"},"content":{"rendered":"\n<p><strong>Aplicaciones:<\/strong> El extracto de <strong>Almendra dulce<\/strong> se puede adicionar en productos capilares como champ\u00fa anti-caspa, acondicionadores; en cremas limpiadoras, antiarrugas, emolientes, remineralizantes, antioxidantes, contra eczema, para piel seca; en preparados de ba\u00f1o y anti-alop\u00e9cicos, t\u00f3nicos para poros dilatados en la cara, para depurar y suavizar la piel, aliviar heridas y quemaduras. Ideal para todo tipo de piel.<\/p>\n\n\n\n<p><strong>\u00bfCu\u00e1les son los beneficios de la almendra dulce?<\/strong> Tiene m\u00faltiples virtudes de belleza y salud. Rico en Omega 6 y Omega 9, el aceite de almendras dulces es nutritivo y suavizante. Tambi\u00e9n es muy calmante, calma el picor y la irritaci\u00f3n. Su composici\u00f3n de vitamina A mejora la elasticidad de la piel.<\/p>\n\n\n\n<p>Laboratorio \u00c9clat tiene disponible el extracto de Almendra Dulce en diferentes presentaciones, <a href=\"http:\/\/www.eclatlab.com\/es\/contacto\/\" target=\"_blank\" rel=\"noreferrer noopener\">cont\u00e1ctenos<\/a>, con gusto le atenderemos y le ayudaremos a elegir la presentaci\u00f3n m\u00e1s adecuada para satisfacer sus necesidades.<\/p>\n\n\n\n<p>En Laboratorio \u00c9clat nos hemos especializado para ser la mejor alternativa en la producci\u00f3n y comercializaci\u00f3n de extractos naturales, dirigidos para las industrias cosm\u00e9tica, nutrac\u00e9utica y fitopharma.<\/p>\n\n\n\n<p>Nuestro portafolio est\u00e1 compuesto por m\u00e1s de 350 productos, todos elaborados dentro de los est\u00e1ndares m\u00e1s estrictos de calidad.<\/p>\n<div style=\"padding: 10px 0 \"  class=\"interactive_bottom\"><div class='button_holder_left'><iframe allowtransparency='true' frameborder='0' scrolling='no' src='\/\/platform.twitter.com\/widgets\/tweet_button.html?url=http%3A%2F%2Fwww.eclatlab.com%2Fes%2Fproductos%2Falmendra-dulce%2F&amp;text=Almendra dulce&amp;count=vertical&amp;lang=' style='width:55px; height:65px;' ><\/iframe><\/div><div class='button_holder_left'><iframe src='\/\/www.facebook.com\/plugins\/like.php?href=http%3A%2F%2Fwww.eclatlab.com%2Fes%2Fproductos%2Falmendra-dulce%2F&amp;layout=standard&amp;show_faces=false&amp;width=55&amp;action=like&amp;font=arial&amp;colorscheme=light&amp;height=31' scrolling='no' frameborder='0' style='border:none; overflow:hidden; width:55px; height:31px;' allowTransparency='true'><\/iframe><\/div><\/div>","protected":false},"excerpt":{"rendered":"<p>Aplicaciones: El extracto de Almendra dulce se puede adicionar en<a href=\"http:\/\/www.eclatlab.com\/es\/productos\/almendra-dulce\/\" class=\"read-more\">Continue Reading<\/a><\/p>\n","protected":false},"author":1,"featured_media":0,"parent":77,"menu_order":0,"comment_status":"closed","ping_status":"closed","template":"single_product_template.php","meta":{"ngg_post_thumbnail":0},"categories":[5],"tags":[308,324,689,507,688,249,223,322,325,690,216,296],"_links":{"self":[{"href":"http:\/\/www.eclatlab.com\/es\/wp-json\/wp\/v2\/pages\/417"}],"collection":[{"href":"http:\/\/www.eclatlab.com\/es\/wp-json\/wp\/v2\/pages"}],"about":[{"href":"http:\/\/www.eclatlab.com\/es\/wp-json\/wp\/v2\/types\/page"}],"author":[{"embeddable":true,"href":"http:\/\/www.eclatlab.com\/es\/wp-json\/wp\/v2\/users\/1"}],"replies":[{"embeddable":true,"href":"http:\/\/www.eclatlab.com\/es\/wp-json\/wp\/v2\/comments?post=417"}],"version-history":[{"count":0,"href":"http:\/\/www.eclatlab.com\/es\/wp-json\/wp\/v2\/pages\/417\/revisions"}],"up":[{"embeddable":true,"href":"http:\/\/www.eclatlab.com\/es\/wp-json\/wp\/v2\/pages\/77"}],"wp:attachment":[{"href":"http:\/\/www.eclatlab.com\/es\/wp-json\/wp\/v2\/media?parent=417"}],"wp:term":[{"taxonomy":"category","embeddable":true,"href":"http:\/\/www.eclatlab.com\/es\/wp-json\/wp\/v2\/categories?post=417"},{"taxonomy":"post_tag","embeddable":true,"href":"http:\/\/www.eclatlab.com\/es\/wp-json\/wp\/v2\/tags?post=417"}],"curies":[{"name":"wp","href":"https:\/\/api.w.org\/{rel}","templated":true}]}}