{"id":372,"date":"2012-11-10T21:24:17","date_gmt":"2012-11-11T01:24:17","guid":{"rendered":"http:\/\/www.eclatlab.com\/?page_id=372"},"modified":"2012-11-21T16:20:13","modified_gmt":"2012-11-21T20:20:13","slug":"regaliz","status":"publish","type":"page","link":"http:\/\/www.eclatlab.com\/es\/productos\/regaliz\/","title":{"rendered":"Regaliz"},"content":{"rendered":"<p>Contiene \u00e1cido asc\u00f3rbico, oleico, fibra, f\u00f3sforo y zinc. Procede de Europa Mediterr\u00e1nea, cultivada en lugares h\u00famedos. Contiene Taninos, Flavonoides, \u00c1cido Salic\u00edlico y Vitaminas.<strong><\/strong><\/p>\n<p>&nbsp;<\/p>\n<div style=\"padding: 10px 0 \"  class=\"interactive_bottom\"><div class='button_holder_left'><iframe allowtransparency='true' frameborder='0' scrolling='no' src='\/\/platform.twitter.com\/widgets\/tweet_button.html?url=http%3A%2F%2Fwww.eclatlab.com%2Fes%2Fproductos%2Fregaliz%2F&amp;text=Regaliz&amp;count=vertical&amp;lang=' style='width:55px; height:65px;' ><\/iframe><\/div><div class='button_holder_left'><iframe src='\/\/www.facebook.com\/plugins\/like.php?href=http%3A%2F%2Fwww.eclatlab.com%2Fes%2Fproductos%2Fregaliz%2F&amp;layout=standard&amp;show_faces=false&amp;width=55&amp;action=like&amp;font=arial&amp;colorscheme=light&amp;height=31' scrolling='no' frameborder='0' style='border:none; overflow:hidden; width:55px; height:31px;' allowTransparency='true'><\/iframe><\/div><\/div>","protected":false},"excerpt":{"rendered":"<p>Contiene \u00e1cido asc\u00f3rbico, oleico, fibra, f\u00f3sforo y zinc. Procede de<a href=\"http:\/\/www.eclatlab.com\/es\/productos\/regaliz\/\" class=\"read-more\">Continue Reading<\/a><\/p>\n","protected":false},"author":1,"featured_media":0,"parent":77,"menu_order":0,"comment_status":"closed","ping_status":"closed","template":"single_product_template.php","meta":{"ngg_post_thumbnail":0},"categories":[5],"tags":[],"_links":{"self":[{"href":"http:\/\/www.eclatlab.com\/es\/wp-json\/wp\/v2\/pages\/372"}],"collection":[{"href":"http:\/\/www.eclatlab.com\/es\/wp-json\/wp\/v2\/pages"}],"about":[{"href":"http:\/\/www.eclatlab.com\/es\/wp-json\/wp\/v2\/types\/page"}],"author":[{"embeddable":true,"href":"http:\/\/www.eclatlab.com\/es\/wp-json\/wp\/v2\/users\/1"}],"replies":[{"embeddable":true,"href":"http:\/\/www.eclatlab.com\/es\/wp-json\/wp\/v2\/comments?post=372"}],"version-history":[{"count":0,"href":"http:\/\/www.eclatlab.com\/es\/wp-json\/wp\/v2\/pages\/372\/revisions"}],"up":[{"embeddable":true,"href":"http:\/\/www.eclatlab.com\/es\/wp-json\/wp\/v2\/pages\/77"}],"wp:attachment":[{"href":"http:\/\/www.eclatlab.com\/es\/wp-json\/wp\/v2\/media?parent=372"}],"wp:term":[{"taxonomy":"category","embeddable":true,"href":"http:\/\/www.eclatlab.com\/es\/wp-json\/wp\/v2\/categories?post=372"},{"taxonomy":"post_tag","embeddable":true,"href":"http:\/\/www.eclatlab.com\/es\/wp-json\/wp\/v2\/tags?post=372"}],"curies":[{"name":"wp","href":"https:\/\/api.w.org\/{rel}","templated":true}]}}