{"id":3238,"date":"2013-07-23T00:20:01","date_gmt":"2013-07-23T04:20:01","guid":{"rendered":"http:\/\/www.eclatlab.com\/?page_id=3238"},"modified":"2016-11-01T13:29:08","modified_gmt":"2016-11-01T17:29:08","slug":"una-opcion-contra-celulas-tumorales-humanas","status":"publish","type":"page","link":"http:\/\/www.eclatlab.com\/es\/noticias\/una-opcion-contra-celulas-tumorales-humanas\/","title":{"rendered":"Opci\u00f3n contra c\u00e9lulas tumorales humanas"},"content":{"rendered":"<p><span style=\"color: #008000;\"><em><strong>Actividad antiproliferativa de diterpenoides abietano contra c\u00e9lulas tumorales humanas<\/strong><\/em><\/span><\/p>\n<p>En el presente estudio, la citotoxicidad de 30 diterpenoides con un abietano o un esqueleto halimane se determin\u00f3 frente a cinco l\u00edneas de c\u00e9lulas tumorales humanas (HL-60, U937, Molt-3, SK-MEL-1, y MCF-7). Diterpenoides que contienen un esqueleto de abietano incluyendo taxodone (1) y taxodione (2), as\u00ed como los derivados semisint\u00e9ticos 12, 14, 15, 17, y 22, eran los compuestos m\u00e1s citot\u00f3xicos para las c\u00e9lulas de leucemia humana. La sobreexpresi\u00f3n de las prote\u00ednas mitocondriales de protecci\u00f3n Bcl-2 y Bcl-xL no confieren resistencia a citotoxicidad inducida por diterpeno abietano.<\/p>\n<p>Los estudios realizados en c\u00e9lulas HL-60 indicaron que la inhibici\u00f3n del crecimiento provocada por los compuestos 1, 12, 14, y 15 fue causada por la inducci\u00f3n de la apoptosis. Este fue impedido por el inhibidor de caspasa inespec\u00edfica Z-VAD-FMK y, en el caso de los compuestos 14 y 15, la reducci\u00f3n selectiva por el inhibidor de la caspasa-8 Z-IETD-FMK. La muerte celular inducida por estos diterpenos abietano se encontr\u00f3 que se asocia con la liberaci\u00f3n de prote\u00ednas mitocondriales, incluyendo citocromo c, Smac \/ DIABLO, y el AIF (factor inductor de apoptosis), acompa\u00f1ado por la disipaci\u00f3n del potencial de membrana mitocondrial (\u0394\u03a8), y modulada por la inhibici\u00f3n de quinasas extracelulares reguladas por se\u00f1ales de se\u00f1alizaci\u00f3n y la prote\u00edna quinasa activada por mit\u00f3geno p38.<\/p>\n<div style=\"padding: 10px 0 \"  class=\"interactive_bottom\"><div class='button_holder_left'><iframe allowtransparency='true' frameborder='0' scrolling='no' src='\/\/platform.twitter.com\/widgets\/tweet_button.html?url=http%3A%2F%2Fwww.eclatlab.com%2Fes%2Fnoticias%2Funa-opcion-contra-celulas-tumorales-humanas%2F&amp;text=Opci\u00f3n contra c\u00e9lulas tumorales humanas&amp;count=vertical&amp;lang=' style='width:55px; height:65px;' ><\/iframe><\/div><div class='button_holder_left'><iframe src='\/\/www.facebook.com\/plugins\/like.php?href=http%3A%2F%2Fwww.eclatlab.com%2Fes%2Fnoticias%2Funa-opcion-contra-celulas-tumorales-humanas%2F&amp;layout=standard&amp;show_faces=false&amp;width=55&amp;action=like&amp;font=arial&amp;colorscheme=light&amp;height=31' scrolling='no' frameborder='0' style='border:none; overflow:hidden; width:55px; height:31px;' allowTransparency='true'><\/iframe><\/div><\/div>","protected":false},"excerpt":{"rendered":"<p>Actividad antiproliferativa de diterpenoides abietano contra c\u00e9lulas tumorales humanas En<a href=\"http:\/\/www.eclatlab.com\/es\/noticias\/una-opcion-contra-celulas-tumorales-humanas\/\" class=\"read-more\">Continue Reading<\/a><\/p>\n","protected":false},"author":2,"featured_media":0,"parent":100,"menu_order":0,"comment_status":"closed","ping_status":"open","template":"industries_template.php","meta":{"ngg_post_thumbnail":0},"categories":[187],"tags":[],"_links":{"self":[{"href":"http:\/\/www.eclatlab.com\/es\/wp-json\/wp\/v2\/pages\/3238"}],"collection":[{"href":"http:\/\/www.eclatlab.com\/es\/wp-json\/wp\/v2\/pages"}],"about":[{"href":"http:\/\/www.eclatlab.com\/es\/wp-json\/wp\/v2\/types\/page"}],"author":[{"embeddable":true,"href":"http:\/\/www.eclatlab.com\/es\/wp-json\/wp\/v2\/users\/2"}],"replies":[{"embeddable":true,"href":"http:\/\/www.eclatlab.com\/es\/wp-json\/wp\/v2\/comments?post=3238"}],"version-history":[{"count":0,"href":"http:\/\/www.eclatlab.com\/es\/wp-json\/wp\/v2\/pages\/3238\/revisions"}],"up":[{"embeddable":true,"href":"http:\/\/www.eclatlab.com\/es\/wp-json\/wp\/v2\/pages\/100"}],"wp:attachment":[{"href":"http:\/\/www.eclatlab.com\/es\/wp-json\/wp\/v2\/media?parent=3238"}],"wp:term":[{"taxonomy":"category","embeddable":true,"href":"http:\/\/www.eclatlab.com\/es\/wp-json\/wp\/v2\/categories?post=3238"},{"taxonomy":"post_tag","embeddable":true,"href":"http:\/\/www.eclatlab.com\/es\/wp-json\/wp\/v2\/tags?post=3238"}],"curies":[{"name":"wp","href":"https:\/\/api.w.org\/{rel}","templated":true}]}}