{"id":306,"date":"2012-11-10T14:17:41","date_gmt":"2012-11-10T18:17:41","guid":{"rendered":"http:\/\/www.eclatlab.com\/?page_id=306"},"modified":"2020-01-09T17:18:01","modified_gmt":"2020-01-09T21:18:01","slug":"arnica-mexicana-2","status":"publish","type":"page","link":"http:\/\/www.eclatlab.com\/es\/productos\/arnica-mexicana-2\/","title":{"rendered":"\u00c1rnica mexicana"},"content":{"rendered":"<p>El extracto de esta planta originaria de M\u00e9xico se obtiene de sus flores \u00fanicamente. El \u00e1rnica se ha empleado como medicamento natural desde hace mucho tiempo.<strong><\/strong><br \/>\n<strong><\/strong><\/p>\n<p>&nbsp;<\/p>\n<div style=\"padding: 10px 0 \"  class=\"interactive_bottom\"><div class='button_holder_left'><iframe allowtransparency='true' frameborder='0' scrolling='no' src='\/\/platform.twitter.com\/widgets\/tweet_button.html?url=http%3A%2F%2Fwww.eclatlab.com%2Fes%2Fproductos%2Farnica-mexicana-2%2F&amp;text=\u00c1rnica mexicana&amp;count=vertical&amp;lang=' style='width:55px; height:65px;' ><\/iframe><\/div><div class='button_holder_left'><iframe src='\/\/www.facebook.com\/plugins\/like.php?href=http%3A%2F%2Fwww.eclatlab.com%2Fes%2Fproductos%2Farnica-mexicana-2%2F&amp;layout=standard&amp;show_faces=false&amp;width=55&amp;action=like&amp;font=arial&amp;colorscheme=light&amp;height=31' scrolling='no' frameborder='0' style='border:none; overflow:hidden; width:55px; height:31px;' allowTransparency='true'><\/iframe><\/div><\/div>","protected":false},"excerpt":{"rendered":"<p>El extracto de esta planta originaria de M\u00e9xico se obtiene<a href=\"http:\/\/www.eclatlab.com\/es\/productos\/arnica-mexicana-2\/\" class=\"read-more\">Continue Reading<\/a><\/p>\n","protected":false},"author":1,"featured_media":0,"parent":77,"menu_order":0,"comment_status":"closed","ping_status":"closed","template":"single_product_template.php","meta":{"ngg_post_thumbnail":0},"categories":[5],"tags":[308,324,372,516,291,249,223,322,325,355,216,296],"_links":{"self":[{"href":"http:\/\/www.eclatlab.com\/es\/wp-json\/wp\/v2\/pages\/306"}],"collection":[{"href":"http:\/\/www.eclatlab.com\/es\/wp-json\/wp\/v2\/pages"}],"about":[{"href":"http:\/\/www.eclatlab.com\/es\/wp-json\/wp\/v2\/types\/page"}],"author":[{"embeddable":true,"href":"http:\/\/www.eclatlab.com\/es\/wp-json\/wp\/v2\/users\/1"}],"replies":[{"embeddable":true,"href":"http:\/\/www.eclatlab.com\/es\/wp-json\/wp\/v2\/comments?post=306"}],"version-history":[{"count":1,"href":"http:\/\/www.eclatlab.com\/es\/wp-json\/wp\/v2\/pages\/306\/revisions"}],"predecessor-version":[{"id":599,"href":"http:\/\/www.eclatlab.com\/es\/wp-json\/wp\/v2\/pages\/306\/revisions\/599"}],"up":[{"embeddable":true,"href":"http:\/\/www.eclatlab.com\/es\/wp-json\/wp\/v2\/pages\/77"}],"wp:attachment":[{"href":"http:\/\/www.eclatlab.com\/es\/wp-json\/wp\/v2\/media?parent=306"}],"wp:term":[{"taxonomy":"category","embeddable":true,"href":"http:\/\/www.eclatlab.com\/es\/wp-json\/wp\/v2\/categories?post=306"},{"taxonomy":"post_tag","embeddable":true,"href":"http:\/\/www.eclatlab.com\/es\/wp-json\/wp\/v2\/tags?post=306"}],"curies":[{"name":"wp","href":"https:\/\/api.w.org\/{rel}","templated":true}]}}