{"id":254,"date":"2012-11-09T19:10:56","date_gmt":"2012-11-09T23:10:56","guid":{"rendered":"http:\/\/www.eclatlab.com\/?page_id=254"},"modified":"2025-12-11T19:20:43","modified_gmt":"2025-12-11T23:20:43","slug":"abedul","status":"publish","type":"page","link":"http:\/\/www.eclatlab.com\/es\/productos\/abedul\/","title":{"rendered":"Abedul"},"content":{"rendered":"\n<p><\/p>\n\n\n\n<p><strong><mark style=\"background-color:rgba(0, 0, 0, 0);color:#0a8942\" class=\"has-inline-color\">Descripci\u00f3n<\/mark><\/strong><\/p>\n\n\n\n<p>El abedul es un \u00e1rbol recto, esbelto y ligero, de hasta 30 m de altura. Hojas en forma de rombo, con bordes doblemente aserrados.<br>De la corteza del abedul se extrae el edulcorante natural xilitol.<\/p>\n\n\n\n<p><strong><mark style=\"background-color:rgba(0, 0, 0, 0);color:#0a8942\" class=\"has-inline-color\">Propiedades<\/mark><\/strong><\/p>\n\n\n\n<p>Contiene sales minerales y triterpenos (como el \u00c1cido betul\u00ednico, betulinol, \u00e1cido nicot\u00ednico) y \u00e1cidos fen\u00f3licos.<\/p>\n\n\n\n<p><strong><mark style=\"background-color:rgba(0, 0, 0, 0);color:#0a8942\" class=\"has-inline-color\">Beneficios<\/mark><\/strong><\/p>\n\n\n\n<p>Posee propiedades antiinflamatorias y antibacterianas. Contiene propiedades diur\u00e9ticas y desinfectantes de las v\u00edas urinarias y en malestares reum\u00e1ticos.<\/p>\n\n\n\n<p><strong><mark style=\"background-color:rgba(0, 0, 0, 0);color:#0a8942\" class=\"has-inline-color\">Aplicaciones<\/mark><\/strong><\/p>\n\n\n\n<p>Se utiliza para tratar el eccema y las erupciones cut\u00e1neas. El aceite de abedul en cosm\u00e9tica se emplea para masajes y tratamientos de la celulitis, tambi\u00e9n en t\u00f3nicos para la piel.<\/p>\n\n\n\n<p><strong><mark style=\"background-color:rgba(0, 0, 0, 0);color:#0a8942\" class=\"has-inline-color\">M\u00e1s Informaci\u00f3n<\/mark><\/strong><\/p>\n\n\n\n<p>Si desea adquirir este extracto natural, puede contactar a Laboratorio \u00c9clat en el <a rel=\"noreferrer noopener\" href=\"https:\/\/wa.me\/5215580808830\" target=\"_blank\"><mark style=\"background-color:rgba(0, 0, 0, 0);color:#0a8942\" class=\"has-inline-color\">Whatsapp: +52 1 55 <\/mark><\/a><a href=\"https:\/\/wa.me\/5215580808830\"><mark style=\"background-color:rgba(0, 0, 0, 0);color:#0a8942\" class=\"has-inline-color\">8080 8830<\/mark><\/a><a href=\"https:\/\/wa.me\/<+525580808830&gt;\"><mark style=\"background-color:rgba(0, 0, 0, 0);color:#0a8942\" class=\"has-inline-color\"> <\/mark><\/a> Tambi\u00e9n puede escribir al correo electr\u00f3nico: <a rel=\"noreferrer noopener\" href=\"mailto:labeclat@mexis.com\" target=\"_blank\"><mark style=\"background-color:rgba(0, 0, 0, 0);color:#0a8942\" class=\"has-inline-color\">labeclat@mexis.com<\/mark><\/a><br>Con gusto le asesoraremos y le ayudaremos a encontrar la mejor opci\u00f3n para su proyecto o negocio.<\/p>\n<div style=\"padding: 10px 0 \"  class=\"interactive_bottom\"><div class='button_holder_left'><iframe allowtransparency='true' frameborder='0' scrolling='no' src='\/\/platform.twitter.com\/widgets\/tweet_button.html?url=http%3A%2F%2Fwww.eclatlab.com%2Fes%2Fproductos%2Fabedul%2F&amp;text=Abedul&amp;count=vertical&amp;lang=' style='width:55px; height:65px;' ><\/iframe><\/div><div class='button_holder_left'><iframe src='\/\/www.facebook.com\/plugins\/like.php?href=http%3A%2F%2Fwww.eclatlab.com%2Fes%2Fproductos%2Fabedul%2F&amp;layout=standard&amp;show_faces=false&amp;width=55&amp;action=like&amp;font=arial&amp;colorscheme=light&amp;height=31' scrolling='no' frameborder='0' style='border:none; overflow:hidden; width:55px; height:31px;' allowTransparency='true'><\/iframe><\/div><\/div>","protected":false},"excerpt":{"rendered":"<p>Descripci\u00f3n El abedul es un \u00e1rbol recto, esbelto y ligero,<a href=\"http:\/\/www.eclatlab.com\/es\/productos\/abedul\/\" class=\"read-more\">Continue Reading<\/a><\/p>\n","protected":false},"author":1,"featured_media":0,"parent":77,"menu_order":0,"comment_status":"closed","ping_status":"closed","template":"single_product_template.php","meta":{"ngg_post_thumbnail":0},"categories":[5],"tags":[489,308,249,223,322,325,216,296],"_links":{"self":[{"href":"http:\/\/www.eclatlab.com\/es\/wp-json\/wp\/v2\/pages\/254"}],"collection":[{"href":"http:\/\/www.eclatlab.com\/es\/wp-json\/wp\/v2\/pages"}],"about":[{"href":"http:\/\/www.eclatlab.com\/es\/wp-json\/wp\/v2\/types\/page"}],"author":[{"embeddable":true,"href":"http:\/\/www.eclatlab.com\/es\/wp-json\/wp\/v2\/users\/1"}],"replies":[{"embeddable":true,"href":"http:\/\/www.eclatlab.com\/es\/wp-json\/wp\/v2\/comments?post=254"}],"version-history":[{"count":0,"href":"http:\/\/www.eclatlab.com\/es\/wp-json\/wp\/v2\/pages\/254\/revisions"}],"up":[{"embeddable":true,"href":"http:\/\/www.eclatlab.com\/es\/wp-json\/wp\/v2\/pages\/77"}],"wp:attachment":[{"href":"http:\/\/www.eclatlab.com\/es\/wp-json\/wp\/v2\/media?parent=254"}],"wp:term":[{"taxonomy":"category","embeddable":true,"href":"http:\/\/www.eclatlab.com\/es\/wp-json\/wp\/v2\/categories?post=254"},{"taxonomy":"post_tag","embeddable":true,"href":"http:\/\/www.eclatlab.com\/es\/wp-json\/wp\/v2\/tags?post=254"}],"curies":[{"name":"wp","href":"https:\/\/api.w.org\/{rel}","templated":true}]}}