{"id":240,"date":"2012-11-09T18:44:22","date_gmt":"2012-11-09T22:44:22","guid":{"rendered":"http:\/\/www.eclatlab.com\/?page_id=240"},"modified":"2025-12-11T18:58:43","modified_gmt":"2025-12-11T22:58:43","slug":"a-hidroxiacidos","status":"publish","type":"page","link":"http:\/\/www.eclatlab.com\/es\/productos\/a-hidroxiacidos\/","title":{"rendered":"A-Hidroxi\u00e1cidos"},"content":{"rendered":"\n<p><\/p>\n\n\n\n<p><strong>Descripci\u00f3n<\/strong><\/p>\n\n\n\n<p>Sinonimia: A-hidroxi\u00e1cidos, Alfa-hidroxi\u00e1cidos, Alpha-hidroxi\u00e1cidos, AHA.<\/p>\n\n\n\n<p><strong>Beneficios<\/strong><\/p>\n\n\n\n<p>Son exfoliantes, reducen l\u00edneas de expresi\u00f3n y pueden mejorar la absorci\u00f3n de los principios activos de otros productos.<\/p>\n\n\n\n<p><strong>Aplicaciones<\/strong><\/p>\n\n\n\n<p>Se utiliza en cosm\u00e9tica para productos de la piel.<\/p>\n\n\n\n<p><strong>M\u00e1s Informaci\u00f3n<\/strong><\/p>\n\n\n\n<p>Los alfa-hidroxi\u00e1cidos tambi\u00e9n estan disponible como spray dryer. La tecnolog\u00eda Spray Dryer logra secar los l\u00edquidos y s\u00f3lidos solubles con la m\u00e1s alta calidad. Este proceso preserva las caracter\u00edsticas esenciales, la actividad biol\u00f3gica y farmacol\u00f3gica en el producto final. Los productos en Spray Dryer poseen caracter\u00edsticas de flujo libre, solubilidad en agua y granulaci\u00f3n uniforme \u00fanica en el mercado.<\/p>\n<div style=\"padding: 10px 0 \"  class=\"interactive_bottom\"><div class='button_holder_left'><iframe allowtransparency='true' frameborder='0' scrolling='no' src='\/\/platform.twitter.com\/widgets\/tweet_button.html?url=http%3A%2F%2Fwww.eclatlab.com%2Fes%2Fproductos%2Fa-hidroxiacidos%2F&amp;text=A-Hidroxi\u00e1cidos&amp;count=vertical&amp;lang=' style='width:55px; height:65px;' ><\/iframe><\/div><div class='button_holder_left'><iframe src='\/\/www.facebook.com\/plugins\/like.php?href=http%3A%2F%2Fwww.eclatlab.com%2Fes%2Fproductos%2Fa-hidroxiacidos%2F&amp;layout=standard&amp;show_faces=false&amp;width=55&amp;action=like&amp;font=arial&amp;colorscheme=light&amp;height=31' scrolling='no' frameborder='0' style='border:none; overflow:hidden; width:55px; height:31px;' allowTransparency='true'><\/iframe><\/div><\/div>","protected":false},"excerpt":{"rendered":"<p>Descripci\u00f3n Sinonimia: A-hidroxi\u00e1cidos, Alfa-hidroxi\u00e1cidos, Alpha-hidroxi\u00e1cidos, AHA. Beneficios Son exfoliantes, reducen<a href=\"http:\/\/www.eclatlab.com\/es\/productos\/a-hidroxiacidos\/\" class=\"read-more\">Continue Reading<\/a><\/p>\n","protected":false},"author":1,"featured_media":0,"parent":77,"menu_order":0,"comment_status":"closed","ping_status":"closed","template":"single_product_template.php","meta":{"ngg_post_thumbnail":0},"categories":[5],"tags":[488,308,249,223,216,296],"_links":{"self":[{"href":"http:\/\/www.eclatlab.com\/es\/wp-json\/wp\/v2\/pages\/240"}],"collection":[{"href":"http:\/\/www.eclatlab.com\/es\/wp-json\/wp\/v2\/pages"}],"about":[{"href":"http:\/\/www.eclatlab.com\/es\/wp-json\/wp\/v2\/types\/page"}],"author":[{"embeddable":true,"href":"http:\/\/www.eclatlab.com\/es\/wp-json\/wp\/v2\/users\/1"}],"replies":[{"embeddable":true,"href":"http:\/\/www.eclatlab.com\/es\/wp-json\/wp\/v2\/comments?post=240"}],"version-history":[{"count":0,"href":"http:\/\/www.eclatlab.com\/es\/wp-json\/wp\/v2\/pages\/240\/revisions"}],"up":[{"embeddable":true,"href":"http:\/\/www.eclatlab.com\/es\/wp-json\/wp\/v2\/pages\/77"}],"wp:attachment":[{"href":"http:\/\/www.eclatlab.com\/es\/wp-json\/wp\/v2\/media?parent=240"}],"wp:term":[{"taxonomy":"category","embeddable":true,"href":"http:\/\/www.eclatlab.com\/es\/wp-json\/wp\/v2\/categories?post=240"},{"taxonomy":"post_tag","embeddable":true,"href":"http:\/\/www.eclatlab.com\/es\/wp-json\/wp\/v2\/tags?post=240"}],"curies":[{"name":"wp","href":"https:\/\/api.w.org\/{rel}","templated":true}]}}