{"id":160,"date":"2012-08-26T11:28:43","date_gmt":"2012-08-26T15:28:43","guid":{"rendered":"http:\/\/www.eclatlab.com\/?page_id=160"},"modified":"2020-01-31T13:27:07","modified_gmt":"2020-01-31T17:27:07","slug":"aviso-de-privacidad","status":"publish","type":"page","link":"http:\/\/www.eclatlab.com\/es\/nosotros\/aviso-de-privacidad\/","title":{"rendered":"Aviso de Privacidad"},"content":{"rendered":"<p><strong style=\"color: #339966; line-height: 1.5em;\">Laboratorio \u00c9clat S.A. de C.V.<\/strong><\/p>\n<p>Laboratorio \u00c9clat S.A. de C.V., empresa&nbsp;especializada para ser la mejor alternativa en la producci\u00f3n y comercializaci\u00f3n de&nbsp;extractos naturales, dirigidos para las industrias cosm\u00e9tica, nutrac\u00e9utica y fitopharma, considera que es de vital importancia dar un tratamiento leg\u00edtimo, controlado e informado de sus datos personales para alcanzar los objetivos trazados y reiterar nuestro compromiso con su privacidad y el derecho a la autodeterminaci\u00f3n informativa.<\/p>\n<p>El objeto de este Aviso de Privacidad es informarle el uso que se dar\u00e1 a sus datos personales cuando \u00e9stos sean recabados, almacenados, utilizados y\/o transferidos por Laboratorio \u00c9clat S.A. de C.V.<\/p>\n<p><strong style=\"color: #339966; line-height: 1.5em;\">AVISO DE PRIVACIDAD<\/strong><\/p>\n<p>Laboratorio \u00c9clat S.A. de C.V.&nbsp;es responsable de recabar sus datos personales, del uso que se le d\u00e9 a los mismos y de su protecci\u00f3n.&nbsp;Sus datos personales ser\u00e1n utilizados para las siguientes finalidades: generar cotizaciones, mandar correos informativos, responder a solicitudes de informaci\u00f3n sobre la empresa y sus productos.<\/p>\n<p>Para las finalidades se\u00f1aladas en el presente aviso de privacidad, podemos recabar sus datos personales de distintas formas: V\u00eda electr\u00f3nica (web, e-mail, chat, encuestas en l\u00ednea, etc.), telef\u00f3nicamente o a trav\u00e9s de encuestas.&nbsp;Para las finalidades antes mencionadas, requerimos obtener los siguientes datos personales:&nbsp;Nombre, Apellido Paterno, Apellido Materno, Tel\u00e9fono, E-mail, Empresa.<\/p>\n<p>Usted tiene derecho de acceder, rectificar y cancelar sus datos personales, as\u00ed como de oponerse al tratamiento de los mismos o revocar el consentimiento que para tal fin nos haya otorgado, a trav\u00e9s de los procedimientos que hemos implementado. Para conocer dichos procedimientos, los requisitos y plazos, se puede poner en contacto con nuestro departamento de datos personales al <b>Whatsapp:<\/b> +52 1 55 8080 8830; por correo electr\u00f3nico labeclat@mexis.com, o visitar nuestra p\u00e1gina de Internet <a title=\"Laboratorios \u00c9clat\" href=\"http:\/\/www.eclatlab.com\/es\/\" target=\"_blank\" rel=\"noopener noreferrer\">http:\/\/www.eclatlab.com\/es<\/a>.<\/p>\n<p>Si usted desea dejar de recibir mensajes promocionales de nuestra parte puede solicitarlo a trav\u00e9s del <b>Whatsapp:<\/b> +52 1 55 8080 8830, o a trav\u00e9s del correo electr\u00f3nico labeclat@mexis.com.<\/p>\n<p>Cualquier modificaci\u00f3n a este aviso de privacidad podr\u00e1 consultarla en <a title=\"Laboratorios \u00c9clat\" href=\"http:\/\/www.eclatlab.com\/es\/\" target=\"_blank\" rel=\"noopener noreferrer\">http:\/\/www.eclatlab.com\/es<\/a>.<br \/>\nFecha \u00faltima actualizaci\u00f3n Enero 31, 2020 11:26:00 AM<\/p>\n<div style=\"padding: 10px 0 \"  class=\"interactive_bottom\"><div class='button_holder_left'><iframe allowtransparency='true' frameborder='0' scrolling='no' src='\/\/platform.twitter.com\/widgets\/tweet_button.html?url=http%3A%2F%2Fwww.eclatlab.com%2Fes%2Fnosotros%2Faviso-de-privacidad%2F&amp;text=Aviso de Privacidad&amp;count=vertical&amp;lang=' style='width:55px; height:65px;' ><\/iframe><\/div><div class='button_holder_left'><iframe src='\/\/www.facebook.com\/plugins\/like.php?href=http%3A%2F%2Fwww.eclatlab.com%2Fes%2Fnosotros%2Faviso-de-privacidad%2F&amp;layout=standard&amp;show_faces=false&amp;width=55&amp;action=like&amp;font=arial&amp;colorscheme=light&amp;height=31' scrolling='no' frameborder='0' style='border:none; overflow:hidden; width:55px; height:31px;' allowTransparency='true'><\/iframe><\/div><\/div>","protected":false},"excerpt":{"rendered":"<p>Laboratorio \u00c9clat S.A. de C.V. Laboratorio \u00c9clat S.A. de C.V.,<a href=\"http:\/\/www.eclatlab.com\/es\/nosotros\/aviso-de-privacidad\/\" class=\"read-more\">Continue Reading<\/a><\/p>\n","protected":false},"author":1,"featured_media":0,"parent":157,"menu_order":0,"comment_status":"open","ping_status":"open","template":"","meta":{"ngg_post_thumbnail":0},"categories":[],"tags":[227,223,224,226,216,225],"_links":{"self":[{"href":"http:\/\/www.eclatlab.com\/es\/wp-json\/wp\/v2\/pages\/160"}],"collection":[{"href":"http:\/\/www.eclatlab.com\/es\/wp-json\/wp\/v2\/pages"}],"about":[{"href":"http:\/\/www.eclatlab.com\/es\/wp-json\/wp\/v2\/types\/page"}],"author":[{"embeddable":true,"href":"http:\/\/www.eclatlab.com\/es\/wp-json\/wp\/v2\/users\/1"}],"replies":[{"embeddable":true,"href":"http:\/\/www.eclatlab.com\/es\/wp-json\/wp\/v2\/comments?post=160"}],"version-history":[{"count":0,"href":"http:\/\/www.eclatlab.com\/es\/wp-json\/wp\/v2\/pages\/160\/revisions"}],"up":[{"embeddable":true,"href":"http:\/\/www.eclatlab.com\/es\/wp-json\/wp\/v2\/pages\/157"}],"wp:attachment":[{"href":"http:\/\/www.eclatlab.com\/es\/wp-json\/wp\/v2\/media?parent=160"}],"wp:term":[{"taxonomy":"category","embeddable":true,"href":"http:\/\/www.eclatlab.com\/es\/wp-json\/wp\/v2\/categories?post=160"},{"taxonomy":"post_tag","embeddable":true,"href":"http:\/\/www.eclatlab.com\/es\/wp-json\/wp\/v2\/tags?post=160"}],"curies":[{"name":"wp","href":"https:\/\/api.w.org\/{rel}","templated":true}]}}