{"id":157,"date":"2012-08-26T11:28:05","date_gmt":"2012-08-26T15:28:05","guid":{"rendered":"http:\/\/www.eclatlab.com\/?page_id=157"},"modified":"2025-12-11T18:43:25","modified_gmt":"2025-12-11T22:43:25","slug":"nosotros","status":"publish","type":"page","link":"http:\/\/www.eclatlab.com\/es\/nosotros\/","title":{"rendered":"Nosotros"},"content":{"rendered":"<div class=\"row\"><span style=\"color: #339966;\"><strong>Laboratorio \u00c9clat<\/strong><\/span>&nbsp;&nbsp;&nbsp;&nbsp;&nbsp;&nbsp;&nbsp;<\/p>\n<p>En \u00c9clat nos hemos especializado para ser la mejor alternativa en la producci\u00f3n y comercializaci\u00f3n de <span style=\"color: #339966;\">extractos naturales<\/span>, dirigidos para las industrias cosm\u00e9tica, nutrac\u00e9utica y fitopharma.<\/p>\n<p>Contamos con una amplia experiencia: En 2026, celebramos 32 a\u00f1os como proveedores en el mercado nacional, adem\u00e1s de exportar nuestros productos con gran aceptaci\u00f3n a pa\u00edses como Puerto Rico, Guatemala, Colombia, Brasil, Sud\u00e1frica e Islas Dominca.<\/p>\n<p>Nuestro portafolio esta compuesto por <span style=\"color: #339966;\">m\u00e1s de 350 productos<\/span>, elaborados dentro de los <span style=\"color: #339966;\">est\u00e1ndares m\u00e1s estrictos de calidad<\/span>, avalados por nuestro sistema de gesti\u00f3n de la calidad certificado dentro de la norma ISO 9001:2015. Adem\u00e1s, contamos con innovadores procesos de investigaci\u00f3n y desarrollo que nos permiten ofrecer a nuestros clientes productos de la m\u00e1s alta calidad y la capacidad para desarrollar nuevos productos a la medida de sus necesidades espec\u00edficas.<\/p>\n<p>Actualmente Laboratorio \u00c9clat se encuentra en un proceso de expansi\u00f3n, creando alianzas estrat\u00e9gicas para incursionar en el mercado canadiense y fortalecer la producci\u00f3n en el mercado mexicano.<\/p>\n<p>&nbsp;<\/p>\n            \n\t\t<div class=\"ngg-gallery-singlepic-image ngg-left\" style=\"max-width: 80px\">\n\t\t\t    \t<a href=\"http:\/\/www.eclatlab.com\/wp-content\/gallery\/img\/us1_quality_policy.png\"\n\t\t     title=\"Productos Naturales con la m\u00e1xima calidad\"\n             data-src=\"http:\/\/www.eclatlab.com\/wp-content\/gallery\/img\/us1_quality_policy.png\"\n             data-thumbnail=\"http:\/\/www.eclatlab.com\/wp-content\/gallery\/img\/thumbs\/thumbs_us1_quality_policy.png\"\n             data-image-id=\"104\"\n             data-title=\"us1_quality_policy\"\n             data-description=\"Productos Naturales con la m\u00e1xima calidad\"\n             target='_self'\n             >\n            <img class=\"ngg-singlepic\"\n             src=\"http:\/\/www.eclatlab.com\/wp-content\/gallery\/img\/cache\/us1_quality_policy.png-nggid03104-ngg0dyn-80x60x100-00f0w010c010r110f110r010t010.png\"\n             alt=\"us1_quality_policy\"\n             title=\"us1_quality_policy\"\n              width=\"80\"               \/>\n    \t<\/a>\n\t\t      <\/div>\n        \n<p><span style=\"color: #339966;\"><strong>Pol\u00edtica de Calidad de Laboratorio \u00c9clat<br \/>\n<\/strong><\/span>Garantizar la satisfacci\u00f3n total del cliente, cumpliendo o superando las expectativas de nuestros socios comerciales; asegurando el cumplimiento de los requisitos legales y reglamentarios, cumpliendo permanentemente con los m\u00e1s altos est\u00e1ndares de desempe\u00f1o y calidad.<\/p>\n<p>&nbsp;<\/p>\n            \n\t\t<div class=\"ngg-gallery-singlepic-image ngg-left\" style=\"max-width: 80px\">\n\t\t\t    \t<a href=\"http:\/\/www.eclatlab.com\/wp-content\/gallery\/img\/us2_mision.png\"\n\t\t     title=\"Eclat Laboratorio: Nuestra mision\"\n             data-src=\"http:\/\/www.eclatlab.com\/wp-content\/gallery\/img\/us2_mision.png\"\n             data-thumbnail=\"http:\/\/www.eclatlab.com\/wp-content\/gallery\/img\/thumbs\/thumbs_us2_mision.png\"\n             data-image-id=\"105\"\n             data-title=\"us2_mision\"\n             data-description=\"Eclat Laboratorio: Nuestra mision\"\n             target='_self'\n             >\n            <img class=\"ngg-singlepic\"\n             src=\"http:\/\/www.eclatlab.com\/wp-content\/gallery\/img\/cache\/us2_mision.png-nggid03105-ngg0dyn-80x60x100-00f0w010c010r110f110r010t010.png\"\n             alt=\"us2_mision\"\n             title=\"us2_mision\"\n              width=\"80\"               \/>\n    \t<\/a>\n\t\t      <\/div>\n        \n<p><strong> <span style=\"color: #339966;\">Misi\u00f3n<br \/>\n<\/span><\/strong>Ofrecer a nuestros clientes productos de origen natural de la m\u00e1s alta calidad, respaldados por una amplia experiencia y avalados por est\u00e1ndares y normas de nivel internacional, formando un amplio prestigio en el mercado de la industria cosm\u00e9tica, fitopharma y nutrac\u00e9utica.<\/p>\n<p>&nbsp;<\/p>\n            \n\t\t<div class=\"ngg-gallery-singlepic-image ngg-left\" style=\"max-width: 80px\">\n\t\t\t    \t<a href=\"http:\/\/www.eclatlab.com\/wp-content\/gallery\/img\/us3_vision.png\"\n\t\t     title=\"Vision de Laboratorio Eclat\"\n             data-src=\"http:\/\/www.eclatlab.com\/wp-content\/gallery\/img\/us3_vision.png\"\n             data-thumbnail=\"http:\/\/www.eclatlab.com\/wp-content\/gallery\/img\/thumbs\/thumbs_us3_vision.png\"\n             data-image-id=\"106\"\n             data-title=\"us3_vision\"\n             data-description=\"Vision de Laboratorio Eclat\"\n             target='_self'\n             >\n            <img class=\"ngg-singlepic\"\n             src=\"http:\/\/www.eclatlab.com\/wp-content\/gallery\/img\/cache\/us3_vision.png-nggid03106-ngg0dyn-80x60x100-00f0w010c010r110f110r010t010.png\"\n             alt=\"us3_vision\"\n             title=\"us3_vision\"\n              width=\"80\"               \/>\n    \t<\/a>\n\t\t      <\/div>\n        \n<p><strong> <span style=\"color: #339966;\">Visi\u00f3n<br \/>\n<\/span><\/strong>Ser conocido internacionalmente como un principal proveedor de extractos para la industria del cuidado de la salud, al ofrecer constantemente, productos naturales de alto valor; adem\u00e1s de seguir ganando premios con nuestras iniciativas eco-eficientes.<\/p>\n<p>&nbsp;<\/p>\n            \n\t\t<div class=\"ngg-gallery-singlepic-image ngg-left\" style=\"max-width: 80px\">\n\t\t\t    \t<a href=\"http:\/\/www.eclatlab.com\/wp-content\/gallery\/img\/us4_iso.png\"\n\t\t     title=\"Laboratorio Eclat cuenta con certificaci\u00f3n ISO 9000 : 2008\"\n             data-src=\"http:\/\/www.eclatlab.com\/wp-content\/gallery\/img\/us4_iso.png\"\n             data-thumbnail=\"http:\/\/www.eclatlab.com\/wp-content\/gallery\/img\/thumbs\/thumbs_us4_iso.png\"\n             data-image-id=\"107\"\n             data-title=\"us4_iso\"\n             data-description=\"Laboratorio Eclat cuenta con certificaci\u00f3n ISO 9000 : 2008\"\n             target='_self'\n             >\n            <img class=\"ngg-singlepic\"\n             src=\"http:\/\/www.eclatlab.com\/wp-content\/gallery\/img\/cache\/us4_iso.png-nggid03107-ngg0dyn-80x60x100-00f0w010c010r110f110r010t010.png\"\n             alt=\"us4_iso\"\n             title=\"us4_iso\"\n              width=\"80\"               \/>\n    \t<\/a>\n\t\t      <\/div>\n        \n<p><span style=\"color: #339966;\"><strong>Certificaci\u00f3n ISO 9001: 2015<br \/>\n<\/strong><\/span>Elaboramos nuestros productos con los est\u00e1ndares m\u00e1s estrictos de calidad.<br \/>\nExportamos a Puerto Rico, Islas Dominica, Guatemala, Colombia, Brasil y Sud\u00e1frica.<\/p>\n<p>&nbsp;<\/p>\n            \n\t\t<div class=\"ngg-gallery-singlepic-image ngg-left\" style=\"max-width: 80px\">\n\t\t\t    \t<a href=\"http:\/\/www.eclatlab.com\/wp-content\/gallery\/img\/1_ind-limpia.jpg\"\n\t\t     title=\"\"\n             data-src=\"http:\/\/www.eclatlab.com\/wp-content\/gallery\/img\/1_ind-limpia.jpg\"\n             data-thumbnail=\"http:\/\/www.eclatlab.com\/wp-content\/gallery\/img\/thumbs\/thumbs_1_ind-limpia.jpg\"\n             data-image-id=\"687\"\n             data-title=\"1_ind-limpia\"\n             data-description=\"\"\n             target='_self'\n             >\n            <img class=\"ngg-singlepic\"\n             src=\"http:\/\/www.eclatlab.com\/wp-content\/gallery\/img\/cache\/1_ind-limpia.jpg-nggid03687-ngg0dyn-80x80x100-00f0w010c010r110f110r010t010.jpg\"\n             alt=\"1_ind-limpia\"\n             title=\"1_ind-limpia\"\n              width=\"80\"               \/>\n    \t<\/a>\n\t\t      <\/div>\n        \n<p><strong><span style=\"color: #339966;\">Certificaci\u00f3n Industria Limpia<\/span><br \/>\n<\/strong>Laboratorio \u00c9clat es una empresa comprometida con salvaguardar el patrimonio ambiental de nuestro pa\u00eds.<\/p>\n<\/div>\n<div style=\"padding: 10px 0 \"  class=\"interactive_bottom\"><div class='button_holder_left'><iframe allowtransparency='true' frameborder='0' scrolling='no' src='\/\/platform.twitter.com\/widgets\/tweet_button.html?url=http%3A%2F%2Fwww.eclatlab.com%2Fes%2Fnosotros%2F&amp;text=Nosotros&amp;count=vertical&amp;lang=' style='width:55px; height:65px;' ><\/iframe><\/div><div class='button_holder_left'><iframe src='\/\/www.facebook.com\/plugins\/like.php?href=http%3A%2F%2Fwww.eclatlab.com%2Fes%2Fnosotros%2F&amp;layout=standard&amp;show_faces=false&amp;width=55&amp;action=like&amp;font=arial&amp;colorscheme=light&amp;height=31' scrolling='no' frameborder='0' style='border:none; overflow:hidden; width:55px; height:31px;' allowTransparency='true'><\/iframe><\/div><\/div>","protected":false},"excerpt":{"rendered":"<p>Laboratorio \u00c9clat&nbsp;&nbsp;&nbsp;&nbsp;&nbsp;&nbsp;&nbsp; En \u00c9clat nos hemos especializado para ser la<a href=\"http:\/\/www.eclatlab.com\/es\/nosotros\/\" class=\"read-more\">Continue Reading<\/a><\/p>\n","protected":false},"author":1,"featured_media":0,"parent":0,"menu_order":6,"comment_status":"open","ping_status":"closed","template":"industries_template.php","meta":{"ngg_post_thumbnail":0},"categories":[],"tags":[],"_links":{"self":[{"href":"http:\/\/www.eclatlab.com\/es\/wp-json\/wp\/v2\/pages\/157"}],"collection":[{"href":"http:\/\/www.eclatlab.com\/es\/wp-json\/wp\/v2\/pages"}],"about":[{"href":"http:\/\/www.eclatlab.com\/es\/wp-json\/wp\/v2\/types\/page"}],"author":[{"embeddable":true,"href":"http:\/\/www.eclatlab.com\/es\/wp-json\/wp\/v2\/users\/1"}],"replies":[{"embeddable":true,"href":"http:\/\/www.eclatlab.com\/es\/wp-json\/wp\/v2\/comments?post=157"}],"version-history":[{"count":0,"href":"http:\/\/www.eclatlab.com\/es\/wp-json\/wp\/v2\/pages\/157\/revisions"}],"wp:attachment":[{"href":"http:\/\/www.eclatlab.com\/es\/wp-json\/wp\/v2\/media?parent=157"}],"wp:term":[{"taxonomy":"category","embeddable":true,"href":"http:\/\/www.eclatlab.com\/es\/wp-json\/wp\/v2\/categories?post=157"},{"taxonomy":"post_tag","embeddable":true,"href":"http:\/\/www.eclatlab.com\/es\/wp-json\/wp\/v2\/tags?post=157"}],"curies":[{"name":"wp","href":"https:\/\/api.w.org\/{rel}","templated":true}]}}