{"id":1197,"date":"2013-02-09T17:31:29","date_gmt":"2013-02-09T21:31:29","guid":{"rendered":"http:\/\/www.eclatlab.com\/?page_id=1197"},"modified":"2021-03-03T18:01:50","modified_gmt":"2021-03-03T22:01:50","slug":"ginkgo-biloba","status":"publish","type":"page","link":"http:\/\/www.eclatlab.com\/es\/productos\/ginkgo-biloba\/","title":{"rendered":"Ginkgo Biloba"},"content":{"rendered":"\n<p>El Ginkgo es la especie de \u00e1rbol m\u00e1s antigua que se conoce. Su extracto es obtenido de sus hojas, corteza y semillas principalmente.<\/p>\n\n\n\n<p>Se utiliza en toda clase de productos cosm\u00e9ticos y de perfumer\u00eda. Debido a que ayuda a la renovaci\u00f3n y regeneraci\u00f3n celular, se recomienda su uso en cremas humectantes, cremas y lociones antiedad, anticelul\u00edticas, jabones para piel seca, etc. <\/p>\n<div style=\"padding: 10px 0 \"  class=\"interactive_bottom\"><div class='button_holder_left'><iframe allowtransparency='true' frameborder='0' scrolling='no' src='\/\/platform.twitter.com\/widgets\/tweet_button.html?url=http%3A%2F%2Fwww.eclatlab.com%2Fes%2Fproductos%2Fginkgo-biloba%2F&amp;text=Ginkgo Biloba&amp;count=vertical&amp;lang=' style='width:55px; height:65px;' ><\/iframe><\/div><div class='button_holder_left'><iframe src='\/\/www.facebook.com\/plugins\/like.php?href=http%3A%2F%2Fwww.eclatlab.com%2Fes%2Fproductos%2Fginkgo-biloba%2F&amp;layout=standard&amp;show_faces=false&amp;width=55&amp;action=like&amp;font=arial&amp;colorscheme=light&amp;height=31' scrolling='no' frameborder='0' style='border:none; overflow:hidden; width:55px; height:31px;' allowTransparency='true'><\/iframe><\/div><\/div>","protected":false},"excerpt":{"rendered":"<p>El Ginkgo es la especie de \u00e1rbol m\u00e1s antigua que<a href=\"http:\/\/www.eclatlab.com\/es\/productos\/ginkgo-biloba\/\" class=\"read-more\">Continue Reading<\/a><\/p>\n","protected":false},"author":1,"featured_media":0,"parent":77,"menu_order":0,"comment_status":"closed","ping_status":"closed","template":"single_product_template.php","meta":{"ngg_post_thumbnail":0},"categories":[5],"tags":[249,246,223,687,224,653,647,652,649,250,648],"_links":{"self":[{"href":"http:\/\/www.eclatlab.com\/es\/wp-json\/wp\/v2\/pages\/1197"}],"collection":[{"href":"http:\/\/www.eclatlab.com\/es\/wp-json\/wp\/v2\/pages"}],"about":[{"href":"http:\/\/www.eclatlab.com\/es\/wp-json\/wp\/v2\/types\/page"}],"author":[{"embeddable":true,"href":"http:\/\/www.eclatlab.com\/es\/wp-json\/wp\/v2\/users\/1"}],"replies":[{"embeddable":true,"href":"http:\/\/www.eclatlab.com\/es\/wp-json\/wp\/v2\/comments?post=1197"}],"version-history":[{"count":0,"href":"http:\/\/www.eclatlab.com\/es\/wp-json\/wp\/v2\/pages\/1197\/revisions"}],"up":[{"embeddable":true,"href":"http:\/\/www.eclatlab.com\/es\/wp-json\/wp\/v2\/pages\/77"}],"wp:attachment":[{"href":"http:\/\/www.eclatlab.com\/es\/wp-json\/wp\/v2\/media?parent=1197"}],"wp:term":[{"taxonomy":"category","embeddable":true,"href":"http:\/\/www.eclatlab.com\/es\/wp-json\/wp\/v2\/categories?post=1197"},{"taxonomy":"post_tag","embeddable":true,"href":"http:\/\/www.eclatlab.com\/es\/wp-json\/wp\/v2\/tags?post=1197"}],"curies":[{"name":"wp","href":"https:\/\/api.w.org\/{rel}","templated":true}]}}