{"id":118,"date":"2012-08-25T22:01:57","date_gmt":"2012-08-26T02:01:57","guid":{"rendered":"http:\/\/www.eclatlab.com\/?page_id=118"},"modified":"2020-01-09T17:02:15","modified_gmt":"2020-01-09T21:02:15","slug":"productos-destacados","status":"publish","type":"page","link":"http:\/\/www.eclatlab.com\/es\/productos-destacados\/","title":{"rendered":"Productos Destacados"},"content":{"rendered":"<p>Nuestra amplia experiencia y conocimiento en el desarrollo de extractos de origen natural nos ha permitido desarrollar productos que cuentan con una reconocida calidad dentro de la industria, que adem\u00e1s de cumplir con los requerimientos de calidad establecidos, demuestran una efectividad farmacol\u00f3gica superior, marcando as\u00ed, productos con una gran demanda dentro de la industria cosm\u00e9tica.<\/p>\n<div style=\"padding: 10px 0 \"  class=\"interactive_bottom\"><div class='button_holder_left'><iframe allowtransparency='true' frameborder='0' scrolling='no' src='\/\/platform.twitter.com\/widgets\/tweet_button.html?url=http%3A%2F%2Fwww.eclatlab.com%2Fes%2Fproductos-destacados%2F&amp;text=Productos Destacados&amp;count=vertical&amp;lang=' style='width:55px; height:65px;' ><\/iframe><\/div><div class='button_holder_left'><iframe src='\/\/www.facebook.com\/plugins\/like.php?href=http%3A%2F%2Fwww.eclatlab.com%2Fes%2Fproductos-destacados%2F&amp;layout=standard&amp;show_faces=false&amp;width=55&amp;action=like&amp;font=arial&amp;colorscheme=light&amp;height=31' scrolling='no' frameborder='0' style='border:none; overflow:hidden; width:55px; height:31px;' allowTransparency='true'><\/iframe><\/div><\/div>","protected":false},"excerpt":{"rendered":"<p>Nuestra amplia experiencia y conocimiento en el desarrollo de extractos<a href=\"http:\/\/www.eclatlab.com\/es\/productos-destacados\/\" class=\"read-more\">Continue Reading<\/a><\/p>\n","protected":false},"author":1,"featured_media":0,"parent":0,"menu_order":4,"comment_status":"closed","ping_status":"closed","template":"products_template.php","meta":{"ngg_post_thumbnail":0},"categories":[],"tags":[373,308,260,372,369,306,249,223,226,216,296],"_links":{"self":[{"href":"http:\/\/www.eclatlab.com\/es\/wp-json\/wp\/v2\/pages\/118"}],"collection":[{"href":"http:\/\/www.eclatlab.com\/es\/wp-json\/wp\/v2\/pages"}],"about":[{"href":"http:\/\/www.eclatlab.com\/es\/wp-json\/wp\/v2\/types\/page"}],"author":[{"embeddable":true,"href":"http:\/\/www.eclatlab.com\/es\/wp-json\/wp\/v2\/users\/1"}],"replies":[{"embeddable":true,"href":"http:\/\/www.eclatlab.com\/es\/wp-json\/wp\/v2\/comments?post=118"}],"version-history":[{"count":0,"href":"http:\/\/www.eclatlab.com\/es\/wp-json\/wp\/v2\/pages\/118\/revisions"}],"wp:attachment":[{"href":"http:\/\/www.eclatlab.com\/es\/wp-json\/wp\/v2\/media?parent=118"}],"wp:term":[{"taxonomy":"category","embeddable":true,"href":"http:\/\/www.eclatlab.com\/es\/wp-json\/wp\/v2\/categories?post=118"},{"taxonomy":"post_tag","embeddable":true,"href":"http:\/\/www.eclatlab.com\/es\/wp-json\/wp\/v2\/tags?post=118"}],"curies":[{"name":"wp","href":"https:\/\/api.w.org\/{rel}","templated":true}]}}