{"id":1057,"date":"2013-02-07T19:09:55","date_gmt":"2013-02-07T23:09:55","guid":{"rendered":"http:\/\/www.eclatlab.com\/?page_id=1057"},"modified":"2021-04-15T18:41:30","modified_gmt":"2021-04-15T22:41:30","slug":"bugambilia","status":"publish","type":"page","link":"http:\/\/www.eclatlab.com\/es\/productos\/bugambilia\/","title":{"rendered":"Bugambilia"},"content":{"rendered":"\n<p>En las flores de <strong>Bugambilia<\/strong> se han detectado flavonoides quercit\u00edn e iso-ramnet\u00edn, terpenos, dos sustancias de indol: diglucosil rutin\u00f3sidos de la betanidina e iso-betanidina, compuestos heteroc\u00edclicos de nitr\u00f3geno y bougainvilleinas. En las hojas, el az\u00facar raro p\u00ednitol y el benzenoide \u00e1cido gent\u00edsico.<\/p>\n\n\n\n<p>Los flavonoides combaten el envejecimiento prematuro, se consideran como antioxidantes; incluso ayudan a disminuir la coagulaci\u00f3n de la sangre favoreciendo la circulaci\u00f3n a nivel capilar y ofreciendo propiedades antiinflamatorias.<br><br>La  propiedad antiviral de la <strong>Bugambilia<\/strong> est\u00e1 dada por los diglucosil rutin\u00f3sidos de la betanidina e iso-betanidina, estas sustancias son estimulantes del m\u00fasculo liso y poseen propiedades antibi\u00f3ticas \u00fatiles para afecciones cut\u00e1neas ll\u00e1mese \u00abbarros y espinillas\u00bb.<\/p>\n\n\n\n<p><strong>Aplicaciones:<\/strong><br>El <strong>extracto natural de Bugambilia<\/strong> puede incorporarse en t\u00f3nicos para la limpieza de la piel; tratamientos, lociones y mascarillas para combatir barros y espinillas. \u00datil en cremas anti-edad o para prevenir el envejecimiento prematuro.<\/p>\n<div style=\"padding: 10px 0 \"  class=\"interactive_bottom\"><div class='button_holder_left'><iframe allowtransparency='true' frameborder='0' scrolling='no' src='\/\/platform.twitter.com\/widgets\/tweet_button.html?url=http%3A%2F%2Fwww.eclatlab.com%2Fes%2Fproductos%2Fbugambilia%2F&amp;text=Bugambilia&amp;count=vertical&amp;lang=' style='width:55px; height:65px;' ><\/iframe><\/div><div class='button_holder_left'><iframe src='\/\/www.facebook.com\/plugins\/like.php?href=http%3A%2F%2Fwww.eclatlab.com%2Fes%2Fproductos%2Fbugambilia%2F&amp;layout=standard&amp;show_faces=false&amp;width=55&amp;action=like&amp;font=arial&amp;colorscheme=light&amp;height=31' scrolling='no' frameborder='0' style='border:none; overflow:hidden; width:55px; height:31px;' allowTransparency='true'><\/iframe><\/div><\/div>","protected":false},"excerpt":{"rendered":"<p>En las flores de Bugambilia se han detectado flavonoides quercit\u00edn<a href=\"http:\/\/www.eclatlab.com\/es\/productos\/bugambilia\/\" class=\"read-more\">Continue Reading<\/a><\/p>\n","protected":false},"author":1,"featured_media":0,"parent":77,"menu_order":0,"comment_status":"closed","ping_status":"closed","template":"single_product_template.php","meta":{"ngg_post_thumbnail":0},"categories":[5],"tags":[308,324,372,516,523,249,223,322,325,355,216,296],"_links":{"self":[{"href":"http:\/\/www.eclatlab.com\/es\/wp-json\/wp\/v2\/pages\/1057"}],"collection":[{"href":"http:\/\/www.eclatlab.com\/es\/wp-json\/wp\/v2\/pages"}],"about":[{"href":"http:\/\/www.eclatlab.com\/es\/wp-json\/wp\/v2\/types\/page"}],"author":[{"embeddable":true,"href":"http:\/\/www.eclatlab.com\/es\/wp-json\/wp\/v2\/users\/1"}],"replies":[{"embeddable":true,"href":"http:\/\/www.eclatlab.com\/es\/wp-json\/wp\/v2\/comments?post=1057"}],"version-history":[{"count":0,"href":"http:\/\/www.eclatlab.com\/es\/wp-json\/wp\/v2\/pages\/1057\/revisions"}],"up":[{"embeddable":true,"href":"http:\/\/www.eclatlab.com\/es\/wp-json\/wp\/v2\/pages\/77"}],"wp:attachment":[{"href":"http:\/\/www.eclatlab.com\/es\/wp-json\/wp\/v2\/media?parent=1057"}],"wp:term":[{"taxonomy":"category","embeddable":true,"href":"http:\/\/www.eclatlab.com\/es\/wp-json\/wp\/v2\/categories?post=1057"},{"taxonomy":"post_tag","embeddable":true,"href":"http:\/\/www.eclatlab.com\/es\/wp-json\/wp\/v2\/tags?post=1057"}],"curies":[{"name":"wp","href":"https:\/\/api.w.org\/{rel}","templated":true}]}}