{"id":102,"date":"2012-08-25T21:37:54","date_gmt":"2012-08-26T01:37:54","guid":{"rendered":"http:\/\/www.eclatlab.com\/?page_id=102"},"modified":"2025-02-25T20:59:50","modified_gmt":"2025-02-26T00:59:50","slug":"contacto","status":"publish","type":"page","link":"http:\/\/www.eclatlab.com\/es\/contacto\/","title":{"rendered":"Contacto"},"content":{"rendered":"<div class=\"row\">\n<div id=\"eclat_contact_us_form\" class=\"col-md-6 col-xs-12 col-sm-12\">\n<div class=\"wpcf7 no-js\" id=\"wpcf7-f11-o1\" lang=\"en-US\" dir=\"ltr\">\n<div class=\"screen-reader-response\"><p role=\"status\" aria-live=\"polite\" aria-atomic=\"true\"><\/p> <ul><\/ul><\/div>\n<form action=\"\/es\/wp-json\/wp\/v2\/pages\/102#wpcf7-f11-o1\" method=\"post\" class=\"wpcf7-form init\" aria-label=\"Contact form\" novalidate=\"novalidate\" data-status=\"init\">\n<div style=\"display: none;\">\n<input type=\"hidden\" name=\"_wpcf7\" value=\"11\" \/>\n<input type=\"hidden\" name=\"_wpcf7_version\" value=\"5.7.3\" \/>\n<input type=\"hidden\" name=\"_wpcf7_locale\" value=\"en_US\" \/>\n<input type=\"hidden\" name=\"_wpcf7_unit_tag\" value=\"wpcf7-f11-o1\" \/>\n<input type=\"hidden\" name=\"_wpcf7_container_post\" value=\"0\" \/>\n<input type=\"hidden\" name=\"_wpcf7_posted_data_hash\" value=\"\" \/>\n<input type=\"hidden\" name=\"_wpcf7_recaptcha_response\" value=\"\" \/>\n<\/div>\n<p>Nombre: (requerido)\n<\/p>\n<p><span class=\"wpcf7-form-control-wrap\" data-name=\"your-name\"><input size=\"40\" class=\"wpcf7-form-control wpcf7-text wpcf7-validates-as-required\" aria-required=\"true\" aria-invalid=\"false\" value=\"\" type=\"text\" name=\"your-name\" \/><\/span>\n<\/p>\n<p>Email: (requerido)\n<\/p>\n<p><span class=\"wpcf7-form-control-wrap\" data-name=\"your-email\"><input size=\"40\" class=\"wpcf7-form-control wpcf7-text wpcf7-email wpcf7-validates-as-required wpcf7-validates-as-email\" aria-required=\"true\" aria-invalid=\"false\" value=\"\" type=\"email\" name=\"your-email\" \/><\/span>\n<\/p>\n<p> Tel\u00e9fono de Contacto: (requerido)<br \/>\n<span class=\"wpcf7-form-control-wrap\" data-name=\"Telefono\"><input size=\"40\" class=\"wpcf7-form-control wpcf7-text wpcf7-validates-as-required\" id=\"telefono\" aria-required=\"true\" aria-invalid=\"false\" value=\"\" type=\"text\" name=\"Telefono\" \/><\/span>\n<\/p>\n<p>Empresa: (requerido)<br \/>\n<span class=\"wpcf7-form-control-wrap\" data-name=\"Empresa\"><input size=\"40\" class=\"wpcf7-form-control wpcf7-text wpcf7-validates-as-required\" id=\"empresa\" aria-required=\"true\" aria-invalid=\"false\" value=\"\" type=\"text\" name=\"Empresa\" \/><\/span>\n<\/p>\n<p> Direcci\u00f3n:<br \/>\n<span class=\"wpcf7-form-control-wrap\" data-name=\"Direccion\"><input size=\"40\" class=\"wpcf7-form-control wpcf7-text\" id=\"direccion\" aria-invalid=\"false\" value=\"\" type=\"text\" name=\"Direccion\" \/><\/span>\n<\/p>\n<p> Ciudad:<br \/>\n<span class=\"wpcf7-form-control-wrap\" data-name=\"Ciudad\"><input size=\"40\" class=\"wpcf7-form-control wpcf7-text\" id=\"ciudad\" aria-invalid=\"false\" value=\"\" type=\"text\" name=\"Ciudad\" \/><\/span>\n<\/p>\n<p> Estado:<br \/>\n<span class=\"wpcf7-form-control-wrap\" data-name=\"Estado\"><input size=\"40\" class=\"wpcf7-form-control wpcf7-text\" id=\"estado\" aria-invalid=\"false\" value=\"\" type=\"text\" name=\"Estado\" \/><\/span>\n<\/p>\n<p> Pa\u00eds:<br \/>\n<span class=\"wpcf7-form-control-wrap\" data-name=\"Pais\"><input size=\"40\" class=\"wpcf7-form-control wpcf7-text\" id=\"pais\" aria-invalid=\"false\" value=\"\" type=\"text\" name=\"Pais\" \/><\/span>\n<\/p>\n<p>Tema:\n<\/p>\n<p><span class=\"wpcf7-form-control-wrap\" data-name=\"your-subject\"><input size=\"40\" class=\"wpcf7-form-control wpcf7-text\" aria-invalid=\"false\" value=\"\" type=\"text\" name=\"your-subject\" \/><\/span>\n<\/p>\n<p>Mensaje:\n<\/p>\n<p><span class=\"wpcf7-form-control-wrap\" data-name=\"your-message\"><textarea cols=\"40\" rows=\"10\" class=\"wpcf7-form-control wpcf7-textarea\" aria-invalid=\"false\" name=\"your-message\"><\/textarea><\/span>\n<\/p>\n<p><input class=\"wpcf7-form-control has-spinner wpcf7-submit\" type=\"submit\" value=\"Enviar\" \/>\n<\/p><div class=\"wpcf7-response-output\" aria-hidden=\"true\"><\/div>\n<\/form>\n<\/div>\n<\/div>\n<div id=\"eclat_contact_us\" class=\"col-md-6 col-xs-12 col-sm-12\">\n<div id=\"eclat_news_menu_title\">\n<h2><strong>Direcci\u00f3n<\/strong><\/h2>\n<\/div>\n<p>Laboratorio \u00c9clat<br \/>\n&#8211; Ciudad de M\u00e9xico<br \/>\n&#8211; Hidalgo, M\u00e9xico<\/p>\n<p>&nbsp;<\/p>\n<div id=\"eclat_news_menu_title\">\n<h2><strong><span class=\"tlid-translation translation\" lang=\"en\"><span class=\"\" title=\"\">Cont\u00e1ctenos<\/span><\/span><\/strong><\/h2>\n<\/div>\n<p>&nbsp;<br \/>\n<a href=\"https:\/\/wa.me\/5215580808830\" target=\"_blank\" rel=\"noopener noreferrer\"><img decoding=\"async\" loading=\"lazy\" class=\"alignleft wp-image-5476\" src=\"http:\/\/www.eclatlab.com\/wp-content\/uploads\/2025\/02\/whatsapp.png\" alt=\"Contact us on whatsapp\" width=\"40\" height=\"40\"><\/a> <a href=\"https:\/\/wa.me\/5215580808830\"><b>Whatsapp:<\/b> +52 1 55 8080 8830<\/a><br \/>\n&nbsp;<br \/>\n<a href=\"mailto:labeclat@mexis.com\" target=\"_blank\" rel=\"noopener noreferrer\"><img decoding=\"async\" loading=\"lazy\" class=\"alignleft wp-image-5481\" src=\"http:\/\/www.eclatlab.com\/wp-content\/uploads\/2025\/02\/email.png\" alt=\"Contact us via email\" width=\"40\" height=\"40\"><\/a> <a href=\"mailto: labeclat@mexis.com\"><b>E-mail:<\/b> labeclat@mexis.com<\/a><br \/>\n&nbsp;<\/p>\n<div id=\"eclat_news_menu_title\">\n<h2><strong><span class=\"tlid-translation translation\" lang=\"en\"><span class=\"\" title=\"\">S\u00edganos<\/span><\/span><\/strong><\/h2>\n<\/div>\n<p>&nbsp;<br \/>\n<a href=\"https:\/\/www.facebook.com\/Eclat.Laboratory\/\" target=\"_blank\" rel=\"noopener noreferrer\"><img decoding=\"async\" loading=\"lazy\" class=\"alignleft wp-image-5460\" src=\"http:\/\/www.eclatlab.com\/wp-content\/uploads\/2025\/02\/facebook.png\" alt=\"Follow us on Facebook\" width=\"40\" height=\"40\"><\/a> <a href=\"https:\/\/www.facebook.com\/Eclat.Laboratory\/\">Facebook<\/a><br \/>\n&nbsp;<br \/>\n<a href=\"https:\/\/www.instagram.com\/labeclatnat\/\" target=\"_blank\" rel=\"noopener noreferrer\"><img decoding=\"async\" loading=\"lazy\" class=\"alignleft wp-image-5464\" src=\"http:\/\/www.eclatlab.com\/wp-content\/uploads\/2025\/02\/instagram.png\" alt=\"Follow us on Facebook\" width=\"40\" height=\"40\"><\/a> <a href=\"https:\/\/www.facebook.com\/Eclat.Laboratory\/\">Instagram<\/a><br \/>\n&nbsp;<br \/>\n<a href=\"https:\/\/x.com\/eclatlabs\" target=\"_blank\" rel=\"noopener noreferrer\"><img decoding=\"async\" loading=\"lazy\" class=\"alignleft wp-image-5472\" src=\"http:\/\/www.eclatlab.com\/wp-content\/uploads\/2025\/02\/twitter-x.png\" alt=\"Follow us on Facebook\" width=\"40\" height=\"40\"><\/a> <a href=\"https:\/\/x.com\/eclatlabs\/\">X &#8211; Twitter<\/a><br \/>\n&nbsp;<br \/>\n<a href=\"https:\/\/www.linkedin.com\/company\/laboratorio-%C3%A9clat\" target=\"_blank\" rel=\"noopener noreferrer\"><img decoding=\"async\" loading=\"lazy\" class=\"alignleft wp-image-5472\" src=\"http:\/\/www.eclatlab.com\/wp-content\/uploads\/2025\/02\/linkedin.png\" alt=\"Follow us on Linkedin\" width=\"40\" height=\"40\"><\/a> <a href=\"https:\/\/www.linkedin.com\/company\/laboratorio-%C3%A9clat\">Linkedin<\/a><\/p>\n<\/div>\n<\/div>\n<div style=\"padding: 10px 0 \"  class=\"interactive_bottom\"><div class='button_holder_left'><iframe allowtransparency='true' frameborder='0' scrolling='no' src='\/\/platform.twitter.com\/widgets\/tweet_button.html?url=http%3A%2F%2Fwww.eclatlab.com%2Fes%2Fcontacto%2F&amp;text=Contacto&amp;count=vertical&amp;lang=' style='width:55px; height:65px;' ><\/iframe><\/div><div class='button_holder_left'><iframe src='\/\/www.facebook.com\/plugins\/like.php?href=http%3A%2F%2Fwww.eclatlab.com%2Fes%2Fcontacto%2F&amp;layout=standard&amp;show_faces=false&amp;width=55&amp;action=like&amp;font=arial&amp;colorscheme=light&amp;height=31' scrolling='no' frameborder='0' style='border:none; overflow:hidden; width:55px; height:31px;' allowTransparency='true'><\/iframe><\/div><\/div>","protected":false},"excerpt":{"rendered":"<p>Direcci\u00f3n Laboratorio \u00c9clat &#8211; Ciudad de M\u00e9xico &#8211; Hidalgo, M\u00e9xico<a href=\"http:\/\/www.eclatlab.com\/es\/contacto\/\" class=\"read-more\">Continue Reading<\/a><\/p>\n","protected":false},"author":1,"featured_media":0,"parent":0,"menu_order":9,"comment_status":"open","ping_status":"closed","template":"industries_template.php","meta":{"ngg_post_thumbnail":0},"_links":{"self":[{"href":"http:\/\/www.eclatlab.com\/es\/wp-json\/wp\/v2\/pages\/102"}],"collection":[{"href":"http:\/\/www.eclatlab.com\/es\/wp-json\/wp\/v2\/pages"}],"about":[{"href":"http:\/\/www.eclatlab.com\/es\/wp-json\/wp\/v2\/types\/page"}],"author":[{"embeddable":true,"href":"http:\/\/www.eclatlab.com\/es\/wp-json\/wp\/v2\/users\/1"}],"replies":[{"embeddable":true,"href":"http:\/\/www.eclatlab.com\/es\/wp-json\/wp\/v2\/comments?post=102"}],"version-history":[{"count":0,"href":"http:\/\/www.eclatlab.com\/es\/wp-json\/wp\/v2\/pages\/102\/revisions"}],"wp:attachment":[{"href":"http:\/\/www.eclatlab.com\/es\/wp-json\/wp\/v2\/media?parent=102"}],"curies":[{"name":"wp","href":"https:\/\/api.w.org\/{rel}","templated":true}]}}