{"id":100,"date":"2012-08-25T21:37:29","date_gmt":"2012-08-26T01:37:29","guid":{"rendered":"http:\/\/www.eclatlab.com\/?page_id=100"},"modified":"2021-03-01T19:27:07","modified_gmt":"2021-03-01T23:27:07","slug":"noticias","status":"publish","type":"page","link":"http:\/\/www.eclatlab.com\/es\/noticias\/","title":{"rendered":"Noticias"},"content":{"rendered":"\n<h2><span style=\"color: #008000;\"><strong><strong>Laboratorio \u00c9clat obtiene su registro ante la FDA.<\/strong> <\/strong><\/span><\/h2>\n<br>\n\n\n\n<p><\/p>\n\n\n\n<h3><strong><strong><em>\u00a1Laboratorio \u00c9clat ya puede exportar a todos los territorios regulados por la FDA!<\/em><\/strong><\/strong><\/h3>\n\n\n\n<div class=\"wp-block-image\"><figure class=\"alignright size-large is-resized\"><img decoding=\"async\" loading=\"lazy\" src=\"http:\/\/www.eclatlab.com\/wp-content\/uploads\/2021\/03\/Eclat-registro-FDA-02.jpg\" alt=\"\" class=\"wp-image-5297\" width=\"200\" height=\"143\" srcset=\"http:\/\/www.eclatlab.com\/wp-content\/uploads\/2021\/03\/Eclat-registro-FDA-02.jpg 580w, http:\/\/www.eclatlab.com\/wp-content\/uploads\/2021\/03\/Eclat-registro-FDA-02-300x215.jpg 300w, http:\/\/www.eclatlab.com\/wp-content\/uploads\/2021\/03\/Eclat-registro-FDA-02-150x108.jpg 150w\" sizes=\"(max-width: 200px) 100vw, 200px\" \/><\/figure><\/div>\n\n\n\n<p>Dando continuidad al proyecto de Internacionalizaci\u00f3n, Laboratorio \u00c9clat llev\u00f3 a cabo todo el proceso de registro ante la FDA. Una vez cumplidos todos los requisitos, hace unos d\u00edas se obtuvo la aprobaci\u00f3n y el registro.&nbsp; <\/p>\n\n\n\n<p>La FDA es la agencia del Gobierno de Estados Unidos que es responsable de regular los alimentos, bebidas y suplementos, cosm\u00e9ticos, dispositivos m\u00e9dicos, dispositivos que emiten radiaci\u00f3n, medicamentos, productos veterinarios, tabaco y vacunas. FDA es el acr\u00f3nimo de <em>Food and Drug Administration,<\/em><strong><em> <\/em><\/strong>que en espa\u00f1ol es la Administraci\u00f3n de Alimentos y Medicamentos.<\/p>\n\n\n\n<p>Las responsabilidades de la FDA abarcan los 50 estados de Estados Unidos, el Distrito de Columbia, Puerto Rico, Guama, las Islas V\u00edrgenes, Samoa Americana y otros territorios y posesiones menores.<\/p>\n\n\n\n<p>Una vez registrado ante la FDA, los productos de Laboratorio \u00c9clat se pueden exportar a Estados Unidos, siempre y cuando se cumpla con los requisitos de inocuidad, etiquetado y requisitos de comercio exterior.&nbsp;Si desea m\u00e1s informaci\u00f3n sobre Laboratorio \u00c9clat, sus productos o la respuesta a cualquier otra pregunta, est\u00e1n disponibles estas dos v\u00edas de contacto: v\u00eda whatsapp al n\u00famero: <a rel=\"noreferrer noopener\" href=\"https:\/\/wa.me\/5215580808830\" target=\"_blank\">+52 1 55 8080 8830<\/a> o escribiendo directamente a: <a rel=\"noreferrer noopener\" href=\"mailto:labeclat@mexis.com\" target=\"_blank\">labeclat@mexis.com<\/a> .<\/p>\n\n\n\n<figure class=\"wp-block-image size-large is-resized\"><img decoding=\"async\" loading=\"lazy\" src=\"http:\/\/www.eclatlab.com\/wp-content\/uploads\/2021\/03\/Eclat-registro-FDA-01.jpg\" alt=\"\" class=\"wp-image-5298\" width=\"546\" height=\"307\" srcset=\"http:\/\/www.eclatlab.com\/wp-content\/uploads\/2021\/03\/Eclat-registro-FDA-01.jpg 580w, http:\/\/www.eclatlab.com\/wp-content\/uploads\/2021\/03\/Eclat-registro-FDA-01-300x169.jpg 300w, http:\/\/www.eclatlab.com\/wp-content\/uploads\/2021\/03\/Eclat-registro-FDA-01-150x84.jpg 150w\" sizes=\"(max-width: 546px) 100vw, 546px\" \/><figcaption><em>Laboratorio \u00c9clat obtiene registro ante la FDA.<\/em><\/figcaption><\/figure>\n<div style=\"padding: 10px 0 \"  class=\"interactive_bottom\"><div class='button_holder_left'><iframe allowtransparency='true' frameborder='0' scrolling='no' src='\/\/platform.twitter.com\/widgets\/tweet_button.html?url=http%3A%2F%2Fwww.eclatlab.com%2Fes%2Fnoticias%2F&amp;text=Noticias&amp;count=vertical&amp;lang=' style='width:55px; height:65px;' ><\/iframe><\/div><div class='button_holder_left'><iframe src='\/\/www.facebook.com\/plugins\/like.php?href=http%3A%2F%2Fwww.eclatlab.com%2Fes%2Fnoticias%2F&amp;layout=standard&amp;show_faces=false&amp;width=55&amp;action=like&amp;font=arial&amp;colorscheme=light&amp;height=31' scrolling='no' frameborder='0' style='border:none; overflow:hidden; width:55px; height:31px;' allowTransparency='true'><\/iframe><\/div><\/div>","protected":false},"excerpt":{"rendered":"<p>Laboratorio \u00c9clat obtiene su registro ante la FDA. \u00a1Laboratorio \u00c9clat<a href=\"http:\/\/www.eclatlab.com\/es\/noticias\/\" class=\"read-more\">Continue Reading<\/a><\/p>\n","protected":false},"author":1,"featured_media":0,"parent":0,"menu_order":8,"comment_status":"closed","ping_status":"closed","template":"industries_template.php","meta":{"ngg_post_thumbnail":0},"categories":[],"tags":[],"_links":{"self":[{"href":"http:\/\/www.eclatlab.com\/es\/wp-json\/wp\/v2\/pages\/100"}],"collection":[{"href":"http:\/\/www.eclatlab.com\/es\/wp-json\/wp\/v2\/pages"}],"about":[{"href":"http:\/\/www.eclatlab.com\/es\/wp-json\/wp\/v2\/types\/page"}],"author":[{"embeddable":true,"href":"http:\/\/www.eclatlab.com\/es\/wp-json\/wp\/v2\/users\/1"}],"replies":[{"embeddable":true,"href":"http:\/\/www.eclatlab.com\/es\/wp-json\/wp\/v2\/comments?post=100"}],"version-history":[{"count":1,"href":"http:\/\/www.eclatlab.com\/es\/wp-json\/wp\/v2\/pages\/100\/revisions"}],"predecessor-version":[{"id":5316,"href":"http:\/\/www.eclatlab.com\/es\/wp-json\/wp\/v2\/pages\/100\/revisions\/5316"}],"wp:attachment":[{"href":"http:\/\/www.eclatlab.com\/es\/wp-json\/wp\/v2\/media?parent=100"}],"wp:term":[{"taxonomy":"category","embeddable":true,"href":"http:\/\/www.eclatlab.com\/es\/wp-json\/wp\/v2\/categories?post=100"},{"taxonomy":"post_tag","embeddable":true,"href":"http:\/\/www.eclatlab.com\/es\/wp-json\/wp\/v2\/tags?post=100"}],"curies":[{"name":"wp","href":"https:\/\/api.w.org\/{rel}","templated":true}]}}